{"id":5190,"date":"2016-10-26T13:41:37","date_gmt":"2016-10-26T13:41:37","guid":{"rendered":"https:\/\/www.litchema.lt\/about-us\/"},"modified":"2025-08-03T06:46:49","modified_gmt":"2025-08-03T06:46:49","slug":"o-nas","status":"publish","type":"page","link":"https:\/\/www.litchema.lt\/cs\/o-nas\/","title":{"rendered":"O n\u00e1s"},"content":{"rendered":"<p>[vc_row content_width=&#8220;grid&#8220; css=&#8220;.vc_custom_1680683479461{padding-top: 89px !important;padding-bottom: 30px !important;}&#8220;][vc_column offset=&#8220;vc_col-lg-6&#8243;][vc_column_text]<\/p>\n<h2>Velkoobchodn\u00edci s plasty<\/h2>\n<p>[\/vc_column_text]<div class=\"mkd-separator-holder clearfix  mkd-separator-left\">\n\t<div class=\"mkd-separator\" style=\"border-color: #fdc94b;width: 40px;border-bottom-width: 2px;margin-top: 22px;margin-bottom: 22px\"><\/div>\n<\/div>\n\n<div class=\"mkd-custom-font-holder\" style=\"font-family: lato;font-size: 19px;line-height: 31px;font-weight: 400;color: #747474\" data-font-size= 19 data-line-height= 31>\n\tCompetitive Prices: Litchema.lt offers affordable pricing on all their high-quality plastic products.<\/div>[vc_empty_space height=&#8220;13px&#8220;][vc_column_text]Litevsk\u00e1 kapit\u00e1lov\u00e1 spole\u010dnost &#8222;Litchema&#8220; JSC, zalo\u017een\u00e1 jako glob\u00e1ln\u011b orientovan\u00e1 obchodn\u00ed spole\u010dnost s plastov\u00fdmi v\u00fdrobky, se specializuje na velkoobchodn\u00ed prodej prvot\u0159\u00eddn\u00edch prysky\u0159ic, prysky\u0159ic ni\u017e\u0161\u00ed kvality, recyklovan\u00fdch pelet, aglomer\u00e1t\u016f a dal\u0161\u00edch forem plast\u016f. Portfolio na\u0161ich produkt\u016f zahrnuje polyethylen (HDPE, MDPE, LDPE, LLDPE), polypropylen (homopolymer, kopolymer, n\u00e1hodn\u00fd kopolymer), polystyren (HIPS, GPPS) a PVC.[\/vc_column_text][vc_empty_space height=&#8220;28px&#8220;][vc_empty_space height=&#8220;30px&#8220;][\/vc_column][vc_column offset=&#8220;vc_col-lg-6&#8243;][vc_empty_space height=&#8220;22px&#8220;][vc_single_image image=&#8220;3637&#8243; img_size=&#8220;full&#8220;][vc_empty_space height=&#8220;30px&#8220;][\/vc_column][\/vc_row][vc_row content_width=&#8220;grid&#8220; content_aligment=&#8220;center&#8220; css=&#8220;.vc_custom_1688707939806{padding-top: 114px !important;padding-bottom: 120px !important;background-image: url(https:\/\/www.litchema.lt\/wp-content\/uploads\/2023\/05\/ABOUT-US-VIRSUSbl-ack.jpg?id=3672) !important;background-position: center !important;background-repeat: no-repeat !important;background-size: cover !important;}&#8220; el_class=&#8220;processersitb&#8220;][vc_column]<div  class=\"mkd-process-holder columns-4\"><div class=\"mkd-process-holder-inner\">\n<div class=\"mkd-process-item mkd-icon-or-number\">\n\n\n            <div class=\"mkd-process-item-icon-holder-wrapper\">\n            <div class=\"mkd-process-item-icon-holder-wrapper-inner\">\n                <div class=\"mkd-process-item-icon-holder\">\n            <span class=\"mkd-process-item-background-holder\">\n\n                    <span class=\"mkd-process-item-numeration\"><\/span>\n                <span class=\"mkd-process-item-background\">\n                    <span style=\"background-image:url(https:\/\/www.litchema.lt\/wp-content\/uploads\/2023\/07\/topic_trade-analysis.jpg)\"><\/span>\n                <\/span>\n            <\/span>\n                <\/div>\n            <\/div>\n        <\/div><!-- .mkd-process-item-icon-holder-wrapper -->\n    \n\n    <div class=\"mkd-process-item-content-holder\">\n        <div class=\"mkd-process-item-title-holder\">\n            <h5>\n            OBCHOD        <\/h5>\n    <\/div>\n    <div class=\"mkd-process-item-text-holder\">\n        <p>LITCHEMA is not a simple trader, but LOGISTICS AND FINANCE PARTNER, which indicates CUSTOMERS needs, after provides just in time delivery and finance service.<\/p>\n    <\/div>\n<\/div><!-- .mkd-process-item-content-holder -->\n\n<\/div><!-- .mkd-process-item -->\n<div class=\"mkd-process-item mkd-icon-or-number\">\n\n\n            <div class=\"mkd-process-item-icon-holder-wrapper\">\n            <div class=\"mkd-process-item-icon-holder-wrapper-inner\">\n                <div class=\"mkd-process-item-icon-holder\">\n            <span class=\"mkd-process-item-background-holder\">\n\n                    <span class=\"mkd-process-item-numeration\"><\/span>\n                <span class=\"mkd-process-item-background\">\n                    <span style=\"background-image:url(https:\/\/www.litchema.lt\/wp-content\/uploads\/2023\/07\/gstic-blog-marine-plastics-pollution-facts-figures.jpg)\"><\/span>\n                <\/span>\n            <\/span>\n                <\/div>\n            <\/div>\n        <\/div><!-- .mkd-process-item-icon-holder-wrapper -->\n    \n\n    <div class=\"mkd-process-item-content-holder\">\n        <div class=\"mkd-process-item-title-holder\">\n            <h5>\n            \u0158E\u0160EN\u00cd        <\/h5>\n    <\/div>\n    <div class=\"mkd-process-item-text-holder\">\n        <p>We have a knowledgeable team of professionals<\/p>\n    <\/div>\n<\/div><!-- .mkd-process-item-content-holder -->\n\n<\/div><!-- .mkd-process-item -->\n<div class=\"mkd-process-item mkd-icon-or-number\">\n\n\n            <div class=\"mkd-process-item-icon-holder-wrapper\">\n            <div class=\"mkd-process-item-icon-holder-wrapper-inner\">\n                <div class=\"mkd-process-item-icon-holder\">\n            <span class=\"mkd-process-item-background-holder\">\n\n                    <span class=\"mkd-process-item-numeration\"><\/span>\n                <span class=\"mkd-process-item-background\">\n                    <span style=\"background-image:url(https:\/\/www.litchema.lt\/wp-content\/uploads\/2023\/07\/Tinkama-2.jpg)\"><\/span>\n                <\/span>\n            <\/span>\n                <\/div>\n            <\/div>\n        <\/div><!-- .mkd-process-item-icon-holder-wrapper -->\n    \n\n    <div class=\"mkd-process-item-content-holder\">\n        <div class=\"mkd-process-item-title-holder\">\n            <h5>\n            KVALITA SLU\u017dEB        <\/h5>\n    <\/div>\n    <div class=\"mkd-process-item-text-holder\">\n        <p>Our priority: product and customer service quality.<\/p>\n    <\/div>\n<\/div><!-- .mkd-process-item-content-holder -->\n\n<\/div><!-- .mkd-process-item -->\n<div class=\"mkd-process-item mkd-icon-or-number\">\n\n\n            <div class=\"mkd-process-item-icon-holder-wrapper\">\n            <div class=\"mkd-process-item-icon-holder-wrapper-inner\">\n                <div class=\"mkd-process-item-icon-holder\">\n            <span class=\"mkd-process-item-background-holder\">\n\n                    <span class=\"mkd-process-item-numeration\"><\/span>\n                <span class=\"mkd-process-item-background\">\n                    <span style=\"background-image:url(https:\/\/www.litchema.lt\/wp-content\/uploads\/2023\/07\/Tinkamas-5.jpg)\"><\/span>\n                <\/span>\n            <\/span>\n                <\/div>\n            <\/div>\n        <\/div><!-- .mkd-process-item-icon-holder-wrapper -->\n    \n\n    <div class=\"mkd-process-item-content-holder\">\n        <div class=\"mkd-process-item-title-holder\">\n            <h5>\n            RYCHLOST        <\/h5>\n    <\/div>\n    <div class=\"mkd-process-item-text-holder\">\n        <p>We are focused on just in time logistic service<\/p>\n    <\/div>\n<\/div><!-- .mkd-process-item-content-holder -->\n\n<\/div><!-- .mkd-process-item --><\/div><\/div>[\/vc_column][\/vc_row][vc_row content_width=&#8220;grid&#8220; css=&#8220;.vc_custom_1680683464853{padding-top: 60px !important;padding-bottom: 25px !important;}&#8220;][vc_column offset=&#8220;vc_col-md-4&#8243;]<div class=\"mkd-iwt clearfix mkd-iwt-icon-left mkd-iwt-icon-small\">\n    <div class=\"mkd-iwt-icon-holder\">\n                    \n    <span class=\"mkd-icon-shortcode normal\"  data-hover-color=\"#9b9a9a\" data-color=\"#3f6aaf\">\n        \n            <i class=\"mkd-icon-simple-line-icon icon-layers mkd-icon-element\" style=\"color: #3f6aaf;font-size:34px\" ><\/i>\n                <\/span>\n\n                <\/div>\n    <div class=\"mkd-iwt-content-holder\" >\n        <div class=\"mkd-iwt-title-holder\">\n            <h5  class=\"mkd-iwt-title\">\n            Kvalitn\u00ed produkty        <\/h5>\n    <\/div>\n    <div class=\"mkd-iwt-text-holder\">\n        <p >Na\u0161e spole\u010dnost nab\u00edz\u00ed odoln\u00e9 a spolehliv\u00e9 plastov\u00e9 v\u00fdrobky, kter\u00e9 spl\u0148uj\u00ed pr\u016fmyslov\u00e9 standardy.<\/p>\n\n            <\/div>\n<\/div>\n<\/div>[vc_empty_space height=&#8220;30px&#8220;][\/vc_column][vc_column offset=&#8220;vc_col-md-4&#8243;]<div class=\"mkd-iwt clearfix mkd-iwt-icon-left mkd-iwt-icon-small\">\n    <div class=\"mkd-iwt-icon-holder\">\n                    \n    <span class=\"mkd-icon-shortcode normal\"  data-hover-color=\"#9b9a9a\" data-color=\"#3f6aaf\">\n        \n            <i class=\"mkd-icon-simple-line-icon icon-social-dropbox mkd-icon-element\" style=\"color: #3f6aaf;font-size:34px\" ><\/i>\n                <\/span>\n\n                <\/div>\n    <div class=\"mkd-iwt-content-holder\" >\n        <div class=\"mkd-iwt-title-holder\">\n            <h5  class=\"mkd-iwt-title\">\n            \u0160irok\u00fd rozsah        <\/h5>\n    <\/div>\n    <div class=\"mkd-iwt-text-holder\">\n        <p >Nab\u00edz\u00edme \u0161irok\u00fd v\u00fdb\u011br plastov\u00fdch v\u00fdrobk\u016f, v\u010detn\u011b nekvalitn\u00edch prysky\u0159ic, recyklovan\u00fdch pelet, aglomer\u00e1t\u016f a dal\u0161\u00edch forem plast\u016f.<\/p>\n\n            <\/div>\n<\/div>\n<\/div>[vc_empty_space height=&#8220;30px&#8220;][\/vc_column][vc_column offset=&#8220;vc_col-md-4&#8243;]<div class=\"mkd-iwt clearfix mkd-iwt-icon-left mkd-iwt-icon-small\">\n    <div class=\"mkd-iwt-icon-holder\">\n                    \n    <span class=\"mkd-icon-shortcode normal\"  data-hover-color=\"#9b9a9a\" data-color=\"#3f6aaf\">\n        \n            <i class=\"mkd-icon-simple-line-icon icon-grid mkd-icon-element\" style=\"color: #3f6aaf;font-size:34px\" ><\/i>\n                <\/span>\n\n                <\/div>\n    <div class=\"mkd-iwt-content-holder\" >\n        <div class=\"mkd-iwt-title-holder\">\n            <h5  class=\"mkd-iwt-title\">\n            P\u0159izp\u016fsobiteln\u00e9        <\/h5>\n    <\/div>\n    <div class=\"mkd-iwt-text-holder\">\n        <p >Dok\u00e1\u017ee vytv\u00e1\u0159et plastov\u00e9 v\u00fdrobky dle specifick\u00fdch po\u017eadavk\u016f z\u00e1kazn\u00edka.<\/p>\n\n            <\/div>\n<\/div>\n<\/div>[vc_empty_space height=&#8220;30px&#8220;][\/vc_column][\/vc_row][vc_row content_width=&#8220;grid&#8220; css=&#8220;.vc_custom_1477492491329{padding-top: 0px !important;padding-bottom: 51px !important;}&#8220;][vc_column offset=&#8220;vc_col-md-4&#8243;]<div class=\"mkd-iwt clearfix mkd-iwt-icon-left mkd-iwt-icon-small\">\n    <div class=\"mkd-iwt-icon-holder\">\n                    \n    <span class=\"mkd-icon-shortcode normal\"  data-hover-color=\"#9b9a9a\" data-color=\"#3f6aaf\">\n        \n            <i class=\"mkd-icon-simple-line-icon icon-wallet mkd-icon-element\" style=\"color: #3f6aaf;font-size:34px\" ><\/i>\n                <\/span>\n\n                <\/div>\n    <div class=\"mkd-iwt-content-holder\" >\n        <div class=\"mkd-iwt-title-holder\">\n            <h5  class=\"mkd-iwt-title\">\n            Konkurenceschopn\u00e9 ceny        <\/h5>\n    <\/div>\n    <div class=\"mkd-iwt-text-holder\">\n        <p >Nab\u00edz\u00edme p\u0159ijateln\u00e9 ceny na ve\u0161ker\u00e9 jejich vysoce kvalitn\u00ed plastov\u00e9 v\u00fdrobky.<\/p>\n\n            <\/div>\n<\/div>\n<\/div>[vc_empty_space height=&#8220;30px&#8220;][\/vc_column][vc_column offset=&#8220;vc_col-md-4&#8243;]<div class=\"mkd-iwt clearfix mkd-iwt-icon-left mkd-iwt-icon-small\">\n    <div class=\"mkd-iwt-icon-holder\">\n                    \n    <span class=\"mkd-icon-shortcode normal\"  data-hover-color=\"#9b9a9a\" data-color=\"#3f6aaf\">\n        \n            <i class=\"mkd-icon-simple-line-icon icon-refresh mkd-icon-element\" style=\"color: #3f6aaf;font-size:34px\" ><\/i>\n                <\/span>\n\n                <\/div>\n    <div class=\"mkd-iwt-content-holder\" >\n        <div class=\"mkd-iwt-title-holder\">\n            <h5  class=\"mkd-iwt-title\">\n            \u0160etrn\u00e9 k \u017eivotn\u00edmu prost\u0159ed\u00ed        <\/h5>\n    <\/div>\n    <div class=\"mkd-iwt-text-holder\">\n        <p >Pou\u017e\u00edv\u00e1n\u00ed ekologick\u00fdch materi\u00e1l\u016f, kdykoli je to mo\u017en\u00e9, minimalizuje dopad plast\u016f na \u017eivotn\u00ed prost\u0159ed\u00ed.<\/p>\n\n            <\/div>\n<\/div>\n<\/div>[vc_empty_space height=&#8220;30px&#8220;][\/vc_column][vc_column offset=&#8220;vc_col-md-4&#8243;]<div class=\"mkd-iwt clearfix mkd-iwt-icon-left mkd-iwt-icon-small\">\n    <div class=\"mkd-iwt-icon-holder\">\n                    \n    <span class=\"mkd-icon-shortcode normal\"  data-hover-color=\"#9b9a9a\" data-color=\"#3f6aaf\">\n        \n            <i class=\"mkd-icon-simple-line-icon icon-people mkd-icon-element\" style=\"color: #3f6aaf;font-size:34px\" ><\/i>\n                <\/span>\n\n                <\/div>\n    <div class=\"mkd-iwt-content-holder\" >\n        <div class=\"mkd-iwt-title-holder\">\n            <h5  class=\"mkd-iwt-title\">\n            Zku\u0161en\u00fd t\u00fdm        <\/h5>\n    <\/div>\n    <div class=\"mkd-iwt-text-holder\">\n        <p >M\u00e1me zku\u0161en\u00fd t\u00fdm profesion\u00e1l\u016f, kte\u0159\u00ed se v\u011bnuj\u00ed poskytov\u00e1n\u00ed \u0161pi\u010dkov\u00fdch slu\u017eeb z\u00e1kazn\u00edk\u016fm.<\/p>\n\n            <\/div>\n<\/div>\n<\/div>[vc_empty_space height=&#8220;30px&#8220;][\/vc_column][\/vc_row]<\/p>\n","protected":false},"excerpt":{"rendered":"<p>[vc_row content_width=&#8220;grid&#8220; css=&#8220;.vc_custom_1680683479461{padding-top: 89px !important;padding-bottom: 30px !important;}&#8220;][vc_column offset=&#8220;vc_col-lg-6&#8243;][vc_column_text] Velkoobchodn\u00edci s plasty [\/vc_column_text][vc_empty_space height=&#8220;13px&#8220;][vc_column_text]Litevsk\u00e1 kapit\u00e1lov\u00e1 spole\u010dnost &#8222;Litchema&#8220; JSC, zalo\u017een\u00e1 jako glob\u00e1ln\u011b orientovan\u00e1 obchodn\u00ed spole\u010dnost s plastov\u00fdmi v\u00fdrobky, se specializuje na velkoobchodn\u00ed prodej prvot\u0159\u00eddn\u00edch prysky\u0159ic, prysky\u0159ic ni\u017e\u0161\u00ed kvality, recyklovan\u00fdch pelet, aglomer\u00e1t\u016f a dal\u0161\u00edch forem plast\u016f. Portfolio na\u0161ich&#8230;<\/p>\n","protected":false},"author":1,"featured_media":0,"parent":0,"menu_order":0,"comment_status":"closed","ping_status":"closed","template":"full-width.php","meta":{"footnotes":""},"class_list":["post-5190","page","type-page","status-publish","hentry"],"_links":{"self":[{"href":"https:\/\/www.litchema.lt\/cs\/wp-json\/wp\/v2\/pages\/5190","targetHints":{"allow":["GET"]}}],"collection":[{"href":"https:\/\/www.litchema.lt\/cs\/wp-json\/wp\/v2\/pages"}],"about":[{"href":"https:\/\/www.litchema.lt\/cs\/wp-json\/wp\/v2\/types\/page"}],"author":[{"embeddable":true,"href":"https:\/\/www.litchema.lt\/cs\/wp-json\/wp\/v2\/users\/1"}],"replies":[{"embeddable":true,"href":"https:\/\/www.litchema.lt\/cs\/wp-json\/wp\/v2\/comments?post=5190"}],"version-history":[{"count":4,"href":"https:\/\/www.litchema.lt\/cs\/wp-json\/wp\/v2\/pages\/5190\/revisions"}],"predecessor-version":[{"id":5211,"href":"https:\/\/www.litchema.lt\/cs\/wp-json\/wp\/v2\/pages\/5190\/revisions\/5211"}],"wp:attachment":[{"href":"https:\/\/www.litchema.lt\/cs\/wp-json\/wp\/v2\/media?parent=5190"}],"curies":[{"name":"wp","href":"https:\/\/api.w.org\/{rel}","templated":true}]}}