{"id":5192,"date":"2016-10-27T14:16:38","date_gmt":"2016-10-27T14:16:38","guid":{"rendered":"https:\/\/www.litchema.lt\/contact-us\/"},"modified":"2025-08-03T06:48:26","modified_gmt":"2025-08-03T06:48:26","slug":"kontaktujte-nas","status":"publish","type":"page","link":"https:\/\/www.litchema.lt\/cs\/kontaktujte-nas\/","title":{"rendered":"Kontaktujte n\u00e1s"},"content":{"rendered":"<p>[vc_row content_width=&#8220;grid&#8220; el_class=&#8220;contactrowitb&#8220;][vc_column width=&#8220;1\/2&#8243;][vc_row_inner][vc_column_inner width=&#8220;1\/2&#8243;][vc_column_text]<\/p>\n<h3>Kontaktn\u00ed \u00fadaje<\/h3>\n<p><strong>Gener\u00e1ln\u00ed \u0159editel<\/strong><br \/>\nBernard Borisevi\u010dius<br \/>\nTel.: <a href=\"tel:+37065576076\">+37065576076<\/a><br \/>\ne-mail: <a href=\"mailto:bernardas@litchema.lt\">bernardas@litchema.lt<\/a><\/p>\n<p><strong>Gener\u00e1ln\u00ed \u0159editel<\/strong><br \/>\nMarius Mu\u0161auskas<br \/>\nTelefon: <a href=\"tel:+37061135500\">+37061135500<\/a><br \/>\ne-mail: <a href=\"mailto:marius@litchema.lt\">marius@litchema.lt<\/a><\/p>\n<p><strong>Mana\u017eerka dopravy\/logistiky<\/strong><br \/>\nInga Jank\u016bniene<br \/>\nTel.: <a href=\"tel:+37064055772\">+37064055772<\/a><br \/>\ne-mail: <a href=\"mailto:transport@litchema.lt\">transport@litchema.lt<\/a>[\/vc_column_text][\/vc_column_inner][vc_column_inner width=&#8220;1\/2&#8243;][vc_column_text]<\/p>\n<h3 class=\"mt0\">Adresa<\/h3>\n<p>JSC &#8222;Litchema&#8220;<br \/>\nSavanoriu pr. 166 LT-44149<br \/>\nKaunas, Litva<\/p>\n<h3>Informace<\/h3>\n<p>K\u00f3d spole\u010dnosti: 302559596<br \/>\nDPH: LT100005726513<br \/>\nCEO: Bernardas Borisevi\u010dius<br \/>\nAdresa: Savanori\u0173 pr. 166, LT-44149 Kaunas<\/p>\n<p>e-mail:\u00a0<a href=\"mailto:info@litchema.lt\">info@litchema.lt<\/a><br \/>\nFax.: +37037717666[\/vc_column_text][\/vc_column_inner][\/vc_row_inner][\/vc_column][vc_column width=&#8220;1\/2&#8243;][vc_empty_space height=&#8220;10px&#8220;][vc_single_image image=&#8220;3311&#8243; img_size=&#8220;full&#8220;][\/vc_column][\/vc_row][vc_row][vc_column][vc_raw_html]JTNDZGl2JTIwY2xhc3MlM0QlMjJnb29nbGUtbWFwcyUyMiUzRSUzQ2lmcmFtZSUyMHNyYyUzRCUyMmh0dHBzJTNBJTJGJTJGd3d3Lmdvb2dsZS5jb20lMkZtYXBzJTJGZW1iZWQlM0ZwYiUzRCUyMTFtMTglMjExbTEyJTIxMW0zJTIxMWQyMjkzLjc0ODc5MTU4NjQ0NCUyMTJkMjMuOTIzNzI1NjE2MDIxNjI0JTIxM2Q1NC45MDczMzEyNjQzNDQ2JTIxMm0zJTIxMWYwJTIxMmYwJTIxM2YwJTIxM20yJTIxMWkxMDI0JTIxMmk3NjglMjE0ZjEzLjElMjEzbTMlMjExbTIlMjExczB4NDZlNzE4OWIxMTY5YjQ2ZCUyNTNBMHhiMjM2OTY0MWQyODczOTc0JTIxMnNMaXRjaGVtYSUyMTVlMCUyMTNtMiUyMTFzZW4lMjEyc2x0JTIxNHYxNjgwNjg0MTgzMzU0JTIxNW0yJTIxMXNlbiUyMTJzbHQlMjIlMjB3aWR0aCUzRCUyMjYwMCUyMiUyMGhlaWdodCUzRCUyMjQ1MCUyMiUyMHN0eWxlJTNEJTIyYm9yZGVyJTNBMCUzQiUyMiUyMGFsbG93ZnVsbHNjcmVlbiUzRCUyMiUyMiUyMGxvYWRpbmclM0QlMjJsYXp5JTIyJTIwcmVmZXJyZXJwb2xpY3klM0QlMjJuby1yZWZlcnJlci13aGVuLWRvd25ncmFkZSUyMiUzRSUzQyUyRmlmcmFtZSUzRSUwQSUzQyUyRmRpdiUzRQ==[\/vc_raw_html][\/vc_column][\/vc_row]<\/p>\n","protected":false},"excerpt":{"rendered":"<p>[vc_row content_width=&#8220;grid&#8220; el_class=&#8220;contactrowitb&#8220;][vc_column width=&#8220;1\/2&#8243;][vc_row_inner][vc_column_inner width=&#8220;1\/2&#8243;][vc_column_text] Kontaktn\u00ed \u00fadaje Gener\u00e1ln\u00ed \u0159editel Bernard Borisevi\u010dius Tel.: +37065576076 e-mail: bernardas@litchema.lt Gener\u00e1ln\u00ed \u0159editel Marius Mu\u0161auskas Telefon: +37061135500 e-mail: marius@litchema.lt Mana\u017eerka dopravy\/logistiky Inga Jank\u016bniene Tel.: +37064055772 e-mail: transport@litchema.lt[\/vc_column_text][\/vc_column_inner][vc_column_inner width=&#8220;1\/2&#8243;][vc_column_text] Adresa JSC &#8222;Litchema&#8220; Savanoriu pr. 166 LT-44149 Kaunas, Litva Informace K\u00f3d spole\u010dnosti: 302559596&#8230;<\/p>\n","protected":false},"author":1,"featured_media":0,"parent":0,"menu_order":0,"comment_status":"closed","ping_status":"closed","template":"full-width.php","meta":{"footnotes":""},"class_list":["post-5192","page","type-page","status-publish","hentry"],"_links":{"self":[{"href":"https:\/\/www.litchema.lt\/cs\/wp-json\/wp\/v2\/pages\/5192","targetHints":{"allow":["GET"]}}],"collection":[{"href":"https:\/\/www.litchema.lt\/cs\/wp-json\/wp\/v2\/pages"}],"about":[{"href":"https:\/\/www.litchema.lt\/cs\/wp-json\/wp\/v2\/types\/page"}],"author":[{"embeddable":true,"href":"https:\/\/www.litchema.lt\/cs\/wp-json\/wp\/v2\/users\/1"}],"replies":[{"embeddable":true,"href":"https:\/\/www.litchema.lt\/cs\/wp-json\/wp\/v2\/comments?post=5192"}],"version-history":[{"count":3,"href":"https:\/\/www.litchema.lt\/cs\/wp-json\/wp\/v2\/pages\/5192\/revisions"}],"predecessor-version":[{"id":5214,"href":"https:\/\/www.litchema.lt\/cs\/wp-json\/wp\/v2\/pages\/5192\/revisions\/5214"}],"wp:attachment":[{"href":"https:\/\/www.litchema.lt\/cs\/wp-json\/wp\/v2\/media?parent=5192"}],"curies":[{"name":"wp","href":"https:\/\/api.w.org\/{rel}","templated":true}]}}