{"id":5194,"date":"2016-10-19T12:37:02","date_gmt":"2016-10-19T12:37:02","guid":{"rendered":"https:\/\/www.litchema.lt\/petroleum-home\/"},"modified":"2025-08-03T07:30:50","modified_gmt":"2025-08-03T07:30:50","slug":"petroleum-home","status":"publish","type":"page","link":"https:\/\/www.litchema.lt\/cs\/","title":{"rendered":"Litchema"},"content":{"rendered":"<p>[vc_row content_width=&#8220;grid&#8220; css=&#8220;.vc_custom_1478526386039{background-color: #f5f7f7 !important;background-position: center !important;background-repeat: no-repeat !important;background-size: cover !important;}&#8220;][vc_column css=&#8220;.vc_custom_1696494113444{margin-top: -29% !important;padding-top: 32px !important;padding-right: 32px !important;padding-bottom: 32px !important;padding-left: 32px !important;}&#8220; el_class=&#8220;homepagemovingonslider&#8220;][vc_row_inner el_class=&#8220;rowwith4&#8243;][vc_column_inner][vc_raw_html]JTNDZGl2JTIwY2xhc3MlM0QlMjJzbGlkZXItYnViYmxlcy13cmFwcGVyJTIyJTNFJTBBJTIwJTIwJTIwJTIwJTNDZGl2JTIwY2xhc3MlM0QlMjJzbGlkZXItYnViYmxlcy1pbiUyMiUzRSUwQSUyMCUyMCUyMCUyMCUyMCUyMCUyMCUyMCUzQ2ElMjBjbGFzcyUzRCUyMnNsaWRlYnViYmxlJTIyJTIwaHJlZiUzRCUyMiUyRmNzJTJGcHJvZHVrdHklMkZwZS1wb2x5ZXRoeWxlbmUlMkYlMjIlM0UlMEElMjAlMjAlMjAlMjAlMjAlMjAlMjAlMjAlMjAlMjAlMjAlMjAlM0NkaXYlMjBjbGFzcyUzRCUyMnNsaWRlYnViYmxlaW1hZ2V3cmFwcGVyJTIyJTNFJTBBJTIwJTIwJTIwJTIwJTIwJTIwJTIwJTIwJTIwJTIwJTIwJTIwJTIwJTIwJTIwJTIwJTNDaW1nJTIwc3JjJTNEJTIyJTJGd3AtY29udGVudCUyRnVwbG9hZHMlMkYyMDIzJTJGMTAlMkZQRS1QaXJtYXMuanBnJTIyJTIwdGl0bGUlM0QlMjJQRSUyMFBvbHlldGh5bGVuZSUyMiUzRSUwQSUyMCUyMCUyMCUyMCUyMCUyMCUyMCUyMCUyMCUyMCUyMCUyMCUzQyUyRmRpdiUzRSUwQSUyMCUyMCUyMCUyMCUyMCUyMCUyMCUyMCUyMCUyMCUyMCUyMCUzQ2RpdiUyMGNsYXNzJTNEJTIyc2xpZGVidWJibGV0ZXh0c3dyYXBwZXJpdGIlMjIlM0UlMEElMjAlMjAlMjAlMjAlMjAlMjAlMjAlMjAlMjAlMjAlMjAlMjAlMjAlMjAlMjAlMjAlM0NoMyUzRVBFJTIwUG9seWV0aHlsZW5lJTNDJTJGaDMlM0UlMEElMjAlMjAlMjAlMjAlMjAlMjAlMjAlMjAlMjAlMjAlMjAlMjAlM0MlMkZkaXYlM0UlMEElMjAlMjAlMjAlMjAlMjAlMjAlMjAlMjAlM0MlMkZhJTNFJTBBJTIwJTIwJTIwJTIwJTIwJTIwJTIwJTIwJTNDYSUyMGNsYXNzJTNEJTIyc2xpZGVidWJibGUlMjIlMjBocmVmJTNEJTIyJTJGY3MlMkZwcm9kdWt0eSUyRnBwLXBvbHlwcm9weWxlbmUlMkYlMjIlM0UlMEElMjAlMjAlMjAlMjAlMjAlMjAlMjAlMjAlMjAlMjAlMjAlMjAlM0NkaXYlMjBjbGFzcyUzRCUyMnNsaWRlYnViYmxlaW1hZ2V3cmFwcGVyJTIyJTNFJTBBJTIwJTIwJTIwJTIwJTIwJTIwJTIwJTIwJTIwJTIwJTIwJTIwJTIwJTIwJTIwJTIwJTNDaW1nJTIwc3JjJTNEJTIyJTJGd3AtY29udGVudCUyRnVwbG9hZHMlMkYyMDIzJTJGMTAlMkZQUC1QaXJtYXMuanBnJTIyJTIwdGl0bGUlM0QlMjJQUCUyMFBvbHlwcm9weWxlbmUlMjIlM0UlMEElMjAlMjAlMjAlMjAlMjAlMjAlMjAlMjAlMjAlMjAlMjAlMjAlM0MlMkZkaXYlM0UlMEElMjAlMjAlMjAlMjAlMjAlMjAlMjAlMjAlMjAlMjAlMjAlMjAlM0NkaXYlMjBjbGFzcyUzRCUyMnNsaWRlYnViYmxldGV4dHN3cmFwcGVyaXRiJTIyJTNFJTBBJTIwJTIwJTIwJTIwJTIwJTIwJTIwJTIwJTIwJTIwJTIwJTIwJTIwJTIwJTIwJTIwJTNDaDMlM0VQUCUyMFBvbHlwcm9weWxlbmUlM0MlMkZoMyUzRSUwQSUyMCUyMCUyMCUyMCUyMCUyMCUyMCUyMCUyMCUyMCUyMCUyMCUzQyUyRmRpdiUzRSUwQSUyMCUyMCUyMCUyMCUyMCUyMCUyMCUyMCUzQyUyRmElM0UlMEElMjAlMjAlMjAlMjAlMjAlMjAlMjAlMjAlM0NhJTIwY2xhc3MlM0QlMjJzbGlkZWJ1YmJsZSUyMiUyMGhyZWYlM0QlMjIlMkZjcyUyRnByb2R1a3R5JTJGcHMtcG9seXN0eXJlbmUlMkYlMjIlM0UlMEElMjAlMjAlMjAlMjAlMjAlMjAlMjAlMjAlMjAlMjAlMjAlMjAlM0NkaXYlMjBjbGFzcyUzRCUyMnNsaWRlYnViYmxlaW1hZ2V3cmFwcGVyJTIyJTNFJTBBJTIwJTIwJTIwJTIwJTIwJTIwJTIwJTIwJTIwJTIwJTIwJTIwJTIwJTIwJTIwJTIwJTNDaW1nJTIwc3JjJTNEJTIyJTJGd3AtY29udGVudCUyRnVwbG9hZHMlMkYyMDIzJTJGMTAlMkZQUy1QaXJtYXMuanBnJTIyJTIwdGl0bGUlM0QlMjJQUyUyMFBvbHlzdHlyZW5lJTIyJTNFJTBBJTIwJTIwJTIwJTIwJTIwJTIwJTIwJTIwJTIwJTIwJTIwJTIwJTNDJTJGZGl2JTNFJTBBJTIwJTIwJTIwJTIwJTIwJTIwJTIwJTIwJTIwJTIwJTIwJTIwJTNDZGl2JTIwY2xhc3MlM0QlMjJzbGlkZWJ1YmJsZXRleHRzd3JhcHBlcml0YiUyMiUzRSUwQSUyMCUyMCUyMCUyMCUyMCUyMCUyMCUyMCUyMCUyMCUyMCUyMCUyMCUyMCUyMCUyMCUzQ2gzJTNFUFMlMjBQb2x5c3R5cmVuZSUzQyUyRmgzJTNFJTBBJTIwJTIwJTIwJTIwJTIwJTIwJTIwJTIwJTIwJTIwJTIwJTIwJTNDJTJGZGl2JTNFJTBBJTIwJTIwJTIwJTIwJTIwJTIwJTIwJTIwJTNDJTJGYSUzRSUwQSUyMCUyMCUyMCUyMCUyMCUyMCUyMCUyMCUzQ2ElMjBjbGFzcyUzRCUyMnNsaWRlYnViYmxlJTIyJTIwaHJlZiUzRCUyMiUyRmNzJTJGcHJvZHVrdHklMkZwdmMtcG9seXZpbnlsLWNobG9yaWRlJTJGJTIyJTNFJTBBJTIwJTIwJTIwJTIwJTIwJTIwJTIwJTIwJTIwJTIwJTIwJTIwJTNDZGl2JTIwY2xhc3MlM0QlMjJzbGlkZWJ1YmJsZWltYWdld3JhcHBlciUyMiUzRSUwQSUyMCUyMCUyMCUyMCUyMCUyMCUyMCUyMCUyMCUyMCUyMCUyMCUyMCUyMCUyMCUyMCUzQ2ltZyUyMHNyYyUzRCUyMiUyRndwLWNvbnRlbnQlMkZ1cGxvYWRzJTJGMjAyMyUyRjEwJTJGUFZDLXBpcm1hcy5qcGclMjIlMjB0aXRsZSUzRCUyMlBWQyUyMFBvbHl2aW55bCUyMENobG9yaWRlJTIyJTNFJTBBJTIwJTIwJTIwJTIwJTIwJTIwJTIwJTIwJTIwJTIwJTIwJTIwJTNDJTJGZGl2JTNFJTBBJTIwJTIwJTIwJTIwJTIwJTIwJTIwJTIwJTIwJTIwJTIwJTIwJTNDZGl2JTIwY2xhc3MlM0QlMjJzbGlkZWJ1YmJsZXRleHRzd3JhcHBlcml0YiUyMiUzRSUwQSUyMCUyMCUyMCUyMCUyMCUyMCUyMCUyMCUyMCUyMCUyMCUyMCUyMCUyMCUyMCUyMCUzQ2gzJTNFUFZDJTIwUG9seXZpbnlsJTIwQ2hsb3JpZGUlM0MlMkZoMyUzRSUwQSUyMCUyMCUyMCUyMCUyMCUyMCUyMCUyMCUyMCUyMCUyMCUyMCUzQyUyRmRpdiUzRSUwQSUyMCUyMCUyMCUyMCUyMCUyMCUyMCUyMCUzQyUyRmElM0UlMEElMjAlMjAlMjAlMjAlM0MlMkZkaXYlM0UlMEElM0MlMkZkaXYlM0U=[\/vc_raw_html][\/vc_column_inner][\/vc_row_inner][\/vc_column][\/vc_row][vc_row content_width=&#8220;grid&#8220; css=&#8220;.vc_custom_1692017647666{padding-top: 91px !important;padding-bottom: 105px !important;background-color: #f5f7f7 !important;}&#8220;][vc_column]<div class=\"mkd-elements-holder mkd-two-columns mkd-responsive-mode-768\" ><div class=\"mkd-elements-holder-item \"  >\n\t<div class=\"mkd-elements-holder-item-inner\">\n\t\t<div class=\"mkd-elements-holder-item-content mkd-elements-holder-custom-123102\" style=\"padding: 0 4% 0 0\">\n\t\t\t\t\t\t[vc_column_text]<\/p>\n<h2>O n\u00e1s<\/h2>\n<p>[\/vc_column_text]<div class=\"mkd-separator-holder clearfix  mkd-separator-left\">\n\t<div class=\"mkd-separator\" style=\"border-color: #3f6aaf;width: 40px;border-bottom-width: 3px;margin-top: 19px;margin-bottom: 10px\"><\/div>\n<\/div>\n[vc_column_text]Litevsk\u00e1 kapit\u00e1lov\u00e1 spole\u010dnost &#8222;Litchema&#8220; JSC, zalo\u017een\u00e1 jako glob\u00e1ln\u011b orientovan\u00e1 obchodn\u00ed spole\u010dnost s plastov\u00fdmi v\u00fdrobky, se specializuje na velkoobchodn\u00ed prodej prvot\u0159\u00eddn\u00edch prysky\u0159ic, prysky\u0159ic ni\u017e\u0161\u00ed kvality, recyklovan\u00fdch pelet, aglomer\u00e1t\u016f a dal\u0161\u00edch forem plast\u016f. Portfolio na\u0161ich produkt\u016f zahrnuje polyethylen (HDPE, MDPE, LDPE, LLDPE), polypropylen (homopolymer, kopolymer, n\u00e1hodn\u00fd kopolymer), polystyren (HIPS, GPPS) a PVC.[\/vc_column_text][vc_empty_space height=&#8220;37px&#8220;]\n<div class=\"mkd-unordered-list mkd-animate-list\" >\n\n            <ul>\n                            <li class=\"mkd-list-item\">\n\n                    \n                    <span class=\"icon\"><i class=\"mkd-icon-ion-icon ion-android-checkbox-outline \" style=\"color:#2b2a28;font-size:22px\" ><\/i><\/span>\n                    <span class=\"text\" style=\"color:#929191;font-size:15px\">Quality Products<\/span>\n                <\/li>\n                            <li class=\"mkd-list-item\">\n\n                    \n                    <span class=\"icon\"><i class=\"mkd-icon-ion-icon ion-android-checkbox-outline \" style=\"color:#2b2a28;font-size:22px\" ><\/i><\/span>\n                    <span class=\"text\" style=\"color:#929191;font-size:15px\">Competitive Prices<\/span>\n                <\/li>\n                            <li class=\"mkd-list-item\">\n\n                    \n                    <span class=\"icon\"><i class=\"mkd-icon-ion-icon ion-android-checkbox-outline \" style=\"color:#2b2a28;font-size:22px\" ><\/i><\/span>\n                    <span class=\"text\" style=\"color:#929191;font-size:15px\">Experienced Team<\/span>\n                <\/li>\n                            <li class=\"mkd-list-item\">\n\n                    \n                    <span class=\"icon\"><i class=\"mkd-icon-ion-icon ion-android-checkbox-outline \" style=\"color:#2b2a28;font-size:22px\" ><\/i><\/span>\n                    <span class=\"text\" style=\"color:#929191;font-size:15px\">We offer free support<\/span>\n                <\/li>\n                    <\/ul>\n    \n<\/div>[vc_empty_space height=&#8220;37px&#8220;]\t\t<\/div>\n\t<\/div>\n<\/div><div class=\"mkd-elements-holder-item mkd-horizontal-alignment-right\"  style=\"background-image: url(https:\/\/www.litchema.lt\/wp-content\/uploads\/2023\/05\/paletes.jpg)\">\n\t<div class=\"mkd-elements-holder-item-inner\">\n\t\t<div class=\"mkd-elements-holder-item-content mkd-elements-holder-custom-628186\" style=\"padding: 25px 0 0 3%\">\n\t\t\t\t\t\t<style type=\"text\/css\" data-type=\"mkd-elements-custom-padding\" scoped>\n                \t\t\t\t\t\t\t\t\t\t\t\t\t\t\t\t@media only screen and (min-width: 600px) and (max-width: 768px) {\n\t\t\t\t\t.mkd-elements-holder-item-content.mkd-elements-holder-custom-628186 {\n\t\t\t\t\t\tpadding: 30% 0 30% 0% !important;\n\t\t\t\t\t}\n\t\t\t\t}\n\t\t\t\t\t\t\t\t\t\t\t\t\t\t\t\t@media only screen and (max-width: 480px) {\n\t\t\t\t\t.mkd-elements-holder-item-content.mkd-elements-holder-custom-628186 {\n\t\t\t\t\t\tpadding: 30% 0 30% 0% !important;\n\t\t\t\t\t}\n\t\t\t\t}\n\t\t\t\t\t\t\t\t<\/style>\n\t\t\t\t\t\t\t\t<\/div>\n\t<\/div>\n<\/div><\/div>[\/vc_column][\/vc_row][vc_row content_width=&#8220;grid&#8220; css=&#8220;.vc_custom_1693893449592{padding-top: 200px !important;padding-bottom: 200px !important;background-image: url(https:\/\/www.litchema.lt\/wp-content\/uploads\/2023\/09\/laivas-prailgintas-scaled.jpg?id=4996) !important;background-position: center !important;background-repeat: no-repeat !important;background-size: cover !important;}&#8220; el_id=&#8220;principles&#8220;][vc_column][vc_row_inner][vc_column_inner width=&#8220;1\/4&#8243;][vc_column_text]<\/p>\n<h3>Obchod<\/h3>\n<p>Spolehliv\u011b dod\u00e1v\u00e1me spr\u00e1vn\u00fd produkt<\/p>\n<h3>\u0158e\u0161en\u00ed<\/h3>\n<p>M\u00e1me zku\u0161en\u00fd t\u00fdm profesion\u00e1l\u016f[\/vc_column_text][\/vc_column_inner][vc_column_inner width=&#8220;1\/4&#8243;][vc_column_text]<\/p>\n<h3>Kvalita slu\u017eeb<\/h3>\n<p>Na\u0161\u00ed prioritou je kvalita produkt\u016f a z\u00e1kaznick\u00e9ho servisu<\/p>\n<h3>Rychlost<\/h3>\n<p>Zam\u011b\u0159ujeme se na logistick\u00e9 slu\u017eby just in time[\/vc_column_text][\/vc_column_inner][vc_column_inner width=&#8220;1\/4&#8243;][\/vc_column_inner][vc_column_inner width=&#8220;1\/4&#8243;][\/vc_column_inner][\/vc_row_inner][vc_empty_space height=&#8220;30px&#8220;]<a itemprop=\"url\" href=\"https:\/\/www.litchema.lt\/cs\/o-nas\/\" target=\"_self\"  class=\"mkd-btn mkd-btn-medium mkd-btn-solid\"  >\n    <span class=\"mkd-btn-text\">\u010c\u00edst d\u00e1le<\/span>\n    <\/a>[\/vc_column][\/vc_row][vc_row content_width=&#8220;grid&#8220; css=&#8220;.vc_custom_1680689869496{padding-top: 91px !important;padding-bottom: 105px !important;background-color: #f5f7f7 !important;}&#8220; el_id=&#8220;consultation&#8220;][vc_column]<div class=\"mkd-elements-holder mkd-two-columns mkd-responsive-mode-768\" ><div class=\"mkd-elements-holder-item \"  >\n\t<div class=\"mkd-elements-holder-item-inner\">\n\t\t<div class=\"mkd-elements-holder-item-content mkd-elements-holder-custom-539196\" style=\"padding: 0 4% 0 0\">\n\t\t\t\t\t\t[vc_column_text]<\/p>\n<h3>Bezplatn\u00e1 konzultace!<\/h3>\n<p>[\/vc_column_text][vc_empty_space height=&#8220;30px&#8220;]\n<div class=\"wpcf7 no-js\" id=\"wpcf7-f5299-o1\" lang=\"en-US\" dir=\"ltr\" data-wpcf7-id=\"5299\">\n<div class=\"screen-reader-response\"><p role=\"status\" aria-live=\"polite\" aria-atomic=\"true\"><\/p> <ul><\/ul><\/div>\n<form action=\"\/cs\/wp-json\/wp\/v2\/pages\/5194#wpcf7-f5299-o1\" method=\"post\" class=\"wpcf7-form init cf7_custom_style_2\" aria-label=\"Contact form\" novalidate=\"novalidate\" data-status=\"init\">\n<fieldset class=\"hidden-fields-container\"><input type=\"hidden\" name=\"_wpcf7\" value=\"5299\" \/><input type=\"hidden\" name=\"_wpcf7_version\" value=\"6.1.5\" \/><input type=\"hidden\" name=\"_wpcf7_locale\" value=\"en_US\" \/><input type=\"hidden\" name=\"_wpcf7_unit_tag\" value=\"wpcf7-f5299-o1\" \/><input type=\"hidden\" name=\"_wpcf7_container_post\" value=\"0\" \/><input type=\"hidden\" name=\"_wpcf7_posted_data_hash\" value=\"\" \/>\n<\/fieldset>\n<p><span class=\"wpcf7-form-control-wrap\" data-name=\"your-name\"><input size=\"40\" maxlength=\"400\" class=\"wpcf7-form-control wpcf7-text wpcf7-validates-as-required\" aria-required=\"true\" aria-invalid=\"false\" placeholder=\"V dom\u011b:\" value=\"\" type=\"text\" name=\"your-name\" \/><\/span><br \/>\n<span class=\"wpcf7-form-control-wrap\" data-name=\"your-email\"><input size=\"40\" maxlength=\"400\" class=\"wpcf7-form-control wpcf7-email wpcf7-validates-as-required wpcf7-text wpcf7-validates-as-email\" aria-required=\"true\" aria-invalid=\"false\" placeholder=\"E-mailov\u00e1 adresa:\" value=\"\" type=\"email\" name=\"your-email\" \/><\/span><br \/>\n<span class=\"wpcf7-form-control-wrap\" data-name=\"your-message\"><textarea cols=\"40\" rows=\"10\" maxlength=\"2000\" class=\"wpcf7-form-control wpcf7-textarea\" aria-invalid=\"false\" placeholder=\"Zpr\u00e1va:\" name=\"your-message\"><\/textarea><\/span><br \/>\n<input class=\"wpcf7-form-control wpcf7-submit has-spinner\" type=\"submit\" value=\"P\u0159edlo\u017eit\" \/>\n<\/p><div class=\"wpcf7-response-output\" aria-hidden=\"true\"><\/div>\n<\/form>\n<\/div>\n[vc_empty_space height=&#8220;20px&#8220;]\t\t<\/div>\n\t<\/div>\n<\/div><div class=\"mkd-elements-holder-item \"  style=\"background-image: url(https:\/\/www.litchema.lt\/wp-content\/uploads\/2023\/04\/contact-1-e1694452763633.jpg)\">\n\t<div class=\"mkd-elements-holder-item-inner\">\n\t\t<div class=\"mkd-elements-holder-item-content mkd-elements-holder-custom-400200\" style=\"padding: 25px 0 0 3%\">\n\t\t\t\t\t\t<style type=\"text\/css\" data-type=\"mkd-elements-custom-padding\" scoped>\n                \t\t\t\t\t\t\t\t\t\t\t\t\t\t\t\t@media only screen and (min-width: 600px) and (max-width: 768px) {\n\t\t\t\t\t.mkd-elements-holder-item-content.mkd-elements-holder-custom-400200 {\n\t\t\t\t\t\tpadding: 30% 0 30% 0% !important;\n\t\t\t\t\t}\n\t\t\t\t}\n\t\t\t\t\t\t\t\t\t\t\t\t\t\t\t\t@media only screen and (max-width: 480px) {\n\t\t\t\t\t.mkd-elements-holder-item-content.mkd-elements-holder-custom-400200 {\n\t\t\t\t\t\tpadding: 30% 0 30% 0% !important;\n\t\t\t\t\t}\n\t\t\t\t}\n\t\t\t\t\t\t\t\t<\/style>\n\t\t\t\t\t\t\t\t<\/div>\n\t<\/div>\n<\/div><\/div>[\/vc_column][\/vc_row][vc_row content_width=&#8220;grid&#8220; content_aligment=&#8220;center&#8220; css=&#8220;.vc_custom_1478601365687{padding-top: 80px !important;padding-bottom: 39px !important;}&#8220;][vc_column]<div class=\"mkd-clients-carousel-holder clearfix\"><div class=\"mkd-clients-carousel  mkd-owl-shortcode-slider\" data-items=\"5\" data-autoplay=\"3\" data-pause=\"yes\" data-loop=\"yes\" data-navigation=\"no\" data-pagination=\"no\"><div class=\"mkd-clients-carousel-item-holder\">\n                        <span class=\"mkd-clients-carousel-first-image-holder mkd-has-hover-image mkd-image-change\">\n\t\t\t\t<img decoding=\"async\" src=\"https:\/\/www.litchema.lt\/wp-content\/uploads\/2023\/07\/ordelen.png\" alt=\"Unip\">\n\t\t\t<\/span>\n                            <span class=\"mkd-clients-carousel-second-image-holder mkd-has-hover-image mkd-image-change\">\n\t\t\t\t<img decoding=\"async\" src=\"https:\/\/www.litchema.lt\/wp-content\/uploads\/2023\/07\/ordelen.png\" alt=\"Unip\">\n\t\t\t<\/span>\n                <\/div><div class=\"mkd-clients-carousel-item-holder\">\n                        <span class=\"mkd-clients-carousel-first-image-holder mkd-has-hover-image mkd-image-change\">\n\t\t\t\t<img decoding=\"async\" src=\"https:\/\/www.litchema.lt\/wp-content\/uploads\/2023\/07\/rompetrol.png\" alt=\"Rompetrol\">\n\t\t\t<\/span>\n                            <span class=\"mkd-clients-carousel-second-image-holder mkd-has-hover-image mkd-image-change\">\n\t\t\t\t<img decoding=\"async\" src=\"https:\/\/www.litchema.lt\/wp-content\/uploads\/2023\/07\/rompetrol.png\" alt=\"Rompetrol\">\n\t\t\t<\/span>\n                <\/div><div class=\"mkd-clients-carousel-item-holder\">\n                        <span class=\"mkd-clients-carousel-first-image-holder mkd-has-hover-image mkd-image-change\">\n\t\t\t\t<img decoding=\"async\" src=\"https:\/\/www.litchema.lt\/wp-content\/uploads\/2023\/07\/ineos.png\" alt=\"Ineos\">\n\t\t\t<\/span>\n                            <span class=\"mkd-clients-carousel-second-image-holder mkd-has-hover-image mkd-image-change\">\n\t\t\t\t<img decoding=\"async\" src=\"https:\/\/www.litchema.lt\/wp-content\/uploads\/2023\/07\/ineos.png\" alt=\"Ineos\">\n\t\t\t<\/span>\n                <\/div><div class=\"mkd-clients-carousel-item-holder\">\n                        <span class=\"mkd-clients-carousel-first-image-holder mkd-has-hover-image mkd-image-change\">\n\t\t\t\t<img decoding=\"async\" src=\"https:\/\/www.litchema.lt\/wp-content\/uploads\/2023\/07\/Versalis.png\" alt=\"Versalis\">\n\t\t\t<\/span>\n                            <span class=\"mkd-clients-carousel-second-image-holder mkd-has-hover-image mkd-image-change\">\n\t\t\t\t<img decoding=\"async\" src=\"https:\/\/www.litchema.lt\/wp-content\/uploads\/2023\/07\/Versalis.png\" alt=\"Versalis\">\n\t\t\t<\/span>\n                <\/div><div class=\"mkd-clients-carousel-item-holder\">\n                        <span class=\"mkd-clients-carousel-first-image-holder mkd-has-hover-image mkd-image-change\">\n\t\t\t\t<img decoding=\"async\" src=\"https:\/\/www.litchema.lt\/wp-content\/uploads\/2023\/07\/Arba.png\" alt=\"arabai\">\n\t\t\t<\/span>\n                            <span class=\"mkd-clients-carousel-second-image-holder mkd-has-hover-image mkd-image-change\">\n\t\t\t\t<img decoding=\"async\" src=\"https:\/\/www.litchema.lt\/wp-content\/uploads\/2023\/07\/Arba.png\" alt=\"arabai\">\n\t\t\t<\/span>\n                <\/div><div class=\"mkd-clients-carousel-item-holder\">\n        <a href=\"#\" target=\"_blank\">\n                            <span class=\"mkd-clients-carousel-first-image-holder mkd-has-hover-image mkd-image-change\">\n\t\t\t\t<img decoding=\"async\" src=\"https:\/\/www.litchema.lt\/wp-content\/uploads\/2023\/07\/vynova.png\" alt=\"vynova\">\n\t\t\t<\/span>\n                            <span class=\"mkd-clients-carousel-second-image-holder mkd-has-hover-image mkd-image-change\">\n\t\t\t\t<img decoding=\"async\" src=\"https:\/\/www.litchema.lt\/wp-content\/uploads\/2023\/07\/vynova.png\" alt=\"vynova\">\n\t\t\t<\/span>\n                    <\/a>\n<\/div><\/div><\/div>[\/vc_column][\/vc_row]<\/p>\n","protected":false},"excerpt":{"rendered":"<p>[vc_row content_width=&#8220;grid&#8220; css=&#8220;.vc_custom_1478526386039{background-color: #f5f7f7 !important;background-position: center !important;background-repeat: no-repeat !important;background-size: cover !important;}&#8220;][vc_column css=&#8220;.vc_custom_1696494113444{margin-top: -29% !important;padding-top: 32px !important;padding-right: 32px !important;padding-bottom: 32px !important;padding-left: 32px !important;}&#8220; el_class=&#8220;homepagemovingonslider&#8220;][vc_row_inner el_class=&#8220;rowwith4&#8243;][vc_column_inner][vc_raw_html]JTNDZGl2JTIwY2xhc3MlM0QlMjJzbGlkZXItYnViYmxlcy13cmFwcGVyJTIyJTNFJTBBJTIwJTIwJTIwJTIwJTNDZGl2JTIwY2xhc3MlM0QlMjJzbGlkZXItYnViYmxlcy1pbiUyMiUzRSUwQSUyMCUyMCUyMCUyMCUyMCUyMCUyMCUyMCUzQ2ElMjBjbGFzcyUzRCUyMnNsaWRlYnViYmxlJTIyJTIwaHJlZiUzRCUyMiUyRmNzJTJGcHJvZHVrdHklMkZwZS1wb2x5ZXRoeWxlbmUlMkYlMjIlM0UlMEElMjAlMjAlMjAlMjAlMjAlMjAlMjAlMjAlMjAlMjAlMjAlMjAlM0NkaXYlMjBjbGFzcyUzRCUyMnNsaWRlYnViYmxlaW1hZ2V3cmFwcGVyJTIyJTNFJTBBJTIwJTIwJTIwJTIwJTIwJTIwJTIwJTIwJTIwJTIwJTIwJTIwJTIwJTIwJTIwJTIwJTNDaW1nJTIwc3JjJTNEJTIyJTJGd3AtY29udGVudCUyRnVwbG9hZHMlMkYyMDIzJTJGMTAlMkZQRS1QaXJtYXMuanBnJTIyJTIwdGl0bGUlM0QlMjJQRSUyMFBvbHlldGh5bGVuZSUyMiUzRSUwQSUyMCUyMCUyMCUyMCUyMCUyMCUyMCUyMCUyMCUyMCUyMCUyMCUzQyUyRmRpdiUzRSUwQSUyMCUyMCUyMCUyMCUyMCUyMCUyMCUyMCUyMCUyMCUyMCUyMCUzQ2RpdiUyMGNsYXNzJTNEJTIyc2xpZGVidWJibGV0ZXh0c3dyYXBwZXJpdGIlMjIlM0UlMEElMjAlMjAlMjAlMjAlMjAlMjAlMjAlMjAlMjAlMjAlMjAlMjAlMjAlMjAlMjAlMjAlM0NoMyUzRVBFJTIwUG9seWV0aHlsZW5lJTNDJTJGaDMlM0UlMEElMjAlMjAlMjAlMjAlMjAlMjAlMjAlMjAlMjAlMjAlMjAlMjAlM0MlMkZkaXYlM0UlMEElMjAlMjAlMjAlMjAlMjAlMjAlMjAlMjAlM0MlMkZhJTNFJTBBJTIwJTIwJTIwJTIwJTIwJTIwJTIwJTIwJTNDYSUyMGNsYXNzJTNEJTIyc2xpZGVidWJibGUlMjIlMjBocmVmJTNEJTIyJTJGY3MlMkZwcm9kdWt0eSUyRnBwLXBvbHlwcm9weWxlbmUlMkYlMjIlM0UlMEElMjAlMjAlMjAlMjAlMjAlMjAlMjAlMjAlMjAlMjAlMjAlMjAlM0NkaXYlMjBjbGFzcyUzRCUyMnNsaWRlYnViYmxlaW1hZ2V3cmFwcGVyJTIyJTNFJTBBJTIwJTIwJTIwJTIwJTIwJTIwJTIwJTIwJTIwJTIwJTIwJTIwJTIwJTIwJTIwJTIwJTNDaW1nJTIwc3JjJTNEJTIyJTJGd3AtY29udGVudCUyRnVwbG9hZHMlMkYyMDIzJTJGMTAlMkZQUC1QaXJtYXMuanBnJTIyJTIwdGl0bGUlM0QlMjJQUCUyMFBvbHlwcm9weWxlbmUlMjIlM0UlMEElMjAlMjAlMjAlMjAlMjAlMjAlMjAlMjAlMjAlMjAlMjAlMjAlM0MlMkZkaXYlM0UlMEElMjAlMjAlMjAlMjAlMjAlMjAlMjAlMjAlMjAlMjAlMjAlMjAlM0NkaXYlMjBjbGFzcyUzRCUyMnNsaWRlYnViYmxldGV4dHN3cmFwcGVyaXRiJTIyJTNFJTBBJTIwJTIwJTIwJTIwJTIwJTIwJTIwJTIwJTIwJTIwJTIwJTIwJTIwJTIwJTIwJTIwJTNDaDMlM0VQUCUyMFBvbHlwcm9weWxlbmUlM0MlMkZoMyUzRSUwQSUyMCUyMCUyMCUyMCUyMCUyMCUyMCUyMCUyMCUyMCUyMCUyMCUzQyUyRmRpdiUzRSUwQSUyMCUyMCUyMCUyMCUyMCUyMCUyMCUyMCUzQyUyRmElM0UlMEElMjAlMjAlMjAlMjAlMjAlMjAlMjAlMjAlM0NhJTIwY2xhc3MlM0QlMjJzbGlkZWJ1YmJsZSUyMiUyMGhyZWYlM0QlMjIlMkZjcyUyRnByb2R1a3R5JTJGcHMtcG9seXN0eXJlbmUlMkYlMjIlM0UlMEElMjAlMjAlMjAlMjAlMjAlMjAlMjAlMjAlMjAlMjAlMjAlMjAlM0NkaXYlMjBjbGFzcyUzRCUyMnNsaWRlYnViYmxlaW1hZ2V3cmFwcGVyJTIyJTNFJTBBJTIwJTIwJTIwJTIwJTIwJTIwJTIwJTIwJTIwJTIwJTIwJTIwJTIwJTIwJTIwJTIwJTNDaW1nJTIwc3JjJTNEJTIyJTJGd3AtY29udGVudCUyRnVwbG9hZHMlMkYyMDIzJTJGMTAlMkZQUy1QaXJtYXMuanBnJTIyJTIwdGl0bGUlM0QlMjJQUyUyMFBvbHlzdHlyZW5lJTIyJTNFJTBBJTIwJTIwJTIwJTIwJTIwJTIwJTIwJTIwJTIwJTIwJTIwJTIwJTNDJTJGZGl2JTNFJTBBJTIwJTIwJTIwJTIwJTIwJTIwJTIwJTIwJTIwJTIwJTIwJTIwJTNDZGl2JTIwY2xhc3MlM0QlMjJzbGlkZWJ1YmJsZXRleHRzd3JhcHBlcml0YiUyMiUzRSUwQSUyMCUyMCUyMCUyMCUyMCUyMCUyMCUyMCUyMCUyMCUyMCUyMCUyMCUyMCUyMCUyMCUzQ2gzJTNFUFMlMjBQb2x5c3R5cmVuZSUzQyUyRmgzJTNFJTBBJTIwJTIwJTIwJTIwJTIwJTIwJTIwJTIwJTIwJTIwJTIwJTIwJTNDJTJGZGl2JTNFJTBBJTIwJTIwJTIwJTIwJTIwJTIwJTIwJTIwJTNDJTJGYSUzRSUwQSUyMCUyMCUyMCUyMCUyMCUyMCUyMCUyMCUzQ2ElMjBjbGFzcyUzRCUyMnNsaWRlYnViYmxlJTIyJTIwaHJlZiUzRCUyMiUyRmNzJTJGcHJvZHVrdHklMkZwdmMtcG9seXZpbnlsLWNobG9yaWRlJTJGJTIyJTNFJTBBJTIwJTIwJTIwJTIwJTIwJTIwJTIwJTIwJTIwJTIwJTIwJTIwJTNDZGl2JTIwY2xhc3MlM0QlMjJzbGlkZWJ1YmJsZWltYWdld3JhcHBlciUyMiUzRSUwQSUyMCUyMCUyMCUyMCUyMCUyMCUyMCUyMCUyMCUyMCUyMCUyMCUyMCUyMCUyMCUyMCUzQ2ltZyUyMHNyYyUzRCUyMiUyRndwLWNvbnRlbnQlMkZ1cGxvYWRzJTJGMjAyMyUyRjEwJTJGUFZDLXBpcm1hcy5qcGclMjIlMjB0aXRsZSUzRCUyMlBWQyUyMFBvbHl2aW55bCUyMENobG9yaWRlJTIyJTNFJTBBJTIwJTIwJTIwJTIwJTIwJTIwJTIwJTIwJTIwJTIwJTIwJTIwJTNDJTJGZGl2JTNFJTBBJTIwJTIwJTIwJTIwJTIwJTIwJTIwJTIwJTIwJTIwJTIwJTIwJTNDZGl2JTIwY2xhc3MlM0QlMjJzbGlkZWJ1YmJsZXRleHRzd3JhcHBlcml0YiUyMiUzRSUwQSUyMCUyMCUyMCUyMCUyMCUyMCUyMCUyMCUyMCUyMCUyMCUyMCUyMCUyMCUyMCUyMCUzQ2gzJTNFUFZDJTIwUG9seXZpbnlsJTIwQ2hsb3JpZGUlM0MlMkZoMyUzRSUwQSUyMCUyMCUyMCUyMCUyMCUyMCUyMCUyMCUyMCUyMCUyMCUyMCUzQyUyRmRpdiUzRSUwQSUyMCUyMCUyMCUyMCUyMCUyMCUyMCUyMCUzQyUyRmElM0UlMEElMjAlMjAlMjAlMjAlM0MlMkZkaXYlM0UlMEElM0MlMkZkaXYlM0U=[\/vc_raw_html][\/vc_column_inner][\/vc_row_inner][\/vc_column][\/vc_row][vc_row content_width=&#8220;grid&#8220; css=&#8220;.vc_custom_1692017647666{padding-top: 91px !important;padding-bottom: 105px !important;background-color: #f5f7f7 !important;}&#8220;][vc_column][\/vc_column][\/vc_row][vc_row content_width=&#8220;grid&#8220; css=&#8220;.vc_custom_1693893449592{padding-top: 200px !important;padding-bottom: 200px !important;background-image: url(https:\/\/www.litchema.lt\/wp-content\/uploads\/2023\/09\/laivas-prailgintas-scaled.jpg?id=4996) !important;background-position: center !important;background-repeat: no-repeat !important;background-size: cover&#8230;<\/p>\n","protected":false},"author":1,"featured_media":0,"parent":0,"menu_order":0,"comment_status":"closed","ping_status":"closed","template":"full-width.php","meta":{"footnotes":""},"class_list":["post-5194","page","type-page","status-publish","hentry"],"_links":{"self":[{"href":"https:\/\/www.litchema.lt\/cs\/wp-json\/wp\/v2\/pages\/5194","targetHints":{"allow":["GET"]}}],"collection":[{"href":"https:\/\/www.litchema.lt\/cs\/wp-json\/wp\/v2\/pages"}],"about":[{"href":"https:\/\/www.litchema.lt\/cs\/wp-json\/wp\/v2\/types\/page"}],"author":[{"embeddable":true,"href":"https:\/\/www.litchema.lt\/cs\/wp-json\/wp\/v2\/users\/1"}],"replies":[{"embeddable":true,"href":"https:\/\/www.litchema.lt\/cs\/wp-json\/wp\/v2\/comments?post=5194"}],"version-history":[{"count":7,"href":"https:\/\/www.litchema.lt\/cs\/wp-json\/wp\/v2\/pages\/5194\/revisions"}],"predecessor-version":[{"id":5300,"href":"https:\/\/www.litchema.lt\/cs\/wp-json\/wp\/v2\/pages\/5194\/revisions\/5300"}],"wp:attachment":[{"href":"https:\/\/www.litchema.lt\/cs\/wp-json\/wp\/v2\/media?parent=5194"}],"curies":[{"name":"wp","href":"https:\/\/api.w.org\/{rel}","templated":true}]}}