{"id":5196,"date":"2023-08-03T06:52:36","date_gmt":"2023-08-03T06:52:36","guid":{"rendered":"https:\/\/www.litchema.lt\/principles-of-our-work\/"},"modified":"2025-08-03T06:54:05","modified_gmt":"2025-08-03T06:54:05","slug":"principy-nasi-prace","status":"publish","type":"page","link":"https:\/\/www.litchema.lt\/cs\/principy-nasi-prace\/","title":{"rendered":"Principy na\u0161\u00ed pr\u00e1ce"},"content":{"rendered":"<p>[vc_row el_class=&#8220;rowmallertexter&#8220; css=&#8220;.vc_custom_1693545715993{margin-bottom: 45px !important;}&#8220;][vc_column][vc_column_text]<\/p>\n<h3 style=\"text-align: center;\">LITCHEMA nen\u00ed jen obchodn\u00edk, ale LOGISTICK\u00dd A FINAN\u010cN\u00cd PARTNER, kter\u00fd reaguje na pot\u0159eby Z\u00c1KAZN\u00cdK\u016e a poskytuje v\u010dasn\u00e9 dod\u00e1n\u00ed a finan\u010dn\u00ed slu\u017eby.<\/h3>\n<p>[\/vc_column_text][\/vc_column][\/vc_row][vc_row content_width=&#8220;grid&#8220; css=&#8220;.vc_custom_1693893449592{padding-top: 200px !important;padding-bottom: 200px !important;background-image: url(https:\/\/www.litchema.lt\/wp-content\/uploads\/2023\/09\/laivas-prailgintas-scaled.jpg?id=4996) !important;background-position: center !important;background-repeat: no-repeat !important;background-size: cover !important;}&#8220; el_id=&#8220;principles&#8220;][vc_column][vc_row_inner][vc_column_inner width=&#8220;1\/4&#8243;][vc_column_text]<\/p>\n<h3>Obchod<\/h3>\n<p>Spolehliv\u011b dod\u00e1v\u00e1me spr\u00e1vn\u00fd produkt<\/p>\n<h3>\u0158e\u0161en\u00ed<\/h3>\n<p>M\u00e1me zku\u0161en\u00fd t\u00fdm profesion\u00e1l\u016f[\/vc_column_text][\/vc_column_inner][vc_column_inner width=&#8220;1\/4&#8243;][vc_column_text]<\/p>\n<h3>Kvalita slu\u017eeb<\/h3>\n<p>Na\u0161\u00ed prioritou je kvalita produkt\u016f a z\u00e1kaznick\u00e9ho servisu<\/p>\n<h3>Rychlost<\/h3>\n<p>Zam\u011b\u0159ujeme se na logistick\u00e9 slu\u017eby just in time[\/vc_column_text][\/vc_column_inner][vc_column_inner width=&#8220;1\/4&#8243;][\/vc_column_inner][vc_column_inner width=&#8220;1\/4&#8243;][\/vc_column_inner][\/vc_row_inner][vc_empty_space height=&#8220;30px&#8220;]<a itemprop=\"url\" href=\"https:\/\/www.litchema.lt\/cs\/o-nas\/\" target=\"_self\"  class=\"mkd-btn mkd-btn-medium mkd-btn-solid\"  >\n    <span class=\"mkd-btn-text\">\u010c\u00edst d\u00e1le<\/span>\n    <\/a>[\/vc_column][\/vc_row]<\/p>\n","protected":false},"excerpt":{"rendered":"<p>[vc_row el_class=&#8220;rowmallertexter&#8220; css=&#8220;.vc_custom_1693545715993{margin-bottom: 45px !important;}&#8220;][vc_column][vc_column_text] LITCHEMA nen\u00ed jen obchodn\u00edk, ale LOGISTICK\u00dd A FINAN\u010cN\u00cd PARTNER, kter\u00fd reaguje na pot\u0159eby Z\u00c1KAZN\u00cdK\u016e a poskytuje v\u010dasn\u00e9 dod\u00e1n\u00ed a finan\u010dn\u00ed slu\u017eby. [\/vc_column_text][\/vc_column][\/vc_row][vc_row content_width=&#8220;grid&#8220; css=&#8220;.vc_custom_1693893449592{padding-top: 200px !important;padding-bottom: 200px !important;background-image: url(https:\/\/www.litchema.lt\/wp-content\/uploads\/2023\/09\/laivas-prailgintas-scaled.jpg?id=4996) !important;background-position: center !important;background-repeat: no-repeat !important;background-size: cover !important;}&#8220; el_id=&#8220;principles&#8220;][vc_column][vc_row_inner][vc_column_inner width=&#8220;1\/4&#8243;][vc_column_text] Obchod Spolehliv\u011b&#8230;<\/p>\n","protected":false},"author":1,"featured_media":0,"parent":0,"menu_order":0,"comment_status":"closed","ping_status":"closed","template":"full-width.php","meta":{"footnotes":""},"class_list":["post-5196","page","type-page","status-publish","hentry"],"_links":{"self":[{"href":"https:\/\/www.litchema.lt\/cs\/wp-json\/wp\/v2\/pages\/5196","targetHints":{"allow":["GET"]}}],"collection":[{"href":"https:\/\/www.litchema.lt\/cs\/wp-json\/wp\/v2\/pages"}],"about":[{"href":"https:\/\/www.litchema.lt\/cs\/wp-json\/wp\/v2\/types\/page"}],"author":[{"embeddable":true,"href":"https:\/\/www.litchema.lt\/cs\/wp-json\/wp\/v2\/users\/1"}],"replies":[{"embeddable":true,"href":"https:\/\/www.litchema.lt\/cs\/wp-json\/wp\/v2\/comments?post=5196"}],"version-history":[{"count":1,"href":"https:\/\/www.litchema.lt\/cs\/wp-json\/wp\/v2\/pages\/5196\/revisions"}],"predecessor-version":[{"id":5220,"href":"https:\/\/www.litchema.lt\/cs\/wp-json\/wp\/v2\/pages\/5196\/revisions\/5220"}],"wp:attachment":[{"href":"https:\/\/www.litchema.lt\/cs\/wp-json\/wp\/v2\/media?parent=5196"}],"curies":[{"name":"wp","href":"https:\/\/api.w.org\/{rel}","templated":true}]}}