{"id":5198,"date":"2023-04-05T08:15:02","date_gmt":"2023-04-05T08:15:02","guid":{"rendered":"https:\/\/www.litchema.lt\/products\/"},"modified":"2025-08-03T06:58:13","modified_gmt":"2025-08-03T06:58:13","slug":"produkty","status":"publish","type":"page","link":"https:\/\/www.litchema.lt\/cs\/produkty\/","title":{"rendered":"Produkty"},"content":{"rendered":"<p>[vc_row content_width=&#8220;grid&#8220; css=&#8220;.vc_custom_1696490320671{margin-top: -66px !important;padding-top: 30px !important;padding-bottom: 90px !important;background-image: url(https:\/\/www.litchema.lt\/wp-content\/uploads\/2023\/10\/laivas-prailgintas-claded-tamsintas-1.jpg?id=5098) !important;background-position: center !important;background-repeat: no-repeat !important;background-size: cover !important;}&#8220; el_class=&#8220;productsprocess&#8220;][vc_column][vc_column_text el_class=&#8220;texterproducter&#8220;]<\/p>\n<h3 style=\"text-align: center;\">LITCHEMA nen\u00ed jen obchodn\u00edk, ale LOGISTICK\u00dd A FINAN\u010cN\u00cd PARTNER, kter\u00fd reaguje na pot\u0159eby Z\u00c1KAZN\u00cdK\u016e a poskytuje v\u010dasn\u00e9 dod\u00e1n\u00ed a finan\u010dn\u00ed slu\u017eby.<\/h3>\n<p>[\/vc_column_text]<div  class=\"mkd-process-holder columns-4\"><div class=\"mkd-process-holder-inner\">\n<div class=\"mkd-process-item mkd-icon-or-number\">\n\n\n            <a href=\"\/cs\/produkty\/pe-polyethylene\/\" class=\"mkd-process-item-icon-holder-wrapper\">\n            <div class=\"mkd-process-item-icon-holder-wrapper-inner\">\n                <div class=\"mkd-process-item-icon-holder\">\n            <span class=\"mkd-process-item-background-holder\">\n\n                    <span class=\"mkd-process-item-numeration\"><\/span>\n                <span class=\"mkd-process-item-background\">\n                    <span style=\"background-image:url(https:\/\/www.litchema.lt\/wp-content\/uploads\/2023\/05\/PE-Pirmas.jpg)\"><\/span>\n                <\/span>\n            <\/span>\n                <\/div>\n            <\/div>\n        <\/a><!-- .mkd-process-item-icon-holder-wrapper -->\n    \n\n    <div class=\"mkd-process-item-content-holder\">\n        <div class=\"mkd-process-item-title-holder\">\n            <h5>\n            PE Polyethylene        <\/h5>\n    <\/div>\n    <div class=\"mkd-process-item-text-holder\">\n        <p><\/p>\n    <\/div>\n<\/div><!-- .mkd-process-item-content-holder -->\n\n<\/div><!-- .mkd-process-item -->\n<div class=\"mkd-process-item mkd-icon-or-number\">\n\n\n            <a href=\"\/cs\/produkty\/pp-polypropylene\/\" class=\"mkd-process-item-icon-holder-wrapper\">\n            <div class=\"mkd-process-item-icon-holder-wrapper-inner\">\n                <div class=\"mkd-process-item-icon-holder\">\n            <span class=\"mkd-process-item-background-holder\">\n\n                    <span class=\"mkd-process-item-numeration\"><\/span>\n                <span class=\"mkd-process-item-background\">\n                    <span style=\"background-image:url(https:\/\/www.litchema.lt\/wp-content\/uploads\/2023\/05\/PP-Pirmas.jpg)\"><\/span>\n                <\/span>\n            <\/span>\n                <\/div>\n            <\/div>\n        <\/a><!-- .mkd-process-item-icon-holder-wrapper -->\n    \n\n    <div class=\"mkd-process-item-content-holder\">\n        <div class=\"mkd-process-item-title-holder\">\n            <h5>\n            PP Polypropylene        <\/h5>\n    <\/div>\n    <div class=\"mkd-process-item-text-holder\">\n        <p><\/p>\n    <\/div>\n<\/div><!-- .mkd-process-item-content-holder -->\n\n<\/div><!-- .mkd-process-item -->\n<div class=\"mkd-process-item mkd-icon-or-number\">\n\n\n            <a href=\"\/cs\/produkty\/ps-polystyrene\/\" class=\"mkd-process-item-icon-holder-wrapper\">\n            <div class=\"mkd-process-item-icon-holder-wrapper-inner\">\n                <div class=\"mkd-process-item-icon-holder\">\n            <span class=\"mkd-process-item-background-holder\">\n\n                    <span class=\"mkd-process-item-numeration\"><\/span>\n                <span class=\"mkd-process-item-background\">\n                    <span style=\"background-image:url(https:\/\/www.litchema.lt\/wp-content\/uploads\/2023\/05\/PS-Pirmas.jpg)\"><\/span>\n                <\/span>\n            <\/span>\n                <\/div>\n            <\/div>\n        <\/a><!-- .mkd-process-item-icon-holder-wrapper -->\n    \n\n    <div class=\"mkd-process-item-content-holder\">\n        <div class=\"mkd-process-item-title-holder\">\n            <h5>\n            PS Polystyrene        <\/h5>\n    <\/div>\n    <div class=\"mkd-process-item-text-holder\">\n        <p><\/p>\n    <\/div>\n<\/div><!-- .mkd-process-item-content-holder -->\n\n<\/div><!-- .mkd-process-item -->\n<div class=\"mkd-process-item mkd-icon-or-number\">\n\n\n            <a href=\"\/cs\/produkty\/pvc-polyvinyl-chloride\/\" class=\"mkd-process-item-icon-holder-wrapper\">\n            <div class=\"mkd-process-item-icon-holder-wrapper-inner\">\n                <div class=\"mkd-process-item-icon-holder\">\n            <span class=\"mkd-process-item-background-holder\">\n\n                    <span class=\"mkd-process-item-numeration\"><\/span>\n                <span class=\"mkd-process-item-background\">\n                    <span style=\"background-image:url(https:\/\/www.litchema.lt\/wp-content\/uploads\/2023\/05\/PVC-pirmas.jpg)\"><\/span>\n                <\/span>\n            <\/span>\n                <\/div>\n            <\/div>\n        <\/a><!-- .mkd-process-item-icon-holder-wrapper -->\n    \n\n    <div class=\"mkd-process-item-content-holder\">\n        <div class=\"mkd-process-item-title-holder\">\n            <h5>\n            PVC Polyvinyl Chloride        <\/h5>\n    <\/div>\n    <div class=\"mkd-process-item-text-holder\">\n        <p><\/p>\n    <\/div>\n<\/div><!-- .mkd-process-item-content-holder -->\n\n<\/div><!-- .mkd-process-item --><\/div><\/div>[\/vc_column][\/vc_row]<\/p>\n","protected":false},"excerpt":{"rendered":"<p>[vc_row content_width=&#8220;grid&#8220; css=&#8220;.vc_custom_1696490320671{margin-top: -66px !important;padding-top: 30px !important;padding-bottom: 90px !important;background-image: url(https:\/\/www.litchema.lt\/wp-content\/uploads\/2023\/10\/laivas-prailgintas-claded-tamsintas-1.jpg?id=5098) !important;background-position: center !important;background-repeat: no-repeat !important;background-size: cover !important;}&#8220; el_class=&#8220;productsprocess&#8220;][vc_column][vc_column_text el_class=&#8220;texterproducter&#8220;] LITCHEMA nen\u00ed jen obchodn\u00edk, ale LOGISTICK\u00dd A FINAN\u010cN\u00cd PARTNER, kter\u00fd reaguje na pot\u0159eby Z\u00c1KAZN\u00cdK\u016e a poskytuje v\u010dasn\u00e9 dod\u00e1n\u00ed a finan\u010dn\u00ed slu\u017eby. [\/vc_column_text][\/vc_column][\/vc_row]<\/p>\n","protected":false},"author":1,"featured_media":0,"parent":0,"menu_order":0,"comment_status":"closed","ping_status":"closed","template":"full-width.php","meta":{"footnotes":""},"class_list":["post-5198","page","type-page","status-publish","hentry"],"_links":{"self":[{"href":"https:\/\/www.litchema.lt\/cs\/wp-json\/wp\/v2\/pages\/5198","targetHints":{"allow":["GET"]}}],"collection":[{"href":"https:\/\/www.litchema.lt\/cs\/wp-json\/wp\/v2\/pages"}],"about":[{"href":"https:\/\/www.litchema.lt\/cs\/wp-json\/wp\/v2\/types\/page"}],"author":[{"embeddable":true,"href":"https:\/\/www.litchema.lt\/cs\/wp-json\/wp\/v2\/users\/1"}],"replies":[{"embeddable":true,"href":"https:\/\/www.litchema.lt\/cs\/wp-json\/wp\/v2\/comments?post=5198"}],"version-history":[{"count":3,"href":"https:\/\/www.litchema.lt\/cs\/wp-json\/wp\/v2\/pages\/5198\/revisions"}],"predecessor-version":[{"id":5225,"href":"https:\/\/www.litchema.lt\/cs\/wp-json\/wp\/v2\/pages\/5198\/revisions\/5225"}],"wp:attachment":[{"href":"https:\/\/www.litchema.lt\/cs\/wp-json\/wp\/v2\/media?parent=5198"}],"curies":[{"name":"wp","href":"https:\/\/api.w.org\/{rel}","templated":true}]}}