{"id":5202,"date":"2023-04-05T08:17:18","date_gmt":"2023-04-05T08:17:18","guid":{"rendered":"https:\/\/www.litchema.lt\/products\/pp-polypropylene\/"},"modified":"2025-08-03T07:01:56","modified_gmt":"2025-08-03T07:01:56","slug":"pp-polypropylene","status":"publish","type":"page","link":"https:\/\/www.litchema.lt\/cs\/produkty\/pp-polypropylene\/","title":{"rendered":"PP Polypropylen"},"content":{"rendered":"<p>[vc_row content_width=&#8220;grid&#8220; css=&#8220;.vc_custom_1680693486844{padding-top: 0px !important;padding-bottom: 30px !important;}&#8220;][vc_column][vc_empty_space height=&#8220;300px&#8220;]<div class=\"mkd-elements-holder mkd-two-columns mkd-responsive-mode-768\" ><div class=\"mkd-elements-holder-item \"  >\n\t<div class=\"mkd-elements-holder-item-inner\">\n\t\t<div class=\"mkd-elements-holder-item-content mkd-elements-holder-custom-317891\" style=\"padding: 0 4% 0 0\">\n\t\t\t\t\t\t[vc_column_text]<\/p>\n<h4>Polypropylen<\/h4>\n<p>[\/vc_column_text]<div class=\"mkd-separator-holder clearfix  mkd-separator-left\">\n\t<div class=\"mkd-separator\" style=\"border-color: #3f6aaf;width: 40px;border-bottom-width: 3px;margin-top: 19px;margin-bottom: 10px\"><\/div>\n<\/div>\n[vc_column_text]<\/p>\n<section class=\"container\">\n<div class=\"row\">\n<div class=\"full-width-text spb_content_element col-sm-12 spb_text_column\">\n<div class=\"spb_wrapper clearfix\">\n<section class=\"container\">\n<div class=\"row\">\n<div class=\"spb_content_element col-sm-12 spb_text_column\">\n<div class=\"spb_wrapper clearfix\">\n<p><strong>JSC &#8222;Litchema&#8220; prod\u00e1v\u00e1 produkty p\u0159edn\u00edch sv\u011btov\u00fdch v\u00fdrobc\u016f homopolymer\u016f, kopolymer\u016f a n\u00e1hodn\u00fdch kopolymer\u016f polypropylenu (PP):<\/strong><\/p>\n<p>&#8211; SABIC<br \/>\n&#8211; TOAL PETROCHEMICALS<br \/>\n&#8211; Unipetrol<br \/>\n&#8211; SLOVNAFT<br \/>\n&#8211; TVK<br \/>\n\u2013 INEOS<strong><br \/>\n<\/strong><\/p>\n<p><strong><br \/>\n<\/strong>Na\u0161e spole\u010dnost je obzvl\u00e1\u0161t\u011b siln\u00e1 v oblasti polypropylenu mimo t\u0159\u00eddu a t\u00e9m\u011b\u0159 prim\u00e1rn\u00edch materi\u00e1l\u016f.<\/p>\n<p><strong>Polypropylen m\u016f\u017ee b\u00fdt nab\u00edzen v r\u016fzn\u00fdch form\u00e1ch:<br \/>\n<\/strong>\u2013 Vst\u0159ikov\u00e1n\u00ed polypropylenov\u00e9ho homopolymeru a kopolymeru<br \/>\n\u2013 Termoformov\u00e1n\u00ed polypropylenov\u00e9ho homopolymeru a kopolymeru extruz\u00ed<br \/>\n\u2013 Vyfukov\u00e1n\u00ed polypropylenov\u00e9ho homopolymeru a kopolymeru<br \/>\n\u2013 Recyklovan\u00fd polypropylenov\u00fd homopolymer a kopolymer<\/p>\n<\/div>\n<\/div>\n<\/div>\n<\/section>\n<\/div>\n<\/div>\n<\/div>\n<\/section>\n<p>[\/vc_column_text]\t\t<\/div>\n\t<\/div>\n<\/div><div class=\"mkd-elements-holder-item \"  style=\"background-image: url(https:\/\/www.litchema.lt\/wp-content\/uploads\/2023\/05\/PP-Pirmas.jpg)\">\n\t<div class=\"mkd-elements-holder-item-inner\">\n\t\t<div class=\"mkd-elements-holder-item-content mkd-elements-holder-custom-364454\" style=\"padding: 25px 0 0 3%\">\n\t\t\t\t\t\t<style type=\"text\/css\" data-type=\"mkd-elements-custom-padding\" scoped>\n                \t\t\t\t\t\t\t\t\t\t\t\t\t\t\t\t@media only screen and (min-width: 600px) and (max-width: 768px) {\n\t\t\t\t\t.mkd-elements-holder-item-content.mkd-elements-holder-custom-364454 {\n\t\t\t\t\t\tpadding: 30% 0 30% 0% !important;\n\t\t\t\t\t}\n\t\t\t\t}\n\t\t\t\t\t\t\t\t\t\t\t\t\t\t\t\t@media only screen and (max-width: 480px) {\n\t\t\t\t\t.mkd-elements-holder-item-content.mkd-elements-holder-custom-364454 {\n\t\t\t\t\t\tpadding: 30% 0 30% 0% !important;\n\t\t\t\t\t}\n\t\t\t\t}\n\t\t\t\t\t\t\t\t<\/style>\n\t\t\t\t\t\t\t\t<\/div>\n\t<\/div>\n<\/div><\/div>[\/vc_column][\/vc_row][vc_row css=&#8220;.vc_custom_1680693583475{padding-top: 50px !important;padding-bottom: 90px !important;}&#8220;][vc_column width=&#8220;1\/4&#8243;][vc_single_image image=&#8220;5013&#8243; img_size=&#8220;large&#8220;][vc_empty_space height=&#8220;15px&#8220;][vc_single_image image=&#8220;5016&#8243; img_size=&#8220;large&#8220;][vc_empty_space height=&#8220;15px&#8220;][vc_single_image image=&#8220;5010&#8243; img_size=&#8220;large&#8220;][\/vc_column][vc_column width=&#8220;3\/4&#8243;][vc_column_text]<\/p>\n<h4>O polypropylenu<\/h4>\n<p>Polypropylen (PP) je termoplastick\u00fd kopolymer pou\u017e\u00edvan\u00fd v \u0161irok\u00e9 \u0161k\u00e1le r\u016fzn\u00fdch aplikac\u00ed, v\u010detn\u011b obal\u016f, textili\u00ed, plastov\u00fdch d\u00edl\u016f a opakovan\u011b pou\u017eiteln\u00fdch n\u00e1dob. Jeho krystalick\u00e1 hustota se pohybuje v rozmez\u00ed 0,946 g\/cm3. PP je odoln\u00fd v\u016f\u010di mnoha chemick\u00fdm rozpou\u0161t\u011bdl\u016fm, z\u00e1sad\u00e1m a kyselin\u00e1m.<\/p>\n<p>Polypropylen je nejb\u011b\u017en\u011bj\u0161\u00ed izotaktick\u00fd kopolymer a m\u00e1 st\u0159edn\u00ed \u00farove\u0148 krystalinity mezi n\u00edzkohustotn\u00edm polyethylenem (LDPE) a vysokohustotn\u00edm polyethylenem (HDPE). Polypropylen je obvykle hou\u017eevnat\u00fd a pru\u017en\u00fd, zejm\u00e9na p\u0159i kopolymeraci s ethylenem. To umo\u017e\u0148uje pou\u017eit\u00ed polypropylenu jako technick\u00e9ho plastu, kter\u00fd konkuruje materi\u00e1l\u016fm, jako je ABS. Polypropylen je pom\u011brn\u011b ekonomick\u00fd a v nebarven\u00e9m stavu jej lze vyrobit pr\u016fsvitn\u00fdm, ale nen\u00ed tak snadno pr\u016fhledn\u00fd jako polystyren, akryl nebo n\u011bkter\u00e9 jin\u00e9 plasty.[\/vc_column_text][\/vc_column][\/vc_row]<\/p>\n","protected":false},"excerpt":{"rendered":"<p>[vc_row content_width=&#8220;grid&#8220; css=&#8220;.vc_custom_1680693486844{padding-top: 0px !important;padding-bottom: 30px !important;}&#8220;][vc_column][vc_empty_space height=&#8220;300px&#8220;][\/vc_column][\/vc_row][vc_row css=&#8220;.vc_custom_1680693583475{padding-top: 50px !important;padding-bottom: 90px !important;}&#8220;][vc_column width=&#8220;1\/4&#8243;][vc_single_image image=&#8220;5013&#8243; img_size=&#8220;large&#8220;][vc_empty_space height=&#8220;15px&#8220;][vc_single_image image=&#8220;5016&#8243; img_size=&#8220;large&#8220;][vc_empty_space height=&#8220;15px&#8220;][vc_single_image image=&#8220;5010&#8243; img_size=&#8220;large&#8220;][\/vc_column][vc_column width=&#8220;3\/4&#8243;][vc_column_text] O polypropylenu Polypropylen (PP) je termoplastick\u00fd kopolymer pou\u017e\u00edvan\u00fd v \u0161irok\u00e9 \u0161k\u00e1le r\u016fzn\u00fdch aplikac\u00ed, v\u010detn\u011b obal\u016f, textili\u00ed, plastov\u00fdch d\u00edl\u016f a opakovan\u011b pou\u017eiteln\u00fdch n\u00e1dob&#8230;.<\/p>\n","protected":false},"author":1,"featured_media":0,"parent":5198,"menu_order":0,"comment_status":"closed","ping_status":"closed","template":"","meta":{"footnotes":""},"class_list":["post-5202","page","type-page","status-publish","hentry"],"_links":{"self":[{"href":"https:\/\/www.litchema.lt\/cs\/wp-json\/wp\/v2\/pages\/5202","targetHints":{"allow":["GET"]}}],"collection":[{"href":"https:\/\/www.litchema.lt\/cs\/wp-json\/wp\/v2\/pages"}],"about":[{"href":"https:\/\/www.litchema.lt\/cs\/wp-json\/wp\/v2\/types\/page"}],"author":[{"embeddable":true,"href":"https:\/\/www.litchema.lt\/cs\/wp-json\/wp\/v2\/users\/1"}],"replies":[{"embeddable":true,"href":"https:\/\/www.litchema.lt\/cs\/wp-json\/wp\/v2\/comments?post=5202"}],"version-history":[{"count":1,"href":"https:\/\/www.litchema.lt\/cs\/wp-json\/wp\/v2\/pages\/5202\/revisions"}],"predecessor-version":[{"id":5227,"href":"https:\/\/www.litchema.lt\/cs\/wp-json\/wp\/v2\/pages\/5202\/revisions\/5227"}],"up":[{"embeddable":true,"href":"https:\/\/www.litchema.lt\/cs\/wp-json\/wp\/v2\/pages\/5198"}],"wp:attachment":[{"href":"https:\/\/www.litchema.lt\/cs\/wp-json\/wp\/v2\/media?parent=5202"}],"curies":[{"name":"wp","href":"https:\/\/api.w.org\/{rel}","templated":true}]}}