{"id":5204,"date":"2023-04-05T08:17:42","date_gmt":"2023-04-05T08:17:42","guid":{"rendered":"https:\/\/www.litchema.lt\/products\/ps-polystyrene\/"},"modified":"2025-08-03T07:02:45","modified_gmt":"2025-08-03T07:02:45","slug":"ps-polystyrene","status":"publish","type":"page","link":"https:\/\/www.litchema.lt\/cs\/produkty\/ps-polystyrene\/","title":{"rendered":"PS Polystyren"},"content":{"rendered":"<p>[vc_row content_width=&#8220;grid&#8220; css=&#8220;.vc_custom_1680693486844{padding-top: 0px !important;padding-bottom: 30px !important;}&#8220;][vc_column]<div class=\"mkd-elements-holder mkd-two-columns mkd-responsive-mode-768\" ><div class=\"mkd-elements-holder-item \"  >\n\t<div class=\"mkd-elements-holder-item-inner\">\n\t\t<div class=\"mkd-elements-holder-item-content mkd-elements-holder-custom-542607\" style=\"padding: 0 4% 0 0\">\n\t\t\t\t\t\t[vc_column_text]<\/p>\n<h4>Polystyren (PS)<\/h4>\n<p>[\/vc_column_text]<div class=\"mkd-separator-holder clearfix  mkd-separator-left\">\n\t<div class=\"mkd-separator\" style=\"border-color: #3f6aaf;width: 40px;border-bottom-width: 3px;margin-top: 19px;margin-bottom: 10px\"><\/div>\n<\/div>\n[vc_column_text]<\/p>\n<section class=\"container\">\n<div class=\"row\">\n<div class=\"full-width-text spb_content_element col-sm-12 spb_text_column\">\n<div class=\"spb_wrapper clearfix\">\n<section class=\"container\">\n<div class=\"row\">\n<div class=\"spb_content_element col-sm-12 spb_text_column\">\n<div class=\"spb_wrapper clearfix\">\n<p><strong>Spole\u010dnosti &#8222;Litchema&#8220; m\u016f\u017ee b\u00fdt nab\u00eddnut polystyren pro r\u016fzn\u00e9 aplikace:<\/strong><br \/>\n\u2013 Vst\u0159ikov\u00e1n\u00ed polystyrenu HIPS a GPPS<br \/>\n\u2013 Termoformov\u00e1n\u00ed polystyrenu HIPS a GPPS<br \/>\n\u2013 Recyklovan\u00fd polystyren HIPS a GPPS<br \/>\n\u2013 Polystyren EPS<\/p>\n<p>JSC &#8222;Litchema&#8220; nab\u00edz\u00ed polystyrenov\u00e9 materi\u00e1ly HIPS a GPPS od t\u011bchto p\u0159edn\u00edch v\u00fdrobc\u016f:<br \/>\n&#8211; TOTAL PETROCHEMICALS<br \/>\n\u2013 STYROLUTION<br \/>\n\u2013 SYNTHOS<\/p>\n<\/div>\n<\/div>\n<\/div>\n<\/section>\n<\/div>\n<\/div>\n<\/div>\n<\/section>\n<p>[\/vc_column_text]\t\t<\/div>\n\t<\/div>\n<\/div><div class=\"mkd-elements-holder-item \"  style=\"background-image: url(https:\/\/www.litchema.lt\/wp-content\/uploads\/2023\/05\/PS-Pirmas.jpg)\">\n\t<div class=\"mkd-elements-holder-item-inner\">\n\t\t<div class=\"mkd-elements-holder-item-content mkd-elements-holder-custom-413868\" style=\"padding: 25px 0 0 3%\">\n\t\t\t\t\t\t<style type=\"text\/css\" data-type=\"mkd-elements-custom-padding\" scoped>\n                \t\t\t\t\t\t\t\t\t\t\t\t\t\t\t\t@media only screen and (min-width: 600px) and (max-width: 768px) {\n\t\t\t\t\t.mkd-elements-holder-item-content.mkd-elements-holder-custom-413868 {\n\t\t\t\t\t\tpadding: 30% 0 30% 0% !important;\n\t\t\t\t\t}\n\t\t\t\t}\n\t\t\t\t\t\t\t\t\t\t\t\t\t\t\t\t@media only screen and (max-width: 480px) {\n\t\t\t\t\t.mkd-elements-holder-item-content.mkd-elements-holder-custom-413868 {\n\t\t\t\t\t\tpadding: 30% 0 30% 0% !important;\n\t\t\t\t\t}\n\t\t\t\t}\n\t\t\t\t\t\t\t\t<\/style>\n\t\t\t\t\t\t\t\t<\/div>\n\t<\/div>\n<\/div><\/div>[\/vc_column][\/vc_row][vc_row css=&#8220;.vc_custom_1680693583475{padding-top: 50px !important;padding-bottom: 90px !important;}&#8220;][vc_column width=&#8220;1\/4&#8243;][vc_single_image image=&#8220;5061&#8243; img_size=&#8220;large&#8220;][vc_empty_space height=&#8220;15px&#8220;][vc_single_image image=&#8220;5055&#8243; img_size=&#8220;large&#8220;][vc_empty_space height=&#8220;15px&#8220;][vc_single_image image=&#8220;5058&#8243; img_size=&#8220;large&#8220;][\/vc_column][vc_column width=&#8220;3\/4&#8243;][vc_column_text]<\/p>\n<h4>O polystyrenu (PS)<\/h4>\n<p>Polystyren (PS) je aromatick\u00fd polymer vyroben\u00fd z aromatick\u00e9ho monomeru styrenu, kapaln\u00e9ho uhlovod\u00edku, kter\u00fd se komer\u010dn\u011b vyr\u00e1b\u00ed z ropy v chemick\u00e9m pr\u016fmyslu. Polystyren je jedn\u00edm z nejpou\u017e\u00edvan\u011bj\u0161\u00edch typ\u016f plast\u016f. Polystyren je termoplastick\u00e1 l\u00e1tka, kter\u00e1 je p\u0159i pokojov\u00e9 teplot\u011b v pevn\u00e9m (skeln\u00e9m) stavu, ale p\u0159i zah\u0159\u00e1t\u00ed nad teplotu skeln\u00e9ho p\u0159echodu te\u010de a po ochlazen\u00ed op\u011bt ztuhne. \u010cist\u00fd pevn\u00fd polystyren je bezbarv\u00fd, tvrd\u00fd plast s omezenou flexibilitou. Lze jej odl\u00e9vat do forem s jemn\u00fdmi detaily. Polystyren (PS) m\u016f\u017ee b\u00fdt pr\u016fhledn\u00fd nebo m\u016f\u017ee m\u00edt r\u016fzn\u00e9 barvy. Chemick\u00e9 slo\u017een\u00ed polystyrenu je uhlovod\u00edk s dlouh\u00fdm \u0159et\u011bzcem, kde je ka\u017ed\u00fd druh\u00fd atom uhl\u00edku p\u0159ipojen k fenylov\u00e9 skupin\u011b.[\/vc_column_text][\/vc_column][\/vc_row]<\/p>\n","protected":false},"excerpt":{"rendered":"<p>[vc_row content_width=&#8220;grid&#8220; css=&#8220;.vc_custom_1680693486844{padding-top: 0px !important;padding-bottom: 30px !important;}&#8220;][vc_column][\/vc_column][\/vc_row][vc_row css=&#8220;.vc_custom_1680693583475{padding-top: 50px !important;padding-bottom: 90px !important;}&#8220;][vc_column width=&#8220;1\/4&#8243;][vc_single_image image=&#8220;5061&#8243; img_size=&#8220;large&#8220;][vc_empty_space height=&#8220;15px&#8220;][vc_single_image image=&#8220;5055&#8243; img_size=&#8220;large&#8220;][vc_empty_space height=&#8220;15px&#8220;][vc_single_image image=&#8220;5058&#8243; img_size=&#8220;large&#8220;][\/vc_column][vc_column width=&#8220;3\/4&#8243;][vc_column_text] O polystyrenu (PS) Polystyren (PS) je aromatick\u00fd polymer vyroben\u00fd z aromatick\u00e9ho monomeru styrenu, kapaln\u00e9ho uhlovod\u00edku, kter\u00fd se komer\u010dn\u011b vyr\u00e1b\u00ed z ropy v chemick\u00e9m&#8230;<\/p>\n","protected":false},"author":1,"featured_media":0,"parent":5198,"menu_order":0,"comment_status":"closed","ping_status":"closed","template":"","meta":{"footnotes":""},"class_list":["post-5204","page","type-page","status-publish","hentry"],"_links":{"self":[{"href":"https:\/\/www.litchema.lt\/cs\/wp-json\/wp\/v2\/pages\/5204","targetHints":{"allow":["GET"]}}],"collection":[{"href":"https:\/\/www.litchema.lt\/cs\/wp-json\/wp\/v2\/pages"}],"about":[{"href":"https:\/\/www.litchema.lt\/cs\/wp-json\/wp\/v2\/types\/page"}],"author":[{"embeddable":true,"href":"https:\/\/www.litchema.lt\/cs\/wp-json\/wp\/v2\/users\/1"}],"replies":[{"embeddable":true,"href":"https:\/\/www.litchema.lt\/cs\/wp-json\/wp\/v2\/comments?post=5204"}],"version-history":[{"count":1,"href":"https:\/\/www.litchema.lt\/cs\/wp-json\/wp\/v2\/pages\/5204\/revisions"}],"predecessor-version":[{"id":5228,"href":"https:\/\/www.litchema.lt\/cs\/wp-json\/wp\/v2\/pages\/5204\/revisions\/5228"}],"up":[{"embeddable":true,"href":"https:\/\/www.litchema.lt\/cs\/wp-json\/wp\/v2\/pages\/5198"}],"wp:attachment":[{"href":"https:\/\/www.litchema.lt\/cs\/wp-json\/wp\/v2\/media?parent=5204"}],"curies":[{"name":"wp","href":"https:\/\/api.w.org\/{rel}","templated":true}]}}