{"id":5206,"date":"2023-04-05T08:16:55","date_gmt":"2023-04-05T08:16:55","guid":{"rendered":"https:\/\/www.litchema.lt\/products\/pvc-polyvinyl-chloride\/"},"modified":"2025-08-03T07:03:28","modified_gmt":"2025-08-03T07:03:28","slug":"pvc-polyvinyl-chloride","status":"publish","type":"page","link":"https:\/\/www.litchema.lt\/cs\/produkty\/pvc-polyvinyl-chloride\/","title":{"rendered":"PVC Polyvinylchlorid (PVC)"},"content":{"rendered":"<p>[vc_row content_width=&#8220;grid&#8220; css=&#8220;.vc_custom_1680693486844{padding-top: 0px !important;padding-bottom: 30px !important;}&#8220;][vc_column]<div class=\"mkd-elements-holder mkd-two-columns mkd-responsive-mode-768\" ><div class=\"mkd-elements-holder-item \"  >\n\t<div class=\"mkd-elements-holder-item-inner\">\n\t\t<div class=\"mkd-elements-holder-item-content mkd-elements-holder-custom-463393\" style=\"padding: 0 4% 0 0\">\n\t\t\t\t\t\t[vc_column_text]<\/p>\n<h4>Polyvinylchlorid (PVC)<\/h4>\n<p>[\/vc_column_text]<div class=\"mkd-separator-holder clearfix  mkd-separator-left\">\n\t<div class=\"mkd-separator\" style=\"border-color: #3f6aaf;width: 40px;border-bottom-width: 3px;margin-top: 19px;margin-bottom: 10px\"><\/div>\n<\/div>\n[vc_column_text]<\/p>\n<section class=\"container\">\n<div class=\"row\">\n<div class=\"full-width-text spb_content_element col-sm-12 spb_text_column\">\n<div class=\"spb_wrapper clearfix\">\n<section class=\"container\">\n<div class=\"row\">\n<div class=\"spb_content_element col-sm-12 spb_text_column\">\n<div class=\"spb_wrapper clearfix\">\n<p>V\u00fdrobci suspenzn\u00edho PVC v Evrop\u011b budou muset od roku 2017 p\u0159ej\u00edt z v\u00fdrobn\u00edch jednotek s rtu\u0165ov\u00fdmi pl\u00e1\u0161ti na membr\u00e1nov\u00e9 z\u00e1vody. V\u0161ichni dodavatel\u00e9 PVC spole\u010dnosti &#8222;Litchema&#8220; ji\u017e pou\u017e\u00edvaj\u00ed ekologick\u00e9 membr\u00e1nov\u00e9 z\u00e1vody nebo je za\u010dnou pou\u017e\u00edvat od roku 2017.<\/p>\n<\/div>\n<\/div>\n<\/div>\n<\/section>\n<section class=\"container\">\n<div class=\"row\">\n<div class=\"spb_content_element col-sm-6 spb_text_column\">\n<div class=\"spb_wrapper\">\n<p><strong>Polyvinylchlorid (PVC) m\u016f\u017ee b\u00fdt nab\u00edzen v r\u016fzn\u00fdch form\u00e1ch:<\/strong><\/p>\n<p>\u2013 Suspenzn\u00ed PVC<br \/>\n\u2013 Emulzn\u00ed PVC<br \/>\n\u2013 Polyvinylchlorid (PVC) mimo t\u0159\u00eddu<\/p>\n<p><strong><em>JSC \u201eLitchema\u201c prod\u00e1v\u00e1 PVC materi\u00e1ly od p\u0159edn\u00edch evropsk\u00fdch v\u00fdrobc\u016f:<\/em><\/strong><em><br \/>\n<\/em><\/p>\n<p><em>\u2013 VYNOVA<br \/>\n<\/em><em>\u2013 VINNOLIT<br \/>\n<\/em><\/p>\n<\/div>\n<\/div>\n<\/div>\n<\/section>\n<\/div>\n<\/div>\n<\/div>\n<\/section>\n<p>[\/vc_column_text]\t\t<\/div>\n\t<\/div>\n<\/div><div class=\"mkd-elements-holder-item \"  style=\"background-image: url(https:\/\/www.litchema.lt\/wp-content\/uploads\/2023\/05\/PVC-pirmas.jpg)\">\n\t<div class=\"mkd-elements-holder-item-inner\">\n\t\t<div class=\"mkd-elements-holder-item-content mkd-elements-holder-custom-481096\" style=\"padding: 25px 0 0 3%\">\n\t\t\t\t\t\t<style type=\"text\/css\" data-type=\"mkd-elements-custom-padding\" scoped>\n                \t\t\t\t\t\t\t\t\t\t\t\t\t\t\t\t@media only screen and (min-width: 600px) and (max-width: 768px) {\n\t\t\t\t\t.mkd-elements-holder-item-content.mkd-elements-holder-custom-481096 {\n\t\t\t\t\t\tpadding: 30% 0 30% 0% !important;\n\t\t\t\t\t}\n\t\t\t\t}\n\t\t\t\t\t\t\t\t\t\t\t\t\t\t\t\t@media only screen and (max-width: 480px) {\n\t\t\t\t\t.mkd-elements-holder-item-content.mkd-elements-holder-custom-481096 {\n\t\t\t\t\t\tpadding: 30% 0 30% 0% !important;\n\t\t\t\t\t}\n\t\t\t\t}\n\t\t\t\t\t\t\t\t<\/style>\n\t\t\t\t\t\t\t\t<\/div>\n\t<\/div>\n<\/div><\/div>[\/vc_column][\/vc_row][vc_row css=&#8220;.vc_custom_1680693583475{padding-top: 50px !important;padding-bottom: 90px !important;}&#8220;][vc_column width=&#8220;1\/4&#8243;][vc_single_image image=&#8220;5065&#8243; img_size=&#8220;large&#8220;][vc_empty_space height=&#8220;15px&#8220;][vc_single_image image=&#8220;5071&#8243; img_size=&#8220;large&#8220;][vc_empty_space height=&#8220;15px&#8220;][vc_single_image image=&#8220;5074&#8243; img_size=&#8220;large&#8220;][\/vc_column][vc_column width=&#8220;3\/4&#8243;][vc_column_text]<\/p>\n<h4>O polyvinylchloridu (PVC)<\/h4>\n<p>Polyvinylchlorid (PVC) je termoplastick\u00fd polymer. Jedn\u00e1 se o vinylov\u00fd polymer slo\u017een\u00fd z opakuj\u00edc\u00edch se vinylov\u00fdch skupin (ethenyl\u016f), u kter\u00fdch je jeden z atom\u016f vod\u00edku nahrazen chloridovou skupinou. Polyvinylchlorid (PVC) je t\u0159et\u00edm nejroz\u0161\u00ed\u0159en\u011bj\u0161\u00edm plastem po polyethylenu a polypropylenu. PVC se \u0161iroce pou\u017e\u00edv\u00e1 ve stavebnictv\u00ed, proto\u017ee je levn\u00e9, odoln\u00e9 a snadno se montuje. O\u010dek\u00e1v\u00e1 se, \u017ee produkce PVC do roku 2016 p\u0159ekro\u010d\u00ed 40 milion\u016f tun.<\/p>\n<p>Vnit\u0159n\u00ed vlastnosti PVC ho \u010din\u00ed vhodn\u00fdm pro \u0161irokou \u0161k\u00e1lu aplikac\u00ed. Je biologicky a chemicky odoln\u00e9, co\u017e z n\u011bj \u010din\u00ed plast volby pro v\u011bt\u0161inu domovn\u00edch kanaliza\u010dn\u00edch potrub\u00ed a dal\u0161\u00edch potrubn\u00edch aplikac\u00ed, kde by koroze omezovala pou\u017eit\u00ed kovu. S p\u0159id\u00e1n\u00edm modifik\u00e1tor\u016f r\u00e1zov\u00e9 hou\u017eevnatosti a stabiliz\u00e1tor\u016f se st\u00e1v\u00e1 obl\u00edben\u00fdm materi\u00e1lem pro okenn\u00ed a dve\u0159n\u00ed r\u00e1my. P\u0159id\u00e1n\u00edm zm\u011bk\u010dovadel se m\u016f\u017ee st\u00e1t dostate\u010dn\u011b flexibiln\u00edm pro pou\u017eit\u00ed v kabel\u00e1\u017e\u00edch jako izolant dr\u00e1t\u016f. Pou\u017e\u00edv\u00e1 se tak\u00e9 k v\u00fdrob\u011b vinylov\u00fdch desek.[\/vc_column_text][\/vc_column][\/vc_row]<\/p>\n","protected":false},"excerpt":{"rendered":"<p>[vc_row content_width=&#8220;grid&#8220; css=&#8220;.vc_custom_1680693486844{padding-top: 0px !important;padding-bottom: 30px !important;}&#8220;][vc_column][\/vc_column][\/vc_row][vc_row css=&#8220;.vc_custom_1680693583475{padding-top: 50px !important;padding-bottom: 90px !important;}&#8220;][vc_column width=&#8220;1\/4&#8243;][vc_single_image image=&#8220;5065&#8243; img_size=&#8220;large&#8220;][vc_empty_space height=&#8220;15px&#8220;][vc_single_image image=&#8220;5071&#8243; img_size=&#8220;large&#8220;][vc_empty_space height=&#8220;15px&#8220;][vc_single_image image=&#8220;5074&#8243; img_size=&#8220;large&#8220;][\/vc_column][vc_column width=&#8220;3\/4&#8243;][vc_column_text] O polyvinylchloridu (PVC) Polyvinylchlorid (PVC) je termoplastick\u00fd polymer. Jedn\u00e1 se o vinylov\u00fd polymer slo\u017een\u00fd z opakuj\u00edc\u00edch se vinylov\u00fdch skupin (ethenyl\u016f), u kter\u00fdch je&#8230;<\/p>\n","protected":false},"author":1,"featured_media":0,"parent":5198,"menu_order":0,"comment_status":"closed","ping_status":"closed","template":"","meta":{"footnotes":""},"class_list":["post-5206","page","type-page","status-publish","hentry"],"_links":{"self":[{"href":"https:\/\/www.litchema.lt\/cs\/wp-json\/wp\/v2\/pages\/5206","targetHints":{"allow":["GET"]}}],"collection":[{"href":"https:\/\/www.litchema.lt\/cs\/wp-json\/wp\/v2\/pages"}],"about":[{"href":"https:\/\/www.litchema.lt\/cs\/wp-json\/wp\/v2\/types\/page"}],"author":[{"embeddable":true,"href":"https:\/\/www.litchema.lt\/cs\/wp-json\/wp\/v2\/users\/1"}],"replies":[{"embeddable":true,"href":"https:\/\/www.litchema.lt\/cs\/wp-json\/wp\/v2\/comments?post=5206"}],"version-history":[{"count":1,"href":"https:\/\/www.litchema.lt\/cs\/wp-json\/wp\/v2\/pages\/5206\/revisions"}],"predecessor-version":[{"id":5229,"href":"https:\/\/www.litchema.lt\/cs\/wp-json\/wp\/v2\/pages\/5206\/revisions\/5229"}],"up":[{"embeddable":true,"href":"https:\/\/www.litchema.lt\/cs\/wp-json\/wp\/v2\/pages\/5198"}],"wp:attachment":[{"href":"https:\/\/www.litchema.lt\/cs\/wp-json\/wp\/v2\/media?parent=5206"}],"curies":[{"name":"wp","href":"https:\/\/api.w.org\/{rel}","templated":true}]}}