{"id":4110,"date":"2016-10-26T13:41:37","date_gmt":"2016-10-26T13:41:37","guid":{"rendered":"https:\/\/www.litchema.lt\/about-us\/"},"modified":"2023-10-24T08:24:17","modified_gmt":"2023-10-24T08:24:17","slug":"apie-mus","status":"publish","type":"page","link":"https:\/\/www.litchema.lt\/lt\/apie-mus\/","title":{"rendered":"Apie mus"},"content":{"rendered":"<p>[vc_row content_width=&#8221;grid&#8221; css=&#8221;.vc_custom_1680683479461{padding-top: 89px !important;padding-bottom: 30px !important;}&#8221;][vc_column offset=&#8221;vc_col-lg-6&#8243;][vc_column_text]<\/p>\n<h2>Plastiko didmeninkai<\/h2>\n<p>[\/vc_column_text]<div class=\"mkd-separator-holder clearfix  mkd-separator-left\">\n\t<div class=\"mkd-separator\" style=\"border-color: #fdc94b;width: 40px;border-bottom-width: 2px;margin-top: 22px;margin-bottom: 22px\"><\/div>\n<\/div>\n\n<div class=\"mkd-custom-font-holder\" style=\"font-family: lato;font-size: 19px;line-height: 31px;font-weight: 400;color: #747474\" data-font-size= 19 data-line-height= 31>\n\tKonkurencingos kainos: UAB Litchema si\u016blo prieinam\u0105 vis\u0173 savo auk\u0161tos kokyb\u0117s plastiko \u017ealiav\u0173 kain\u0105.<\/div>[vc_empty_space height=&#8221;13px&#8221;][vc_column_text]<span lang=\"EN-US\">UAB \u201eLitchema\u201c \u2013 tarptautin\u0117 prekybos ir distribucijos \u012fmon\u0117, dirbanti polimer\u0173 ir chemijos rinkoje. Pagrindiniai produktai: PVC \u017ealiava, polietilenas (HDPE, LDPE, LLDPE), polipropilenas (HOMO, COPO, RANDOM), polistirenas (HIPS, GPPS) ir kitos plastiko bei chemijos \u017ealiavos.<br \/>\nGalime pasi\u016blyti tiek auk\u0161\u010diausios kokyb\u0117s, pirmini\u0173, tiek pereinamos kokyb\u0117s ir antrini\u0173 plastiko \u017ealiav\u0173. Prekiaudama pasaulin\u0117je plastiko \u017ealiavos ir chemijos rinkoje, UAB\u201eLitchema\u201c gali u\u017etikrinti konkurencing\u0105 kain\u0105 ir palankius plastiko \u017ealiav\u0173 pasi\u016blymus. Vienas svarbiausi\u0173 m\u016bs\u0173 u\u017edavini\u0173 \u2013 garantuoti galutiniams plastiko produkt\u0173 vartotojams geriausi\u0105 kain\u0105, taip u\u017etikrinant konkurencin\u012f prana\u0161um\u0105 j\u0173 pozicionuojamoje rinkoje.<br \/>\nOrientuodamiesi \u012f siaur\u0105 produkt\u0173 gam\u0105 \u2013 polietilenus HDPE, LDPE, LLDPE, polipropilenus (homopolimerus, copolimerus, random copolimerus), sm\u016bgiams atsparius polistirolus (HIPS) ir standartinius (GPPS) bei PVC, u\u017etikrinsime optimal\u0173 kokyb\u0117s ir kainos santyk\u012f.<\/span>[\/vc_column_text][vc_empty_space height=&#8221;28px&#8221;][vc_empty_space height=&#8221;30px&#8221;][\/vc_column][vc_column offset=&#8221;vc_col-lg-6&#8243;][vc_empty_space height=&#8221;22px&#8221;][vc_single_image image=&#8221;3637&#8243; img_size=&#8221;full&#8221;][vc_empty_space height=&#8221;30px&#8221;][\/vc_column][\/vc_row][vc_row content_width=&#8221;grid&#8221; content_aligment=&#8221;center&#8221; css=&#8221;.vc_custom_1688707939806{padding-top: 114px !important;padding-bottom: 120px !important;background-image: url(https:\/\/www.litchema.lt\/wp-content\/uploads\/2023\/05\/ABOUT-US-VIRSUSbl-ack.jpg?id=3672) !important;background-position: center !important;background-repeat: no-repeat !important;background-size: cover !important;}&#8221; el_class=&#8221;processersitb&#8221;][vc_column]<div  class=\"mkd-process-holder columns-4\"><div class=\"mkd-process-holder-inner\">\n<div class=\"mkd-process-item mkd-icon-or-number\">\n\n\n            <div class=\"mkd-process-item-icon-holder-wrapper\">\n            <div class=\"mkd-process-item-icon-holder-wrapper-inner\">\n                <div class=\"mkd-process-item-icon-holder\">\n            <span class=\"mkd-process-item-background-holder\">\n\n                    <span class=\"mkd-process-item-numeration\"><\/span>\n                <span class=\"mkd-process-item-background\">\n                    <span style=\"background-image:url(https:\/\/www.litchema.lt\/wp-content\/uploads\/2023\/07\/topic_trade-analysis.jpg)\"><\/span>\n                <\/span>\n            <\/span>\n                <\/div>\n            <\/div>\n        <\/div><!-- .mkd-process-item-icon-holder-wrapper -->\n    \n\n    <div class=\"mkd-process-item-content-holder\">\n        <div class=\"mkd-process-item-title-holder\">\n            <h5>\n            PREKYBA        <\/h5>\n    <\/div>\n    <div class=\"mkd-process-item-text-holder\">\n        <p>LITCHEMA n\u0117ra paprastas prekybininkas plastiko \u017ealiavomis. Tai LOGISTIKOS IR FINANSAVIMO PARTNERIS, i\u0161pildantis KLIENT\u0172 poreikius<\/p>\n    <\/div>\n<\/div><!-- .mkd-process-item-content-holder -->\n\n<\/div><!-- .mkd-process-item -->\n<div class=\"mkd-process-item mkd-icon-or-number\">\n\n\n            <div class=\"mkd-process-item-icon-holder-wrapper\">\n            <div class=\"mkd-process-item-icon-holder-wrapper-inner\">\n                <div class=\"mkd-process-item-icon-holder\">\n            <span class=\"mkd-process-item-background-holder\">\n\n                    <span class=\"mkd-process-item-numeration\"><\/span>\n                <span class=\"mkd-process-item-background\">\n                    <span style=\"background-image:url(https:\/\/www.litchema.lt\/wp-content\/uploads\/2023\/07\/gstic-blog-marine-plastics-pollution-facts-figures.jpg)\"><\/span>\n                <\/span>\n            <\/span>\n                <\/div>\n            <\/div>\n        <\/div><!-- .mkd-process-item-icon-holder-wrapper -->\n    \n\n    <div class=\"mkd-process-item-content-holder\">\n        <div class=\"mkd-process-item-title-holder\">\n            <h5>\n            SPRENDIMAI        <\/h5>\n    <\/div>\n    <div class=\"mkd-process-item-text-holder\">\n        <p>Turime patyrusi\u0105 profesional\u0173 komand\u0105<\/p>\n    <\/div>\n<\/div><!-- .mkd-process-item-content-holder -->\n\n<\/div><!-- .mkd-process-item -->\n<div class=\"mkd-process-item mkd-icon-or-number\">\n\n\n            <div class=\"mkd-process-item-icon-holder-wrapper\">\n            <div class=\"mkd-process-item-icon-holder-wrapper-inner\">\n                <div class=\"mkd-process-item-icon-holder\">\n            <span class=\"mkd-process-item-background-holder\">\n\n                    <span class=\"mkd-process-item-numeration\"><\/span>\n                <span class=\"mkd-process-item-background\">\n                    <span style=\"background-image:url(https:\/\/www.litchema.lt\/wp-content\/uploads\/2023\/07\/Tinkama-2.jpg)\"><\/span>\n                <\/span>\n            <\/span>\n                <\/div>\n            <\/div>\n        <\/div><!-- .mkd-process-item-icon-holder-wrapper -->\n    \n\n    <div class=\"mkd-process-item-content-holder\">\n        <div class=\"mkd-process-item-title-holder\">\n            <h5>\n            APTARNAVIMO KOKYB\u0116        <\/h5>\n    <\/div>\n    <div class=\"mkd-process-item-text-holder\">\n        <p>M\u016bs\u0173 prioritetas: klient\u0173 aptarnavimo kokyb\u0117<\/p>\n    <\/div>\n<\/div><!-- .mkd-process-item-content-holder -->\n\n<\/div><!-- .mkd-process-item -->\n<div class=\"mkd-process-item mkd-icon-or-number\">\n\n\n            <div class=\"mkd-process-item-icon-holder-wrapper\">\n            <div class=\"mkd-process-item-icon-holder-wrapper-inner\">\n                <div class=\"mkd-process-item-icon-holder\">\n            <span class=\"mkd-process-item-background-holder\">\n\n                    <span class=\"mkd-process-item-numeration\"><\/span>\n                <span class=\"mkd-process-item-background\">\n                    <span style=\"background-image:url(https:\/\/www.litchema.lt\/wp-content\/uploads\/2023\/07\/Tinkamas-5.jpg)\"><\/span>\n                <\/span>\n            <\/span>\n                <\/div>\n            <\/div>\n        <\/div><!-- .mkd-process-item-icon-holder-wrapper -->\n    \n\n    <div class=\"mkd-process-item-content-holder\">\n        <div class=\"mkd-process-item-title-holder\">\n            <h5>\n            GREITIS        <\/h5>\n    <\/div>\n    <div class=\"mkd-process-item-text-holder\">\n        <p>Logistikos paslaugas vykdome laiku<\/p>\n    <\/div>\n<\/div><!-- .mkd-process-item-content-holder -->\n\n<\/div><!-- .mkd-process-item --><\/div><\/div>[\/vc_column][\/vc_row][vc_row content_width=&#8221;grid&#8221; css=&#8221;.vc_custom_1680683464853{padding-top: 60px !important;padding-bottom: 25px !important;}&#8221;][vc_column offset=&#8221;vc_col-md-4&#8243;]<div class=\"mkd-iwt clearfix mkd-iwt-icon-left mkd-iwt-icon-small\">\n    <div class=\"mkd-iwt-icon-holder\">\n                    \n    <span class=\"mkd-icon-shortcode normal\"  data-hover-color=\"#9b9a9a\" data-color=\"#3f6aaf\">\n        \n            <i class=\"mkd-icon-simple-line-icon icon-layers mkd-icon-element\" style=\"color: #3f6aaf;font-size:34px\" ><\/i>\n                <\/span>\n\n                <\/div>\n    <div class=\"mkd-iwt-content-holder\" >\n        <div class=\"mkd-iwt-title-holder\">\n            <h5  class=\"mkd-iwt-title\">\n            Kokybi\u0161ki produktai        <\/h5>\n    <\/div>\n    <div class=\"mkd-iwt-text-holder\">\n        <p >M\u016bs\u0173 \u012fmon\u0117 si\u016blo kokybi\u0161kas plastiko \u017ealiavas, atitinkan\u010dias visus pramon\u0117s standartus.<\/p>\n\n            <\/div>\n<\/div>\n<\/div>[vc_empty_space height=&#8221;30px&#8221;][\/vc_column][vc_column offset=&#8221;vc_col-md-4&#8243;]<div class=\"mkd-iwt clearfix mkd-iwt-icon-left mkd-iwt-icon-small\">\n    <div class=\"mkd-iwt-icon-holder\">\n                    \n    <span class=\"mkd-icon-shortcode normal\"  data-hover-color=\"#9b9a9a\" data-color=\"#3f6aaf\">\n        \n            <i class=\"mkd-icon-simple-line-icon icon-social-dropbox mkd-icon-element\" style=\"color: #3f6aaf;font-size:34px\" ><\/i>\n                <\/span>\n\n                <\/div>\n    <div class=\"mkd-iwt-content-holder\" >\n        <div class=\"mkd-iwt-title-holder\">\n            <h5  class=\"mkd-iwt-title\">\n            Platus pasirinkimas        <\/h5>\n    <\/div>\n    <div class=\"mkd-iwt-text-holder\">\n        <p >Turime didel\u012f plastiko \u017ealiav\u0173 pasirinkim\u0105, t.y. pirmines, antrines, bei perdirbtas granules, aglomeratus ir kitas plastiko formas.<\/p>\n\n            <\/div>\n<\/div>\n<\/div>[vc_empty_space height=&#8221;30px&#8221;][\/vc_column][vc_column offset=&#8221;vc_col-md-4&#8243;]<div class=\"mkd-iwt clearfix mkd-iwt-icon-left mkd-iwt-icon-small\">\n    <div class=\"mkd-iwt-icon-holder\">\n                    \n    <span class=\"mkd-icon-shortcode normal\"  data-hover-color=\"#9b9a9a\" data-color=\"#3f6aaf\">\n        \n            <i class=\"mkd-icon-simple-line-icon icon-grid mkd-icon-element\" style=\"color: #3f6aaf;font-size:34px\" ><\/i>\n                <\/span>\n\n                <\/div>\n    <div class=\"mkd-iwt-content-holder\" >\n        <div class=\"mkd-iwt-title-holder\">\n            <h5  class=\"mkd-iwt-title\">\n            Konsultacijos        <\/h5>\n    <\/div>\n    <div class=\"mkd-iwt-text-holder\">\n        <p >Parinksime \u017ealiavas pagal konkre\u010dius klient\u0173 poreikius.<\/p>\n\n            <\/div>\n<\/div>\n<\/div>[vc_empty_space height=&#8221;30px&#8221;][\/vc_column][\/vc_row][vc_row content_width=&#8221;grid&#8221; css=&#8221;.vc_custom_1477492491329{padding-top: 0px !important;padding-bottom: 51px !important;}&#8221;][vc_column offset=&#8221;vc_col-md-4&#8243;]<div class=\"mkd-iwt clearfix mkd-iwt-icon-left mkd-iwt-icon-small\">\n    <div class=\"mkd-iwt-icon-holder\">\n                    \n    <span class=\"mkd-icon-shortcode normal\"  data-hover-color=\"#9b9a9a\" data-color=\"#3f6aaf\">\n        \n            <i class=\"mkd-icon-simple-line-icon icon-wallet mkd-icon-element\" style=\"color: #3f6aaf;font-size:34px\" ><\/i>\n                <\/span>\n\n                <\/div>\n    <div class=\"mkd-iwt-content-holder\" >\n        <div class=\"mkd-iwt-title-holder\">\n            <h5  class=\"mkd-iwt-title\">\n            Konkurencingos kainos        <\/h5>\n    <\/div>\n    <div class=\"mkd-iwt-text-holder\">\n        <p >Si\u016blome geriausias kainas visoms auk\u0161tos kokyb\u0117s plastiko \u017ealiavoms.<\/p>\n\n            <\/div>\n<\/div>\n<\/div>[vc_empty_space height=&#8221;30px&#8221;][\/vc_column][vc_column offset=&#8221;vc_col-md-4&#8243;]<div class=\"mkd-iwt clearfix mkd-iwt-icon-left mkd-iwt-icon-small\">\n    <div class=\"mkd-iwt-icon-holder\">\n                    \n    <span class=\"mkd-icon-shortcode normal\"  data-hover-color=\"#9b9a9a\" data-color=\"#3f6aaf\">\n        \n            <i class=\"mkd-icon-simple-line-icon icon-refresh mkd-icon-element\" style=\"color: #3f6aaf;font-size:34px\" ><\/i>\n                <\/span>\n\n                <\/div>\n    <div class=\"mkd-iwt-content-holder\" >\n        <div class=\"mkd-iwt-title-holder\">\n            <h5  class=\"mkd-iwt-title\">\n            Draugi\u0161kumas aplinkai        <\/h5>\n    <\/div>\n    <div class=\"mkd-iwt-text-holder\">\n        <p >Jei \u012fmanoma, naudokite ekologi\u0161kas med\u017eiagas, kad suma\u017eintum\u0117te plastiko poveik\u012f aplinkai.<\/p>\n\n            <\/div>\n<\/div>\n<\/div>[vc_empty_space height=&#8221;30px&#8221;][\/vc_column][vc_column offset=&#8221;vc_col-md-4&#8243;]<div class=\"mkd-iwt clearfix mkd-iwt-icon-left mkd-iwt-icon-small\">\n    <div class=\"mkd-iwt-icon-holder\">\n                    \n    <span class=\"mkd-icon-shortcode normal\"  data-hover-color=\"#9b9a9a\" data-color=\"#3f6aaf\">\n        \n            <i class=\"mkd-icon-simple-line-icon icon-people mkd-icon-element\" style=\"color: #3f6aaf;font-size:34px\" ><\/i>\n                <\/span>\n\n                <\/div>\n    <div class=\"mkd-iwt-content-holder\" >\n        <div class=\"mkd-iwt-title-holder\">\n            <h5  class=\"mkd-iwt-title\">\n            Patyrusi komanda        <\/h5>\n    <\/div>\n    <div class=\"mkd-iwt-text-holder\">\n        <p >Turime patyrusi\u0105 profesional\u0173 komand\u0105, kurios tikslas \u2013 teikti auk\u0161\u010diausios klas\u0117s klient\u0173 aptarnavim\u0105.<\/p>\n\n            <\/div>\n<\/div>\n<\/div>[vc_empty_space height=&#8221;30px&#8221;][\/vc_column][\/vc_row]<\/p>\n","protected":false},"excerpt":{"rendered":"<p>[vc_row content_width=&#8221;grid&#8221; css=&#8221;.vc_custom_1680683479461{padding-top: 89px !important;padding-bottom: 30px !important;}&#8221;][vc_column offset=&#8221;vc_col-lg-6&#8243;][vc_column_text] Plastiko didmeninkai [\/vc_column_text][vc_empty_space height=&#8221;13px&#8221;][vc_column_text]UAB \u201eLitchema\u201c \u2013 tarptautin\u0117 prekybos ir distribucijos \u012fmon\u0117, dirbanti polimer\u0173 ir chemijos rinkoje. Pagrindiniai produktai: PVC \u017ealiava, polietilenas (HDPE, LDPE, LLDPE), polipropilenas (HOMO, COPO, RANDOM), polistirenas (HIPS, GPPS) ir kitos plastiko bei chemijos \u017ealiavos&#8230;.<\/p>\n","protected":false},"author":1,"featured_media":0,"parent":0,"menu_order":0,"comment_status":"closed","ping_status":"closed","template":"full-width.php","meta":{"footnotes":""},"class_list":["post-4110","page","type-page","status-publish","hentry"],"_links":{"self":[{"href":"https:\/\/www.litchema.lt\/lt\/wp-json\/wp\/v2\/pages\/4110","targetHints":{"allow":["GET"]}}],"collection":[{"href":"https:\/\/www.litchema.lt\/lt\/wp-json\/wp\/v2\/pages"}],"about":[{"href":"https:\/\/www.litchema.lt\/lt\/wp-json\/wp\/v2\/types\/page"}],"author":[{"embeddable":true,"href":"https:\/\/www.litchema.lt\/lt\/wp-json\/wp\/v2\/users\/1"}],"replies":[{"embeddable":true,"href":"https:\/\/www.litchema.lt\/lt\/wp-json\/wp\/v2\/comments?post=4110"}],"version-history":[{"count":7,"href":"https:\/\/www.litchema.lt\/lt\/wp-json\/wp\/v2\/pages\/4110\/revisions"}],"predecessor-version":[{"id":5161,"href":"https:\/\/www.litchema.lt\/lt\/wp-json\/wp\/v2\/pages\/4110\/revisions\/5161"}],"wp:attachment":[{"href":"https:\/\/www.litchema.lt\/lt\/wp-json\/wp\/v2\/media?parent=4110"}],"curies":[{"name":"wp","href":"https:\/\/api.w.org\/{rel}","templated":true}]}}