{"id":4116,"date":"2023-04-05T08:15:02","date_gmt":"2023-04-05T08:15:02","guid":{"rendered":"https:\/\/www.litchema.lt\/?page_id=4116"},"modified":"2023-10-19T13:16:31","modified_gmt":"2023-10-19T13:16:31","slug":"produktai","status":"publish","type":"page","link":"https:\/\/www.litchema.lt\/lt\/produktai\/","title":{"rendered":"Produktai"},"content":{"rendered":"<p>[vc_row content_width=&#8221;grid&#8221; css=&#8221;.vc_custom_1696490320671{margin-top: -66px !important;padding-top: 30px !important;padding-bottom: 90px !important;background-image: url(https:\/\/www.litchema.lt\/wp-content\/uploads\/2023\/10\/laivas-prailgintas-claded-tamsintas-1.jpg?id=5098) !important;background-position: center !important;background-repeat: no-repeat !important;background-size: cover !important;}&#8221; el_class=&#8221;productsprocess&#8221;][vc_column][vc_column_text el_class=&#8221;texterproducter&#8221;]<\/p>\n<h3 style=\"text-align: center;\">LITCHEMA n\u0117ra tiesiog prekybininkas plastiko \u017ealiavomis. Mes esame LOGISTIKOS IR FINANS\u0172 PARTNERIS, matantis KLIENT\u0172 poreikius, teikiantis pristatymo ir finansavimo (kai to reikia) paslaugas.<\/h3>\n<p>[\/vc_column_text]<div  class=\"mkd-process-holder columns-4\"><div class=\"mkd-process-holder-inner\">\n<div class=\"mkd-process-item mkd-icon-or-number\">\n\n\n            <a href=\"\/lt\/produktai\/pe-polietilenas\/\" class=\"mkd-process-item-icon-holder-wrapper\">\n            <div class=\"mkd-process-item-icon-holder-wrapper-inner\">\n                <div class=\"mkd-process-item-icon-holder\">\n            <span class=\"mkd-process-item-background-holder\">\n\n                    <span class=\"mkd-process-item-numeration\"><\/span>\n                <span class=\"mkd-process-item-background\">\n                    <span style=\"background-image:url(https:\/\/www.litchema.lt\/wp-content\/uploads\/2023\/05\/PE-Pirmas.jpg)\"><\/span>\n                <\/span>\n            <\/span>\n                <\/div>\n            <\/div>\n        <\/a><!-- .mkd-process-item-icon-holder-wrapper -->\n    \n\n    <div class=\"mkd-process-item-content-holder\">\n        <div class=\"mkd-process-item-title-holder\">\n            <h5>\n            PE Polietilenas        <\/h5>\n    <\/div>\n    <div class=\"mkd-process-item-text-holder\">\n        <p><\/p>\n    <\/div>\n<\/div><!-- .mkd-process-item-content-holder -->\n\n<\/div><!-- .mkd-process-item -->\n<div class=\"mkd-process-item mkd-icon-or-number\">\n\n\n            <a href=\"\/lt\/produktai\/pp-polypropylene\/\" class=\"mkd-process-item-icon-holder-wrapper\">\n            <div class=\"mkd-process-item-icon-holder-wrapper-inner\">\n                <div class=\"mkd-process-item-icon-holder\">\n            <span class=\"mkd-process-item-background-holder\">\n\n                    <span class=\"mkd-process-item-numeration\"><\/span>\n                <span class=\"mkd-process-item-background\">\n                    <span style=\"background-image:url(https:\/\/www.litchema.lt\/wp-content\/uploads\/2023\/05\/PP-Pirmas.jpg)\"><\/span>\n                <\/span>\n            <\/span>\n                <\/div>\n            <\/div>\n        <\/a><!-- .mkd-process-item-icon-holder-wrapper -->\n    \n\n    <div class=\"mkd-process-item-content-holder\">\n        <div class=\"mkd-process-item-title-holder\">\n            <h5>\n            PP Polipropilenas        <\/h5>\n    <\/div>\n    <div class=\"mkd-process-item-text-holder\">\n        <p><\/p>\n    <\/div>\n<\/div><!-- .mkd-process-item-content-holder -->\n\n<\/div><!-- .mkd-process-item -->\n<div class=\"mkd-process-item mkd-icon-or-number\">\n\n\n            <a href=\"\/lt\/produktai\/ps-polystyrene\/\" class=\"mkd-process-item-icon-holder-wrapper\">\n            <div class=\"mkd-process-item-icon-holder-wrapper-inner\">\n                <div class=\"mkd-process-item-icon-holder\">\n            <span class=\"mkd-process-item-background-holder\">\n\n                    <span class=\"mkd-process-item-numeration\"><\/span>\n                <span class=\"mkd-process-item-background\">\n                    <span style=\"background-image:url(https:\/\/www.litchema.lt\/wp-content\/uploads\/2023\/05\/PS-Pirmas.jpg)\"><\/span>\n                <\/span>\n            <\/span>\n                <\/div>\n            <\/div>\n        <\/a><!-- .mkd-process-item-icon-holder-wrapper -->\n    \n\n    <div class=\"mkd-process-item-content-holder\">\n        <div class=\"mkd-process-item-title-holder\">\n            <h5>\n            PS Polistirenas        <\/h5>\n    <\/div>\n    <div class=\"mkd-process-item-text-holder\">\n        <p><\/p>\n    <\/div>\n<\/div><!-- .mkd-process-item-content-holder -->\n\n<\/div><!-- .mkd-process-item -->\n<div class=\"mkd-process-item mkd-icon-or-number\">\n\n\n            <a href=\"\/lt\/produktai\/pvc-polyvinyl-chloride\/\" class=\"mkd-process-item-icon-holder-wrapper\">\n            <div class=\"mkd-process-item-icon-holder-wrapper-inner\">\n                <div class=\"mkd-process-item-icon-holder\">\n            <span class=\"mkd-process-item-background-holder\">\n\n                    <span class=\"mkd-process-item-numeration\"><\/span>\n                <span class=\"mkd-process-item-background\">\n                    <span style=\"background-image:url(https:\/\/www.litchema.lt\/wp-content\/uploads\/2023\/05\/PVC-pirmas.jpg)\"><\/span>\n                <\/span>\n            <\/span>\n                <\/div>\n            <\/div>\n        <\/a><!-- .mkd-process-item-icon-holder-wrapper -->\n    \n\n    <div class=\"mkd-process-item-content-holder\">\n        <div class=\"mkd-process-item-title-holder\">\n            <h5>\n            PVC Polivinilchloridas        <\/h5>\n    <\/div>\n    <div class=\"mkd-process-item-text-holder\">\n        <p><\/p>\n    <\/div>\n<\/div><!-- .mkd-process-item-content-holder -->\n\n<\/div><!-- .mkd-process-item --><\/div><\/div>[\/vc_column][\/vc_row]<\/p>\n","protected":false},"excerpt":{"rendered":"<p>[vc_row content_width=&#8221;grid&#8221; css=&#8221;.vc_custom_1696490320671{margin-top: -66px !important;padding-top: 30px !important;padding-bottom: 90px !important;background-image: url(https:\/\/www.litchema.lt\/wp-content\/uploads\/2023\/10\/laivas-prailgintas-claded-tamsintas-1.jpg?id=5098) !important;background-position: center !important;background-repeat: no-repeat !important;background-size: cover !important;}&#8221; el_class=&#8221;productsprocess&#8221;][vc_column][vc_column_text el_class=&#8221;texterproducter&#8221;] LITCHEMA n\u0117ra tiesiog prekybininkas plastiko \u017ealiavomis. Mes esame LOGISTIKOS IR FINANS\u0172 PARTNERIS, matantis KLIENT\u0172 poreikius, teikiantis pristatymo ir finansavimo (kai to reikia) paslaugas. [\/vc_column_text][\/vc_column][\/vc_row]<\/p>\n","protected":false},"author":1,"featured_media":0,"parent":0,"menu_order":0,"comment_status":"closed","ping_status":"closed","template":"full-width.php","meta":{"footnotes":""},"class_list":["post-4116","page","type-page","status-publish","hentry"],"_links":{"self":[{"href":"https:\/\/www.litchema.lt\/lt\/wp-json\/wp\/v2\/pages\/4116","targetHints":{"allow":["GET"]}}],"collection":[{"href":"https:\/\/www.litchema.lt\/lt\/wp-json\/wp\/v2\/pages"}],"about":[{"href":"https:\/\/www.litchema.lt\/lt\/wp-json\/wp\/v2\/types\/page"}],"author":[{"embeddable":true,"href":"https:\/\/www.litchema.lt\/lt\/wp-json\/wp\/v2\/users\/1"}],"replies":[{"embeddable":true,"href":"https:\/\/www.litchema.lt\/lt\/wp-json\/wp\/v2\/comments?post=4116"}],"version-history":[{"count":7,"href":"https:\/\/www.litchema.lt\/lt\/wp-json\/wp\/v2\/pages\/4116\/revisions"}],"predecessor-version":[{"id":5144,"href":"https:\/\/www.litchema.lt\/lt\/wp-json\/wp\/v2\/pages\/4116\/revisions\/5144"}],"wp:attachment":[{"href":"https:\/\/www.litchema.lt\/lt\/wp-json\/wp\/v2\/media?parent=4116"}],"curies":[{"name":"wp","href":"https:\/\/api.w.org\/{rel}","templated":true}]}}