{"id":4122,"date":"2016-10-27T14:16:38","date_gmt":"2016-10-27T14:16:38","guid":{"rendered":"https:\/\/www.litchema.lt\/contact-us\/"},"modified":"2023-11-08T13:58:01","modified_gmt":"2023-11-08T13:58:01","slug":"kontaktai","status":"publish","type":"page","link":"https:\/\/www.litchema.lt\/lt\/kontaktai\/","title":{"rendered":"Kontaktai"},"content":{"rendered":"<p>[vc_row content_width=&#8221;grid&#8221; el_class=&#8221;contactrowitb&#8221;][vc_column width=&#8221;1\/2&#8243;][vc_row_inner][vc_column_inner width=&#8221;1\/2&#8243;][vc_column_text]<\/p>\n<h3>M\u016bs\u0173 kontaktai<\/h3>\n<p><strong>Direktorius<\/strong><br \/>\nBernardas Borisevi\u010dius<br \/>\nTel.: <a href=\"tel:+37065576076\">+37065576076<\/a><br \/>\nEl. pa\u0161tas: <a href=\"mailto:bernardas@litchema.lt\">bernardas@litchema.lt<\/a><\/p>\n<p><strong>Vykdantysis Direktorius<\/strong><br \/>\nMarius Mu\u0161auskas<br \/>\nTel.: <a href=\"tel:+37061135500\">+37061135500<\/a><br \/>\nEl. pa\u0161tas: <a href=\"mailto:marius@litchema.lt\">marius@litchema.lt<\/a><\/p>\n<p><strong>Transporto\/Logistikos vadybinink\u0117<\/strong><br \/>\nInga Jank\u016bnien\u0117<br \/>\nTel.: <a href=\"tel:+37064055772\">+37064055772<\/a><br \/>\nEl. pa\u0161tas: <a href=\"mailto:transport@litchema.lt\">transport@litchema.lt<\/a>[\/vc_column_text][\/vc_column_inner][vc_column_inner width=&#8221;1\/2&#8243;][vc_column_text]<\/p>\n<h3 class=\"mt0\">Adresas<\/h3>\n<p>JSC \u201cLitchema\u201d<br \/>\nSavanori\u0173 pr. 166 LT-44149<br \/>\nKaunas, Lietuva<\/p>\n<h3>Rekvizitai<\/h3>\n<p>\u012emon\u0117s kodas: 302559596<br \/>\nPVM kodas: LT100005726513<br \/>\nDirektorius: Bernardas Borisevi\u010dius<br \/>\nAdresas: Savanori\u0173 pr. 166, LT-44149 Kaunas<\/p>\n<p>El pa\u0161tas: <a href=\"mailto:info@litchema.lt\">info@litchema.lt<\/a><br \/>\nFax.: +37037717666[\/vc_column_text][\/vc_column_inner][\/vc_row_inner][\/vc_column][vc_column width=&#8221;1\/2&#8243;][vc_empty_space height=&#8221;10px&#8221;][vc_single_image image=&#8221;3311&#8243; img_size=&#8221;full&#8221;][\/vc_column][\/vc_row][vc_row][vc_column][vc_raw_html]JTNDZGl2JTIwY2xhc3MlM0QlMjJnb29nbGUtbWFwcyUyMiUzRSUzQ2lmcmFtZSUyMHNyYyUzRCUyMmh0dHBzJTNBJTJGJTJGd3d3Lmdvb2dsZS5jb20lMkZtYXBzJTJGZW1iZWQlM0ZwYiUzRCUyMTFtMTglMjExbTEyJTIxMW0zJTIxMWQyMjkzLjc0ODc5MTU4NjQ0NCUyMTJkMjMuOTIzNzI1NjE2MDIxNjI0JTIxM2Q1NC45MDczMzEyNjQzNDQ2JTIxMm0zJTIxMWYwJTIxMmYwJTIxM2YwJTIxM20yJTIxMWkxMDI0JTIxMmk3NjglMjE0ZjEzLjElMjEzbTMlMjExbTIlMjExczB4NDZlNzE4OWIxMTY5YjQ2ZCUyNTNBMHhiMjM2OTY0MWQyODczOTc0JTIxMnNMaXRjaGVtYSUyMTVlMCUyMTNtMiUyMTFzZW4lMjEyc2x0JTIxNHYxNjgwNjg0MTgzMzU0JTIxNW0yJTIxMXNlbiUyMTJzbHQlMjIlMjB3aWR0aCUzRCUyMjYwMCUyMiUyMGhlaWdodCUzRCUyMjQ1MCUyMiUyMHN0eWxlJTNEJTIyYm9yZGVyJTNBMCUzQiUyMiUyMGFsbG93ZnVsbHNjcmVlbiUzRCUyMiUyMiUyMGxvYWRpbmclM0QlMjJsYXp5JTIyJTIwcmVmZXJyZXJwb2xpY3klM0QlMjJuby1yZWZlcnJlci13aGVuLWRvd25ncmFkZSUyMiUzRSUzQyUyRmlmcmFtZSUzRSUwQSUzQyUyRmRpdiUzRQ==[\/vc_raw_html][\/vc_column][\/vc_row]<\/p>\n","protected":false},"excerpt":{"rendered":"<p>[vc_row content_width=&#8221;grid&#8221; el_class=&#8221;contactrowitb&#8221;][vc_column width=&#8221;1\/2&#8243;][vc_row_inner][vc_column_inner width=&#8221;1\/2&#8243;][vc_column_text] M\u016bs\u0173 kontaktai Direktorius Bernardas Borisevi\u010dius Tel.: +37065576076 El. pa\u0161tas: bernardas@litchema.lt Vykdantysis Direktorius Marius Mu\u0161auskas Tel.: +37061135500 El. pa\u0161tas: marius@litchema.lt Transporto\/Logistikos vadybinink\u0117 Inga Jank\u016bnien\u0117 Tel.: +37064055772 El. pa\u0161tas: transport@litchema.lt[\/vc_column_text][\/vc_column_inner][vc_column_inner width=&#8221;1\/2&#8243;][vc_column_text] Adresas JSC \u201cLitchema\u201d Savanori\u0173 pr. 166 LT-44149 Kaunas, Lietuva Rekvizitai \u012emon\u0117s&#8230;<\/p>\n","protected":false},"author":1,"featured_media":0,"parent":0,"menu_order":0,"comment_status":"closed","ping_status":"closed","template":"full-width.php","meta":{"footnotes":""},"class_list":["post-4122","page","type-page","status-publish","hentry"],"_links":{"self":[{"href":"https:\/\/www.litchema.lt\/lt\/wp-json\/wp\/v2\/pages\/4122","targetHints":{"allow":["GET"]}}],"collection":[{"href":"https:\/\/www.litchema.lt\/lt\/wp-json\/wp\/v2\/pages"}],"about":[{"href":"https:\/\/www.litchema.lt\/lt\/wp-json\/wp\/v2\/types\/page"}],"author":[{"embeddable":true,"href":"https:\/\/www.litchema.lt\/lt\/wp-json\/wp\/v2\/users\/1"}],"replies":[{"embeddable":true,"href":"https:\/\/www.litchema.lt\/lt\/wp-json\/wp\/v2\/comments?post=4122"}],"version-history":[{"count":6,"href":"https:\/\/www.litchema.lt\/lt\/wp-json\/wp\/v2\/pages\/4122\/revisions"}],"predecessor-version":[{"id":5168,"href":"https:\/\/www.litchema.lt\/lt\/wp-json\/wp\/v2\/pages\/4122\/revisions\/5168"}],"wp:attachment":[{"href":"https:\/\/www.litchema.lt\/lt\/wp-json\/wp\/v2\/media?parent=4122"}],"curies":[{"name":"wp","href":"https:\/\/api.w.org\/{rel}","templated":true}]}}