{"id":4525,"date":"2016-10-19T12:37:02","date_gmt":"2016-10-19T12:37:02","guid":{"rendered":"https:\/\/www.litchema.lt\/petroleum-home\/"},"modified":"2023-10-24T08:15:10","modified_gmt":"2023-10-24T08:15:10","slug":"petroleum-home","status":"publish","type":"page","link":"https:\/\/www.litchema.lt\/lt\/","title":{"rendered":"Litchema"},"content":{"rendered":"<p>[vc_row content_width=&#8221;grid&#8221; css=&#8221;.vc_custom_1478526386039{background-color: #f5f7f7 !important;background-position: center !important;background-repeat: no-repeat !important;background-size: cover !important;}&#8221;][vc_column css=&#8221;.vc_custom_1696496443700{margin-top: -29% !important;padding-top: 32px !important;padding-right: 32px !important;padding-bottom: 32px !important;padding-left: 32px !important;}&#8221; el_class=&#8221;homepagemovingonslider&#8221;][vc_row_inner][vc_column_inner][vc_raw_html]JTNDZGl2JTIwY2xhc3MlM0QlMjJzbGlkZXItYnViYmxlcy13cmFwcGVyJTIyJTNFJTBBJTIwJTIwJTIwJTIwJTNDZGl2JTIwY2xhc3MlM0QlMjJzbGlkZXItYnViYmxlcy1pbiUyMiUzRSUwQSUyMCUyMCUyMCUyMCUyMCUyMCUyMCUyMCUzQ2ElMjBjbGFzcyUzRCUyMnNsaWRlYnViYmxlJTIyJTIwaHJlZiUzRCUyMiUyRmx0JTJGcHJvZHVrdGFpJTJGcGUtcG9saWV0aWxlbmFzJTJGJTIyJTNFJTBBJTIwJTIwJTIwJTIwJTIwJTIwJTIwJTIwJTIwJTIwJTIwJTIwJTNDZGl2JTIwY2xhc3MlM0QlMjJzbGlkZWJ1YmJsZWltYWdld3JhcHBlciUyMiUzRSUwQSUyMCUyMCUyMCUyMCUyMCUyMCUyMCUyMCUyMCUyMCUyMCUyMCUyMCUyMCUyMCUyMCUzQ2ltZyUyMHNyYyUzRCUyMiUyRndwLWNvbnRlbnQlMkZ1cGxvYWRzJTJGMjAyMyUyRjEwJTJGUEUtUGlybWFzLmpwZyUyMiUyMHRpdGxlJTNEJTIyUEUlMjBQb2x5ZXRoeWxlbmUlMjIlM0UlMEElMjAlMjAlMjAlMjAlMjAlMjAlMjAlMjAlMjAlMjAlMjAlMjAlM0MlMkZkaXYlM0UlMEElMjAlMjAlMjAlMjAlMjAlMjAlMjAlMjAlMjAlMjAlMjAlMjAlM0NkaXYlMjBjbGFzcyUzRCUyMnNsaWRlYnViYmxldGV4dHN3cmFwcGVyaXRiJTIyJTNFJTBBJTIwJTIwJTIwJTIwJTIwJTIwJTIwJTIwJTIwJTIwJTIwJTIwJTIwJTIwJTIwJTIwJTNDaDMlM0VQRSUyMFBvbGlldGlsZW5hcyUzQyUyRmgzJTNFJTBBJTIwJTIwJTIwJTIwJTIwJTIwJTIwJTIwJTIwJTIwJTIwJTIwJTNDJTJGZGl2JTNFJTBBJTIwJTIwJTIwJTIwJTIwJTIwJTIwJTIwJTNDJTJGYSUzRSUwQSUyMCUyMCUyMCUyMCUyMCUyMCUyMCUyMCUzQ2ElMjBjbGFzcyUzRCUyMnNsaWRlYnViYmxlJTIyJTIwaHJlZiUzRCUyMiUyRmx0JTJGcHJvZHVrdGFpJTJGcHAtcG9seXByb3B5bGVuZSUyRiUyMiUzRSUwQSUyMCUyMCUyMCUyMCUyMCUyMCUyMCUyMCUyMCUyMCUyMCUyMCUzQ2RpdiUyMGNsYXNzJTNEJTIyc2xpZGVidWJibGVpbWFnZXdyYXBwZXIlMjIlM0UlMEElMjAlMjAlMjAlMjAlMjAlMjAlMjAlMjAlMjAlMjAlMjAlMjAlMjAlMjAlMjAlMjAlM0NpbWclMjBzcmMlM0QlMjIlMkZ3cC1jb250ZW50JTJGdXBsb2FkcyUyRjIwMjMlMkYxMCUyRlBQLVBpcm1hcy5qcGclMjIlMjB0aXRsZSUzRCUyMlBQJTIwUG9seXByb3B5bGVuZSUyMiUzRSUwQSUyMCUyMCUyMCUyMCUyMCUyMCUyMCUyMCUyMCUyMCUyMCUyMCUzQyUyRmRpdiUzRSUwQSUyMCUyMCUyMCUyMCUyMCUyMCUyMCUyMCUyMCUyMCUyMCUyMCUzQ2RpdiUyMGNsYXNzJTNEJTIyc2xpZGVidWJibGV0ZXh0c3dyYXBwZXJpdGIlMjIlM0UlMEElMjAlMjAlMjAlMjAlMjAlMjAlMjAlMjAlMjAlMjAlMjAlMjAlMjAlMjAlMjAlMjAlM0NoMyUzRVBQJTIwUG9saXByb3BpbGVuYXMlM0MlMkZoMyUzRSUwQSUyMCUyMCUyMCUyMCUyMCUyMCUyMCUyMCUyMCUyMCUyMCUyMCUzQyUyRmRpdiUzRSUwQSUyMCUyMCUyMCUyMCUyMCUyMCUyMCUyMCUzQyUyRmElM0UlMEElMjAlMjAlMjAlMjAlMjAlMjAlMjAlMjAlM0NhJTIwY2xhc3MlM0QlMjJzbGlkZWJ1YmJsZSUyMiUyMGhyZWYlM0QlMjIlMkZsdCUyRnByb2R1a3RhaSUyRnBzLXBvbHlzdHlyZW5lJTJGJTIyJTNFJTBBJTIwJTIwJTIwJTIwJTIwJTIwJTIwJTIwJTIwJTIwJTIwJTIwJTNDZGl2JTIwY2xhc3MlM0QlMjJzbGlkZWJ1YmJsZWltYWdld3JhcHBlciUyMiUzRSUwQSUyMCUyMCUyMCUyMCUyMCUyMCUyMCUyMCUyMCUyMCUyMCUyMCUyMCUyMCUyMCUyMCUzQ2ltZyUyMHNyYyUzRCUyMiUyRndwLWNvbnRlbnQlMkZ1cGxvYWRzJTJGMjAyMyUyRjEwJTJGUFMtUGlybWFzLmpwZyUyMiUyMHRpdGxlJTNEJTIyUFMlMjBQb2x5c3R5cmVuZSUyMiUzRSUwQSUyMCUyMCUyMCUyMCUyMCUyMCUyMCUyMCUyMCUyMCUyMCUyMCUzQyUyRmRpdiUzRSUwQSUyMCUyMCUyMCUyMCUyMCUyMCUyMCUyMCUyMCUyMCUyMCUyMCUzQ2RpdiUyMGNsYXNzJTNEJTIyc2xpZGVidWJibGV0ZXh0c3dyYXBwZXJpdGIlMjIlM0UlMEElMjAlMjAlMjAlMjAlMjAlMjAlMjAlMjAlMjAlMjAlMjAlMjAlMjAlMjAlMjAlMjAlM0NoMyUzRVBTJTIwUG9saXN0aXJlbmFzJTNDJTJGaDMlM0UlMEElMjAlMjAlMjAlMjAlMjAlMjAlMjAlMjAlMjAlMjAlMjAlMjAlM0MlMkZkaXYlM0UlMEElMjAlMjAlMjAlMjAlMjAlMjAlMjAlMjAlM0MlMkZhJTNFJTBBJTIwJTIwJTIwJTIwJTIwJTIwJTIwJTIwJTNDYSUyMGNsYXNzJTNEJTIyc2xpZGVidWJibGUlMjIlMjBocmVmJTNEJTIyJTJGbHQlMkZwcm9kdWt0YWklMkZwdmMtcG9seXZpbnlsLWNobG9yaWRlJTJGJTIyJTNFJTBBJTIwJTIwJTIwJTIwJTIwJTIwJTIwJTIwJTIwJTIwJTIwJTIwJTNDZGl2JTIwY2xhc3MlM0QlMjJzbGlkZWJ1YmJsZWltYWdld3JhcHBlciUyMiUzRSUwQSUyMCUyMCUyMCUyMCUyMCUyMCUyMCUyMCUyMCUyMCUyMCUyMCUyMCUyMCUyMCUyMCUzQ2ltZyUyMHNyYyUzRCUyMiUyRndwLWNvbnRlbnQlMkZ1cGxvYWRzJTJGMjAyMyUyRjEwJTJGUFZDLXBpcm1hcy5qcGclMjIlMjB0aXRsZSUzRCUyMlBWQyUyMFBvbHl2aW55bCUyMENobG9yaWRlJTIyJTNFJTBBJTIwJTIwJTIwJTIwJTIwJTIwJTIwJTIwJTIwJTIwJTIwJTIwJTNDJTJGZGl2JTNFJTBBJTIwJTIwJTIwJTIwJTIwJTIwJTIwJTIwJTIwJTIwJTIwJTIwJTNDZGl2JTIwY2xhc3MlM0QlMjJzbGlkZWJ1YmJsZXRleHRzd3JhcHBlcml0YiUyMiUzRSUwQSUyMCUyMCUyMCUyMCUyMCUyMCUyMCUyMCUyMCUyMCUyMCUyMCUyMCUyMCUyMCUyMCUzQ2gzJTNFUFZDJTIwUG9saXZpbmlsY2hsb3JpZGFzJTNDJTJGaDMlM0UlMEElMjAlMjAlMjAlMjAlMjAlMjAlMjAlMjAlMjAlMjAlMjAlMjAlM0MlMkZkaXYlM0UlMEElMjAlMjAlMjAlMjAlMjAlMjAlMjAlMjAlM0MlMkZhJTNFJTBBJTIwJTIwJTIwJTIwJTNDJTJGZGl2JTNFJTBBJTNDJTJGZGl2JTNF[\/vc_raw_html][\/vc_column_inner][\/vc_row_inner][\/vc_column][\/vc_row][vc_row content_width=&#8221;grid&#8221; css=&#8221;.vc_custom_1478526925764{padding-top: 91px !important;padding-bottom: 105px !important;background-color: #f5f7f7 !important;}&#8221;][vc_column]<div class=\"mkd-elements-holder mkd-two-columns mkd-responsive-mode-768\" ><div class=\"mkd-elements-holder-item \"  >\n\t<div class=\"mkd-elements-holder-item-inner\">\n\t\t<div class=\"mkd-elements-holder-item-content mkd-elements-holder-custom-265616\" style=\"padding: 0 4% 0 0\">\n\t\t\t\t\t\t[vc_column_text]<\/p>\n<h2>Apie mus<\/h2>\n<p>[\/vc_column_text]<div class=\"mkd-separator-holder clearfix  mkd-separator-left\">\n\t<div class=\"mkd-separator\" style=\"border-color: #3f6aaf;width: 40px;border-bottom-width: 3px;margin-top: 19px;margin-bottom: 10px\"><\/div>\n<\/div>\n[vc_column_text]UAB \u201eLitchema\u201c \u2013 tarptautin\u0117 prekybos ir distribucijos \u012fmon\u0117, dirbanti polimer\u0173 ir chemijos rinkoje. Pagrindiniai produktai: PVC \u017ealiava, polietilenas (HDPE, LDPE, LLDPE), polipropilenas (HOMO, COPO, RANDOM), polistirenas (HIPS, GPPS) ir kitos plastiko bei chemijos \u017ealiavos.<br \/>\nGalime pasi\u016blyti tiek auk\u0161\u010diausios kokyb\u0117s, pirmini\u0173, tiek pereinamos kokyb\u0117s ir antrini\u0173 plastiko \u017ealiav\u0173. Prekiaudama pasaulin\u0117je plastiko \u017ealiavos ir chemijos rinkoje, UAB\u201eLitchema\u201c gali u\u017etikrinti konkurencing\u0105 kain\u0105 ir palankius plastiko \u017ealiav\u0173 pasi\u016blymus. Vienas svarbiausi\u0173 m\u016bs\u0173 u\u017edavini\u0173 \u2013 garantuoti galutiniams plastiko produkt\u0173 vartotojams geriausi\u0105 kain\u0105, taip u\u017etikrinant konkurencin\u012f prana\u0161um\u0105 j\u0173 pozicionuojamoje rinkoje.[\/vc_column_text][vc_empty_space height=&#8221;37px&#8221;]\n<div class=\"mkd-unordered-list mkd-animate-list\" >\n\n            <ul>\n                            <li class=\"mkd-list-item\">\n\n                    \n                    <span class=\"icon\"><i class=\"mkd-icon-ion-icon ion-android-checkbox-outline \" style=\"color:#2b2a28;font-size:22px\" ><\/i><\/span>\n                    <span class=\"text\" style=\"color:#929191;font-size:15px\">Kokybi\u0161ki produktai<\/span>\n                <\/li>\n                            <li class=\"mkd-list-item\">\n\n                    \n                    <span class=\"icon\"><i class=\"mkd-icon-ion-icon ion-android-checkbox-outline \" style=\"color:#2b2a28;font-size:22px\" ><\/i><\/span>\n                    <span class=\"text\" style=\"color:#929191;font-size:15px\">Konkurencingos kainos<\/span>\n                <\/li>\n                            <li class=\"mkd-list-item\">\n\n                    \n                    <span class=\"icon\"><i class=\"mkd-icon-ion-icon ion-android-checkbox-outline \" style=\"color:#2b2a28;font-size:22px\" ><\/i><\/span>\n                    <span class=\"text\" style=\"color:#929191;font-size:15px\">Patyrusi komanda<\/span>\n                <\/li>\n                            <li class=\"mkd-list-item\">\n\n                    \n                    <span class=\"icon\"><i class=\"mkd-icon-ion-icon ion-android-checkbox-outline \" style=\"color:#2b2a28;font-size:22px\" ><\/i><\/span>\n                    <span class=\"text\" style=\"color:#929191;font-size:15px\">Si\u016blome nemokam\u0105 pagalb\u0105<\/span>\n                <\/li>\n                    <\/ul>\n    \n<\/div>[vc_empty_space height=&#8221;37px&#8221;]\t\t<\/div>\n\t<\/div>\n<\/div><div class=\"mkd-elements-holder-item mkd-horizontal-alignment-right\"  style=\"background-image: url(https:\/\/www.litchema.lt\/wp-content\/uploads\/2023\/05\/paletes.jpg)\">\n\t<div class=\"mkd-elements-holder-item-inner\">\n\t\t<div class=\"mkd-elements-holder-item-content mkd-elements-holder-custom-685454\" style=\"padding: 25px 0 0 3%\">\n\t\t\t\t\t\t<style type=\"text\/css\" data-type=\"mkd-elements-custom-padding\" scoped>\n                \t\t\t\t\t\t\t\t\t\t\t\t\t\t\t\t@media only screen and (min-width: 600px) and (max-width: 768px) {\n\t\t\t\t\t.mkd-elements-holder-item-content.mkd-elements-holder-custom-685454 {\n\t\t\t\t\t\tpadding: 30% 0 30% 0% !important;\n\t\t\t\t\t}\n\t\t\t\t}\n\t\t\t\t\t\t\t\t\t\t\t\t\t\t\t\t@media only screen and (max-width: 480px) {\n\t\t\t\t\t.mkd-elements-holder-item-content.mkd-elements-holder-custom-685454 {\n\t\t\t\t\t\tpadding: 30% 0 30% 0% !important;\n\t\t\t\t\t}\n\t\t\t\t}\n\t\t\t\t\t\t\t\t<\/style>\n\t\t\t\t\t\t\t\t<\/div>\n\t<\/div>\n<\/div><\/div>[\/vc_column][\/vc_row][vc_row content_width=&#8221;grid&#8221; css=&#8221;.vc_custom_1683819331684{padding-top: 200px !important;padding-bottom: 200px !important;background-image: url(https:\/\/www.litchema.lt\/wp-content\/uploads\/2023\/05\/laivas.jpg?id=3641) !important;background-position: center !important;background-repeat: no-repeat !important;background-size: cover !important;}&#8221; el_id=&#8221;principles&#8221;][vc_column][vc_row_inner][vc_column_inner width=&#8221;1\/4&#8243;][vc_column_text]<\/p>\n<h3>Prekyba<\/h3>\n<p>Patikimas tinkam\u0173 \u017ealiav\u0173 pristatymas<\/p>\n<h3>Sprendimai<\/h3>\n<p>Turime patyrusi\u0105 profesional\u0173 komand\u0105[\/vc_column_text][\/vc_column_inner][vc_column_inner width=&#8221;1\/4&#8243;][vc_column_text]<\/p>\n<h3>Prioritetai<\/h3>\n<p>M\u016bs\u0173 prioritetas: klient\u0173 aptarnavimo kokyb\u0117<\/p>\n<h3>Greitis<\/h3>\n<p>Logistikos paslaugas vykdome laiku[\/vc_column_text][\/vc_column_inner][vc_column_inner width=&#8221;1\/4&#8243;][\/vc_column_inner][vc_column_inner width=&#8221;1\/4&#8243;][\/vc_column_inner][\/vc_row_inner][vc_empty_space height=&#8221;30px&#8221;]<a itemprop=\"url\" href=\"\/apie-mus\/\" target=\"_self\"  class=\"mkd-btn mkd-btn-medium mkd-btn-solid\"  >\n    <span class=\"mkd-btn-text\">Pla\u010diau<\/span>\n    <\/a>[\/vc_column][\/vc_row][vc_row content_width=&#8221;grid&#8221; css=&#8221;.vc_custom_1680689869496{padding-top: 91px !important;padding-bottom: 105px !important;background-color: #f5f7f7 !important;}&#8221; el_id=&#8221;consultation&#8221;][vc_column]<div class=\"mkd-elements-holder mkd-two-columns mkd-responsive-mode-768\" ><div class=\"mkd-elements-holder-item \"  >\n\t<div class=\"mkd-elements-holder-item-inner\">\n\t\t<div class=\"mkd-elements-holder-item-content mkd-elements-holder-custom-174127\" style=\"padding: 0 4% 0 0\">\n\t\t\t\t\t\t[vc_column_text]<\/p>\n<h3>Nemokama konsultacija!<\/h3>\n<p>[\/vc_column_text][vc_empty_space height=&#8221;30px&#8221;]\n<div class=\"wpcf7 no-js\" id=\"wpcf7-f111-o1\" lang=\"en-US\" dir=\"ltr\" data-wpcf7-id=\"111\">\n<div class=\"screen-reader-response\"><p role=\"status\" aria-live=\"polite\" aria-atomic=\"true\"><\/p> <ul><\/ul><\/div>\n<form action=\"\/lt\/wp-json\/wp\/v2\/pages\/4525#wpcf7-f111-o1\" method=\"post\" class=\"wpcf7-form init cf7_custom_style_2\" aria-label=\"Contact form\" novalidate=\"novalidate\" data-status=\"init\">\n<fieldset class=\"hidden-fields-container\"><input type=\"hidden\" name=\"_wpcf7\" value=\"111\" \/><input type=\"hidden\" name=\"_wpcf7_version\" value=\"6.1.5\" \/><input type=\"hidden\" name=\"_wpcf7_locale\" value=\"en_US\" \/><input type=\"hidden\" name=\"_wpcf7_unit_tag\" value=\"wpcf7-f111-o1\" \/><input type=\"hidden\" name=\"_wpcf7_container_post\" value=\"0\" \/><input type=\"hidden\" name=\"_wpcf7_posted_data_hash\" value=\"\" \/>\n<\/fieldset>\n<p><span class=\"wpcf7-form-control-wrap\" data-name=\"your-name\"><input size=\"40\" maxlength=\"400\" class=\"wpcf7-form-control wpcf7-text wpcf7-validates-as-required\" aria-required=\"true\" aria-invalid=\"false\" placeholder=\"Vardas:\" value=\"\" type=\"text\" name=\"your-name\" \/><\/span><br \/>\n<span class=\"wpcf7-form-control-wrap\" data-name=\"your-email\"><input size=\"40\" maxlength=\"400\" class=\"wpcf7-form-control wpcf7-email wpcf7-validates-as-required wpcf7-text wpcf7-validates-as-email\" aria-required=\"true\" aria-invalid=\"false\" placeholder=\"El. pa\u0161tas:\" value=\"\" type=\"email\" name=\"your-email\" \/><\/span><br \/>\n<span class=\"wpcf7-form-control-wrap\" data-name=\"your-message\"><textarea cols=\"40\" rows=\"10\" maxlength=\"2000\" class=\"wpcf7-form-control wpcf7-textarea\" aria-invalid=\"false\" placeholder=\"\u017dinut\u0117:\" name=\"your-message\"><\/textarea><\/span><br \/>\n<input class=\"wpcf7-form-control wpcf7-submit has-spinner\" type=\"submit\" value=\"Pateikti\" \/>\n<\/p><div class=\"wpcf7-response-output\" aria-hidden=\"true\"><\/div>\n<\/form>\n<\/div>\n[vc_empty_space height=&#8221;20px&#8221;]\t\t<\/div>\n\t<\/div>\n<\/div><div class=\"mkd-elements-holder-item \"  style=\"background-image: url(https:\/\/www.litchema.lt\/wp-content\/uploads\/2023\/04\/contact-1-e1694452763633.jpg)\">\n\t<div class=\"mkd-elements-holder-item-inner\">\n\t\t<div class=\"mkd-elements-holder-item-content mkd-elements-holder-custom-590982\" style=\"padding: 25px 0 0 3%\">\n\t\t\t\t\t\t<style type=\"text\/css\" data-type=\"mkd-elements-custom-padding\" scoped>\n                \t\t\t\t\t\t\t\t\t\t\t\t\t\t\t\t@media only screen and (min-width: 600px) and (max-width: 768px) {\n\t\t\t\t\t.mkd-elements-holder-item-content.mkd-elements-holder-custom-590982 {\n\t\t\t\t\t\tpadding: 30% 0 30% 0% !important;\n\t\t\t\t\t}\n\t\t\t\t}\n\t\t\t\t\t\t\t\t\t\t\t\t\t\t\t\t@media only screen and (max-width: 480px) {\n\t\t\t\t\t.mkd-elements-holder-item-content.mkd-elements-holder-custom-590982 {\n\t\t\t\t\t\tpadding: 30% 0 30% 0% !important;\n\t\t\t\t\t}\n\t\t\t\t}\n\t\t\t\t\t\t\t\t<\/style>\n\t\t\t\t\t\t\t\t<\/div>\n\t<\/div>\n<\/div><\/div>[\/vc_column][\/vc_row][vc_row content_width=&#8221;grid&#8221; content_aligment=&#8221;center&#8221; css=&#8221;.vc_custom_1478601365687{padding-top: 80px !important;padding-bottom: 39px !important;}&#8221;][vc_column]<div class=\"mkd-clients-carousel-holder clearfix\"><div class=\"mkd-clients-carousel  mkd-owl-shortcode-slider\" data-items=\"5\" data-autoplay=\"3\" data-pause=\"yes\" data-loop=\"yes\" data-navigation=\"no\" data-pagination=\"no\"><div class=\"mkd-clients-carousel-item-holder\">\n                        <span class=\"mkd-clients-carousel-first-image-holder mkd-has-hover-image mkd-image-change\">\n\t\t\t\t<img decoding=\"async\" src=\"https:\/\/www.litchema.lt\/wp-content\/uploads\/2023\/07\/ordelen.png\" alt=\"Unip\">\n\t\t\t<\/span>\n                            <span class=\"mkd-clients-carousel-second-image-holder mkd-has-hover-image mkd-image-change\">\n\t\t\t\t<img decoding=\"async\" src=\"https:\/\/www.litchema.lt\/wp-content\/uploads\/2023\/07\/ordelen.png\" alt=\"Unip\">\n\t\t\t<\/span>\n                <\/div><div class=\"mkd-clients-carousel-item-holder\">\n                        <span class=\"mkd-clients-carousel-first-image-holder mkd-has-hover-image mkd-image-change\">\n\t\t\t\t<img decoding=\"async\" src=\"https:\/\/www.litchema.lt\/wp-content\/uploads\/2023\/07\/rompetrol.png\" alt=\"Rompetrol\">\n\t\t\t<\/span>\n                            <span class=\"mkd-clients-carousel-second-image-holder mkd-has-hover-image mkd-image-change\">\n\t\t\t\t<img decoding=\"async\" src=\"https:\/\/www.litchema.lt\/wp-content\/uploads\/2023\/07\/rompetrol.png\" alt=\"Rompetrol\">\n\t\t\t<\/span>\n                <\/div><div class=\"mkd-clients-carousel-item-holder\">\n                        <span class=\"mkd-clients-carousel-first-image-holder mkd-has-hover-image mkd-image-change\">\n\t\t\t\t<img decoding=\"async\" src=\"https:\/\/www.litchema.lt\/wp-content\/uploads\/2023\/07\/ineos.png\" alt=\"Ineos\">\n\t\t\t<\/span>\n                            <span class=\"mkd-clients-carousel-second-image-holder mkd-has-hover-image mkd-image-change\">\n\t\t\t\t<img decoding=\"async\" src=\"https:\/\/www.litchema.lt\/wp-content\/uploads\/2023\/07\/ineos.png\" alt=\"Ineos\">\n\t\t\t<\/span>\n                <\/div><div class=\"mkd-clients-carousel-item-holder\">\n                        <span class=\"mkd-clients-carousel-first-image-holder mkd-has-hover-image mkd-image-change\">\n\t\t\t\t<img decoding=\"async\" src=\"https:\/\/www.litchema.lt\/wp-content\/uploads\/2023\/07\/Versalis.png\" alt=\"Versalis\">\n\t\t\t<\/span>\n                            <span class=\"mkd-clients-carousel-second-image-holder mkd-has-hover-image mkd-image-change\">\n\t\t\t\t<img decoding=\"async\" src=\"https:\/\/www.litchema.lt\/wp-content\/uploads\/2023\/07\/Versalis.png\" alt=\"Versalis\">\n\t\t\t<\/span>\n                <\/div><div class=\"mkd-clients-carousel-item-holder\">\n                        <span class=\"mkd-clients-carousel-first-image-holder mkd-has-hover-image mkd-image-change\">\n\t\t\t\t<img decoding=\"async\" src=\"https:\/\/www.litchema.lt\/wp-content\/uploads\/2023\/07\/Arba.png\" alt=\"arabai\">\n\t\t\t<\/span>\n                            <span class=\"mkd-clients-carousel-second-image-holder mkd-has-hover-image mkd-image-change\">\n\t\t\t\t<img decoding=\"async\" src=\"https:\/\/www.litchema.lt\/wp-content\/uploads\/2023\/07\/Arba.png\" alt=\"arabai\">\n\t\t\t<\/span>\n                <\/div><div class=\"mkd-clients-carousel-item-holder\">\n        <a href=\"#\" target=\"_blank\">\n                            <span class=\"mkd-clients-carousel-first-image-holder mkd-has-hover-image mkd-image-change\">\n\t\t\t\t<img decoding=\"async\" src=\"https:\/\/www.litchema.lt\/wp-content\/uploads\/2023\/07\/vynova.png\" alt=\"vynova\">\n\t\t\t<\/span>\n                            <span class=\"mkd-clients-carousel-second-image-holder mkd-has-hover-image mkd-image-change\">\n\t\t\t\t<img decoding=\"async\" src=\"https:\/\/www.litchema.lt\/wp-content\/uploads\/2023\/07\/vynova.png\" alt=\"vynova\">\n\t\t\t<\/span>\n                    <\/a>\n<\/div><\/div><\/div>[\/vc_column][\/vc_row]<\/p>\n","protected":false},"excerpt":{"rendered":"<p>[vc_row content_width=&#8221;grid&#8221; css=&#8221;.vc_custom_1478526386039{background-color: #f5f7f7 !important;background-position: center !important;background-repeat: no-repeat !important;background-size: cover !important;}&#8221;][vc_column css=&#8221;.vc_custom_1696496443700{margin-top: -29% !important;padding-top: 32px !important;padding-right: 32px !important;padding-bottom: 32px !important;padding-left: 32px !important;}&#8221; el_class=&#8221;homepagemovingonslider&#8221;][vc_row_inner][vc_column_inner][vc_raw_html]JTNDZGl2JTIwY2xhc3MlM0QlMjJzbGlkZXItYnViYmxlcy13cmFwcGVyJTIyJTNFJTBBJTIwJTIwJTIwJTIwJTNDZGl2JTIwY2xhc3MlM0QlMjJzbGlkZXItYnViYmxlcy1pbiUyMiUzRSUwQSUyMCUyMCUyMCUyMCUyMCUyMCUyMCUyMCUzQ2ElMjBjbGFzcyUzRCUyMnNsaWRlYnViYmxlJTIyJTIwaHJlZiUzRCUyMiUyRmx0JTJGcHJvZHVrdGFpJTJGcGUtcG9saWV0aWxlbmFzJTJGJTIyJTNFJTBBJTIwJTIwJTIwJTIwJTIwJTIwJTIwJTIwJTIwJTIwJTIwJTIwJTNDZGl2JTIwY2xhc3MlM0QlMjJzbGlkZWJ1YmJsZWltYWdld3JhcHBlciUyMiUzRSUwQSUyMCUyMCUyMCUyMCUyMCUyMCUyMCUyMCUyMCUyMCUyMCUyMCUyMCUyMCUyMCUyMCUzQ2ltZyUyMHNyYyUzRCUyMiUyRndwLWNvbnRlbnQlMkZ1cGxvYWRzJTJGMjAyMyUyRjEwJTJGUEUtUGlybWFzLmpwZyUyMiUyMHRpdGxlJTNEJTIyUEUlMjBQb2x5ZXRoeWxlbmUlMjIlM0UlMEElMjAlMjAlMjAlMjAlMjAlMjAlMjAlMjAlMjAlMjAlMjAlMjAlM0MlMkZkaXYlM0UlMEElMjAlMjAlMjAlMjAlMjAlMjAlMjAlMjAlMjAlMjAlMjAlMjAlM0NkaXYlMjBjbGFzcyUzRCUyMnNsaWRlYnViYmxldGV4dHN3cmFwcGVyaXRiJTIyJTNFJTBBJTIwJTIwJTIwJTIwJTIwJTIwJTIwJTIwJTIwJTIwJTIwJTIwJTIwJTIwJTIwJTIwJTNDaDMlM0VQRSUyMFBvbGlldGlsZW5hcyUzQyUyRmgzJTNFJTBBJTIwJTIwJTIwJTIwJTIwJTIwJTIwJTIwJTIwJTIwJTIwJTIwJTNDJTJGZGl2JTNFJTBBJTIwJTIwJTIwJTIwJTIwJTIwJTIwJTIwJTNDJTJGYSUzRSUwQSUyMCUyMCUyMCUyMCUyMCUyMCUyMCUyMCUzQ2ElMjBjbGFzcyUzRCUyMnNsaWRlYnViYmxlJTIyJTIwaHJlZiUzRCUyMiUyRmx0JTJGcHJvZHVrdGFpJTJGcHAtcG9seXByb3B5bGVuZSUyRiUyMiUzRSUwQSUyMCUyMCUyMCUyMCUyMCUyMCUyMCUyMCUyMCUyMCUyMCUyMCUzQ2RpdiUyMGNsYXNzJTNEJTIyc2xpZGVidWJibGVpbWFnZXdyYXBwZXIlMjIlM0UlMEElMjAlMjAlMjAlMjAlMjAlMjAlMjAlMjAlMjAlMjAlMjAlMjAlMjAlMjAlMjAlMjAlM0NpbWclMjBzcmMlM0QlMjIlMkZ3cC1jb250ZW50JTJGdXBsb2FkcyUyRjIwMjMlMkYxMCUyRlBQLVBpcm1hcy5qcGclMjIlMjB0aXRsZSUzRCUyMlBQJTIwUG9seXByb3B5bGVuZSUyMiUzRSUwQSUyMCUyMCUyMCUyMCUyMCUyMCUyMCUyMCUyMCUyMCUyMCUyMCUzQyUyRmRpdiUzRSUwQSUyMCUyMCUyMCUyMCUyMCUyMCUyMCUyMCUyMCUyMCUyMCUyMCUzQ2RpdiUyMGNsYXNzJTNEJTIyc2xpZGVidWJibGV0ZXh0c3dyYXBwZXJpdGIlMjIlM0UlMEElMjAlMjAlMjAlMjAlMjAlMjAlMjAlMjAlMjAlMjAlMjAlMjAlMjAlMjAlMjAlMjAlM0NoMyUzRVBQJTIwUG9saXByb3BpbGVuYXMlM0MlMkZoMyUzRSUwQSUyMCUyMCUyMCUyMCUyMCUyMCUyMCUyMCUyMCUyMCUyMCUyMCUzQyUyRmRpdiUzRSUwQSUyMCUyMCUyMCUyMCUyMCUyMCUyMCUyMCUzQyUyRmElM0UlMEElMjAlMjAlMjAlMjAlMjAlMjAlMjAlMjAlM0NhJTIwY2xhc3MlM0QlMjJzbGlkZWJ1YmJsZSUyMiUyMGhyZWYlM0QlMjIlMkZsdCUyRnByb2R1a3RhaSUyRnBzLXBvbHlzdHlyZW5lJTJGJTIyJTNFJTBBJTIwJTIwJTIwJTIwJTIwJTIwJTIwJTIwJTIwJTIwJTIwJTIwJTNDZGl2JTIwY2xhc3MlM0QlMjJzbGlkZWJ1YmJsZWltYWdld3JhcHBlciUyMiUzRSUwQSUyMCUyMCUyMCUyMCUyMCUyMCUyMCUyMCUyMCUyMCUyMCUyMCUyMCUyMCUyMCUyMCUzQ2ltZyUyMHNyYyUzRCUyMiUyRndwLWNvbnRlbnQlMkZ1cGxvYWRzJTJGMjAyMyUyRjEwJTJGUFMtUGlybWFzLmpwZyUyMiUyMHRpdGxlJTNEJTIyUFMlMjBQb2x5c3R5cmVuZSUyMiUzRSUwQSUyMCUyMCUyMCUyMCUyMCUyMCUyMCUyMCUyMCUyMCUyMCUyMCUzQyUyRmRpdiUzRSUwQSUyMCUyMCUyMCUyMCUyMCUyMCUyMCUyMCUyMCUyMCUyMCUyMCUzQ2RpdiUyMGNsYXNzJTNEJTIyc2xpZGVidWJibGV0ZXh0c3dyYXBwZXJpdGIlMjIlM0UlMEElMjAlMjAlMjAlMjAlMjAlMjAlMjAlMjAlMjAlMjAlMjAlMjAlMjAlMjAlMjAlMjAlM0NoMyUzRVBTJTIwUG9saXN0aXJlbmFzJTNDJTJGaDMlM0UlMEElMjAlMjAlMjAlMjAlMjAlMjAlMjAlMjAlMjAlMjAlMjAlMjAlM0MlMkZkaXYlM0UlMEElMjAlMjAlMjAlMjAlMjAlMjAlMjAlMjAlM0MlMkZhJTNFJTBBJTIwJTIwJTIwJTIwJTIwJTIwJTIwJTIwJTNDYSUyMGNsYXNzJTNEJTIyc2xpZGVidWJibGUlMjIlMjBocmVmJTNEJTIyJTJGbHQlMkZwcm9kdWt0YWklMkZwdmMtcG9seXZpbnlsLWNobG9yaWRlJTJGJTIyJTNFJTBBJTIwJTIwJTIwJTIwJTIwJTIwJTIwJTIwJTIwJTIwJTIwJTIwJTNDZGl2JTIwY2xhc3MlM0QlMjJzbGlkZWJ1YmJsZWltYWdld3JhcHBlciUyMiUzRSUwQSUyMCUyMCUyMCUyMCUyMCUyMCUyMCUyMCUyMCUyMCUyMCUyMCUyMCUyMCUyMCUyMCUzQ2ltZyUyMHNyYyUzRCUyMiUyRndwLWNvbnRlbnQlMkZ1cGxvYWRzJTJGMjAyMyUyRjEwJTJGUFZDLXBpcm1hcy5qcGclMjIlMjB0aXRsZSUzRCUyMlBWQyUyMFBvbHl2aW55bCUyMENobG9yaWRlJTIyJTNFJTBBJTIwJTIwJTIwJTIwJTIwJTIwJTIwJTIwJTIwJTIwJTIwJTIwJTNDJTJGZGl2JTNFJTBBJTIwJTIwJTIwJTIwJTIwJTIwJTIwJTIwJTIwJTIwJTIwJTIwJTNDZGl2JTIwY2xhc3MlM0QlMjJzbGlkZWJ1YmJsZXRleHRzd3JhcHBlcml0YiUyMiUzRSUwQSUyMCUyMCUyMCUyMCUyMCUyMCUyMCUyMCUyMCUyMCUyMCUyMCUyMCUyMCUyMCUyMCUzQ2gzJTNFUFZDJTIwUG9saXZpbmlsY2hsb3JpZGFzJTNDJTJGaDMlM0UlMEElMjAlMjAlMjAlMjAlMjAlMjAlMjAlMjAlMjAlMjAlMjAlMjAlM0MlMkZkaXYlM0UlMEElMjAlMjAlMjAlMjAlMjAlMjAlMjAlMjAlM0MlMkZhJTNFJTBBJTIwJTIwJTIwJTIwJTNDJTJGZGl2JTNFJTBBJTNDJTJGZGl2JTNF[\/vc_raw_html][\/vc_column_inner][\/vc_row_inner][\/vc_column][\/vc_row][vc_row content_width=&#8221;grid&#8221; css=&#8221;.vc_custom_1478526925764{padding-top: 91px !important;padding-bottom: 105px !important;background-color: #f5f7f7 !important;}&#8221;][vc_column][\/vc_column][\/vc_row][vc_row content_width=&#8221;grid&#8221; css=&#8221;.vc_custom_1683819331684{padding-top: 200px !important;padding-bottom: 200px !important;background-image: url(https:\/\/www.litchema.lt\/wp-content\/uploads\/2023\/05\/laivas.jpg?id=3641) !important;background-position: center !important;background-repeat: no-repeat !important;background-size: cover !important;}&#8221;&#8230;<\/p>\n","protected":false},"author":1,"featured_media":0,"parent":0,"menu_order":0,"comment_status":"closed","ping_status":"closed","template":"full-width.php","meta":{"footnotes":""},"class_list":["post-4525","page","type-page","status-publish","hentry"],"_links":{"self":[{"href":"https:\/\/www.litchema.lt\/lt\/wp-json\/wp\/v2\/pages\/4525","targetHints":{"allow":["GET"]}}],"collection":[{"href":"https:\/\/www.litchema.lt\/lt\/wp-json\/wp\/v2\/pages"}],"about":[{"href":"https:\/\/www.litchema.lt\/lt\/wp-json\/wp\/v2\/types\/page"}],"author":[{"embeddable":true,"href":"https:\/\/www.litchema.lt\/lt\/wp-json\/wp\/v2\/users\/1"}],"replies":[{"embeddable":true,"href":"https:\/\/www.litchema.lt\/lt\/wp-json\/wp\/v2\/comments?post=4525"}],"version-history":[{"count":17,"href":"https:\/\/www.litchema.lt\/lt\/wp-json\/wp\/v2\/pages\/4525\/revisions"}],"predecessor-version":[{"id":5160,"href":"https:\/\/www.litchema.lt\/lt\/wp-json\/wp\/v2\/pages\/4525\/revisions\/5160"}],"wp:attachment":[{"href":"https:\/\/www.litchema.lt\/lt\/wp-json\/wp\/v2\/media?parent=4525"}],"curies":[{"name":"wp","href":"https:\/\/api.w.org\/{rel}","templated":true}]}}