{"id":4527,"date":"2023-04-05T06:04:57","date_gmt":"2023-04-05T06:04:57","guid":{"rendered":"https:\/\/www.litchema.lt\/privacy-policy\/"},"modified":"2023-10-24T11:32:03","modified_gmt":"2023-10-24T11:32:03","slug":"privatumo-politika","status":"publish","type":"page","link":"https:\/\/www.litchema.lt\/lt\/privatumo-politika\/","title":{"rendered":"Privatumo politika"},"content":{"rendered":"<p>[vc_row el_class=&#8221;lineritb&#8221;][vc_column][vc_column_text]<\/p>\r\n<p><span style=\"font-weight: 400;\">Asmens duomen\u0173 apsaugos ir slapuk\u0173 politika<\/span><\/p>\r\n<p><span style=\"font-weight: 400;\">Sveiki atvyk\u0119 \u012f svetain\u0119 www.litchema.lt (toliau \u2013 svetain\u0117). Prisijungdami prie svetain\u0117s arba nar\u0161ydami svetain\u0117je sutinkate, kad perskait\u0117te, supratote ir be joki\u0173 apribojim\u0173 ar i\u0161lyg\u0173 sutikote su asmens duomen\u0173 ir slapuk\u0173 valdymo politika (toliau \u2013 politika) ir m\u016bs\u0173 naudojimo s\u0105lygomis. Atkreipkite d\u0117mes\u012f, kad kitoms \u201ePetrocean Europe\u201c svetain\u0117ms taikomos kitos s\u0105lygos ir asmens duomen\u0173 apsaugos politika, tod\u0117l rekomenduojame jas atid\u017eiai perskaityti.<\/span><\/p>\r\n<p><span style=\"font-weight: 400;\">Politika siekiama informuoti jus apie teises ir laisves, kuriomis galite pasinaudoti, kai mes naudojame j\u016bs\u0173 asmens duomenis, ir apra\u0161omos priemon\u0117s, kuri\u0173 imam\u0117s \u0161iems duomenims apsaugoti.<\/span><\/p>\r\n<p><span style=\"font-weight: 400;\">Total S.A yra \u201eduomen\u0173 valdytojas\u201c, atsakingas u\u017e asmens duomen\u0173, naudojam\u0173 svetainei tvarkyti, tvarkym\u0105. \u0160ios tvarkymo operacijos atliekamos pagal galiojan\u010dius \u012fstatymus.<\/span><\/p>\r\n<p><b>1. TVARKYMO TIKSLAS, TEISINIS PAGRINDAS, SAUGOJIMO LAIKOTARPIS IR RINKAM\u0172 DUOMEN\u0172 R\u016a\u0160YS<\/b><\/p>\r\n<p><span style=\"font-weight: 400;\">Kai lankot\u0117s svetain\u0117je, jums gali tekti mums pateikti kelet\u0105 asmens duomen\u0173, toki\u0173 kaip vardas ir pavard\u0117, kad gal\u0117tum\u0117te naudotis teikiamomis paslaugomis.<\/span><\/p>\r\n<p><span style=\"font-weight: 400;\">Duomen\u0173 valdytojas tvarko j\u016bs\u0173 asmens duomenis paslaug\u0173 teikimo tikslais ir savo teis\u0117to intereso.<\/span><\/p>\r\n<p><span style=\"font-weight: 400;\">Vis\u0173 pirma, mes galime rinkti kai kuriuos j\u016bs\u0173 asmens duomenis i\u0161orin\u0117s komunikacijos tikslais, kad gal\u0117tume atsakyti \u012f j\u016bs\u0173 informacijos u\u017eklausas.<\/span><\/p>\r\n<p><span style=\"font-weight: 400;\">M\u016bs\u0173 internetin\u0117se formose privalomi laukai pa\u017eym\u0117ti \u017evaig\u017edute. Jei nepateiksite atsakym\u0173 \u012f privalomus klausimus, negal\u0117sime suteikti Jums pageidaujamos (-\u0173) paslaugos (-\u0173).<\/span><\/p>\r\n<p><span style=\"font-weight: 400;\">J\u016bs\u0173 asmens duomenys v\u0117liau nebus tvarkomi tokiu b\u016bdu, kuris nesuderinamas su auk\u0161\u010diau ar \u017eemiau surinkimo formomis apra\u0161ytais tikslais. J\u016bs\u0173 duomenys saugomi ne ilgiau, nei b\u016btina tvarkymui.<\/span><\/p>\r\n<p style=\"text-align: left;\"><b>2. DUOMEN\u0172 GAV\u0116JAI<\/b><\/p>\r\n<p><span style=\"font-weight: 400;\">J\u016bs\u0173 asmens duomenys analiz\u0117s ir apklaus\u0173 tikslais gali b\u016bti perduodami vienam ar keliems duomen\u0173 valdytojo padaliniams arba Litchemos \u012fmon\u0117ms ir vienam ar keliems partneriams, nepriklausomiems platintojams ar subrangovams.<\/span><\/p>\r\n<p><span style=\"font-weight: 400;\">Jei paliksite komentar\u0105, kur\u012f ketinate paskelbti internete, m\u016bs\u0173 gali tekti paskelbti kai kuriuos j\u016bs\u0173 asmeninius duomenis svetain\u0117je. Atsi\u017evelgdami \u012f interneto ypatybes, b\u016btent neribot\u0105 paskelbt\u0173 duomen\u0173 fiksavim\u0105 ir \u012f tai, kad sunku arba net ne\u012fmanoma kontroliuoti, kaip tre\u010diosios \u0161alys gali naudoti \u0161iuos duomenis, informuojame, kad galite nesutikti su \u0161iuo paskelbimu susisiek\u0119 su mumis. kaip paai\u0161kinta toliau 5 straipsnyje.<\/span><\/p>\r\n<p><span style=\"font-weight: 400;\">Bet koks duomen\u0173 perdavimas \u012f \u0161al\u012f, nepriklausan\u010di\u0105 Europos ekonominei erdvei, turi b\u016bti vykdomas laikantis galiojan\u010di\u0173 teis\u0117s akt\u0173 ir tokiu b\u016bdu, kad b\u016bt\u0173 tinkamai apsaugoti j\u016bs\u0173 duomenys.<\/span><\/p>\r\n<p><span style=\"font-weight: 400;\">\u0160ioje svetain\u0117je teikiam\u0173 paslaug\u0173 tikslais J\u016bs\u0173 duomenys gali b\u016bti perduodami gav\u0117jams, esantiems u\u017e Europos S\u0105jungos rib\u0173.<\/span><\/p>\r\n<p><span style=\"font-weight: 400;\">D\u0117l \u0161ios prie\u017easties \u201ePetrocean Europe\u201c pri\u0117m\u0117 \u201e\u012epareigojan\u010dias \u012fmoni\u0173 taisykles\u201c (BCR), reglamentuojan\u010dias Europos ekonomin\u0117s erdv\u0117s kilm\u0117s asmens duomen\u0173 perdavim\u0105 Grup\u0117s viduje.<\/span><\/p>\r\n<p><span style=\"font-weight: 400;\">Duomen\u0173 perdavimui, kuriam netaikomas BCR, \u012f \u0161alis, nepriklausan\u010dias Europos ekonominei erdvei, suteikiamos kitos garantijos.<\/span><\/p>\r\n<p><span style=\"font-weight: 400;\">Galite papra\u0161yti kopijos susisiek\u0119 su mumis, kaip paai\u0161kinta toliau 5 straipsnyje.<\/span><\/p>\r\n<p><b>3. DUOMEN\u0172 SAUGUMAS IR KONFIDENCIALUMAS<\/b><\/p>\r\n<p><span style=\"font-weight: 400;\">Duomen\u0173 valdytojas imasi atitinkam\u0173 veiksm\u0173, kad i\u0161saugot\u0173 J\u016bs\u0173 asmens duomen\u0173 saugum\u0105 ir konfidencialum\u0105, \u012fskaitant tam, kad jie neb\u016bt\u0173 i\u0161kraipyti, sugadinti ar atskleisti neleistiniems tretiesiems asmenims.<\/span><\/p>\r\n<p><b>4. SLAPUK\u0172 VALDYMAS<\/b><\/p>\r\n<p><b>4.1 Principas<\/b><\/p>\r\n<p><span style=\"font-weight: 400;\">Slapukas yra failas, leid\u017eiantis svetainei i\u0161saugoti informacij\u0105, susijusi\u0105 su j\u016bs\u0173 kompiuterio nar\u0161ymu svetain\u0117je (pvz., apsilankym\u0173 skai\u010dius, per\u017ei\u016br\u0117t\u0173 puslapi\u0173 skai\u010dius ir kt.), kad j\u016bs\u0173 apsilankymai svetain\u0117je b\u016bt\u0173 sklandesni.<\/span><\/p>\r\n<p><span style=\"font-weight: 400;\">Galite bet kada i\u0161trinti kompiuteryje saugomus slapukus, prie\u0161tarauti nauj\u0173 slapuk\u0173 saugojimui ir gauti prane\u0161im\u0105 prie\u0161 i\u0161saugant naujus slapukus, pakeisdami savo nar\u0161ykl\u0117s nustatymus vadovaudamiesi toliau pateiktomis instrukcijomis (&#8222;Slapuk\u0173 tipai, slapukai ir statistika bei nustatymai \u201c).<\/span><\/p>\r\n<p><b>Atminkite, kad jei pa\u0161alinsite slapuk\u0105 arba nesutiksite, kad slapukai b\u016bt\u0173 saugomi j\u016bs\u0173 \u012frenginyje, jums gali nepavykti naudotis kai kuriomis svetain\u0117s paslaugomis.<\/b><\/p>\r\n<p><b>4.2 Slapuk\u0173 tipai, slapukai ir statistika bei nustatymai<\/b><\/p>\r\n<p><span style=\"font-weight: 400;\">Slapukai, kurie gali b\u016bti saugomi j\u016bs\u0173 serveryje, kai nar\u0161ote svetain\u0117je, yra slapukai, kurie yra skirti tik elektroniniam ry\u0161iui sudaryti ar palengvinti arba kurie yra grie\u017etai b\u016btini norint suteikti j\u016bs\u0173 pra\u0161om\u0105 paslaug\u0105 (kalbos slapukai, prisijungimo slapukai ir pan.), arba statistikos slapukus ar kitus slapukus pagal toliau nurodytas s\u0105lygas.<\/span><\/p>\r\n<p><span style=\"font-weight: 400;\">Kai reikalingi slapukai<\/span><b>j\u016bs\u0173 sutikim\u0105, kol jie gali b\u016bti i\u0161saugoti<\/b><span style=\"font-weight: 400;\">, pra\u0161ome j\u016bs\u0173 sudaryti \u0161i\u0105 sutart\u012f naudodami nuorod\u0105 \u201eSu\u017einokite daugiau\u201c, esan\u010di\u0105 pirmame svetain\u0117s, \u012f kuri\u0105 patenkate, puslapyje.<\/span><b>kuriame ai\u0161kiai nurodoma, kad toliau nar\u0161ydami svetain\u0117je sutinkate su \u0161iais slapukais.<\/b><\/p>\r\n<p><span style=\"font-weight: 400;\">Statistiniai slapukai naudojami matuoti apsilankym\u0173 skai\u010di\u0173, per\u017ei\u016br\u0117t\u0173 puslapi\u0173 skai\u010di\u0173, vartotoj\u0173 aktyvum\u0105 svetain\u0117je ir sugr\u012f\u017eimo da\u017enum\u0105. Naudojamas statistikos \u012frankis generuoja slapuk\u0105 su unikaliu identifikatoriumi, kuris saugomas ne ilgiau kaip. Taip pat renkamas j\u016bs\u0173 IP adresas, kad b\u016bt\u0173 galima nustatyti miest\u0105, i\u0161 kurio patenkate \u012f svetain\u0119. Tai i\u0161 karto po naudojimo anonimizuojama, kad j\u016bs\u0173 neb\u016bt\u0173 galima identifikuoti kaip fizin\u012f asmen\u012f. Statistinius duomenis apie apsilankymus svetain\u0117je renka paslaug\u0173 teik\u0117jas AT Internet ir v\u0117liau perduoda duomen\u0173 valdytojui apibendrinta ir anonimizuota forma \u017einiatinklio s\u0105sajoje, prie kurios jis vienas turi prieig\u0105. Surinkti duomenys neperduodami tre\u010diosioms \u0161alims ir nenaudojami kitais tikslais. \u0160iuos slapukus galite blokuoti naudodami auk\u0161\u010diau pateikt\u0105 \u201eatsisakymo\u201c proced\u016br\u0105<\/span><span style=\"font-weight: 400;\">http:\/\/www.xiti.com\/en\/optout.aspx<\/span><span style=\"font-weight: 400;\">.<\/span><\/p>\r\n<p><b>4.2.2. Kaip i\u0161trinate slapukus, gaunate prane\u0161im\u0105 apie j\u0173 saugojim\u0105 ar kei\u010diate nar\u0161ykl\u0117s nustatymus?<\/b><\/p>\r\n<ul>\r\n<li><b>Kaip i\u0161trinti slapukus, jau saugomus j\u016bs\u0173 kompiuteryje?<\/b><\/li>\r\n<li><span style=\"font-weight: 400;\">J\u016bs\u0173 darbo vietoje;<\/span><\/li>\r\n<li><span style=\"font-weight: 400;\">C: diske pasirinkite aplank\u0105 Windows;<\/span><\/li>\r\n<li><span style=\"font-weight: 400;\">Atidarykite aplank\u0105 \u201elaikinieji interneto failai\u201c;<\/span><\/li>\r\n<li><span style=\"font-weight: 400;\">Pasirinkite visus failus (CTRL A);<\/span><\/li>\r\n<li><span style=\"font-weight: 400;\">Pasirinkite parinkt\u012f \u201eI\u0161trinti\u201c;<\/span><\/li>\r\n<li><b>Kaip pakeisti nar\u0161ykl\u0117s nustatymus, kad b\u016bt\u0173 atmestas slapuk\u0173 saugojimas arba b\u016bti informuotas apie tai?<\/b><\/li>\r\n<li><span style=\"font-weight: 400;\">\u201eInternet Explorer 5\u201c (\u201eMicrosoft\u201c) nar\u0161ykl\u0117je: pasirinkite \u201e\u012erankiai\u201c, tada \u201eInterneto parinktys\u201c. Spustel\u0117kite skirtuk\u0105 \u201eSauga\u201c, tada \u201ePriskirtas lygis\u201c ir slinkite \u017eemyn iki skyriaus \u201eSlapukai\u201c. \u0160alia \u201eLeisti j\u016bs\u0173 kompiuteryje saugomus slapukus\u201c pasirinkite \u201ePra\u0161yti\u201c, kad b\u016btum\u0117te informuoti, arba \u201eI\u0161jungti\u201c, kad atsisakytum\u0117te vis\u0173 slapuk\u0173;<\/span><\/li>\r\n<li><span style=\"font-weight: 400;\">Internet Explorer 6, 7 arba 8 (Microsoft) nar\u0161ykl\u0117je: pasirinkite \u201e\u012erankiai\u201c, \u201eInterneto parinktys\u201c, \u201ePrivatumas\u201c, tada \u2013 norim\u0105 taikyti lyg\u012f;<\/span><\/li>\r\n<li><span style=\"font-weight: 400;\">\u201eFirefox\u201c nar\u0161ykl\u0117je: spustel\u0117kite \u201e\u012erankiai\u201c ir pasirinkite \u201eParinktys\u201c. Skirtuke \u201ePrivatumas ir saugumas\u201c panaikinkite varnel\u0119 laukelyje \u201ePriimti slapukus i\u0161 svetaini\u0173\u201c;<\/span><span style=\"font-weight: 400;\">\u2022<\/span><span style=\"font-weight: 400;\">\u201eChrome\u201c (\u201eGoogle\u201c) nar\u0161ykl\u0117je: spustel\u0117kite \u201eTinkinti ir valdyti Google Chrome\u201c ir pasirinkite \u201eNustatymai\u201c. Skiltyje \u201ePrivatumas ir saugumas\u201c spustel\u0117kite \u201eTurinio nustatymai\u201c ir \u012fgalinkite \u201eBlokuoti tre\u010di\u0173j\u0173 \u0161ali\u0173 slapukus\u201c.<\/span><\/li>\r\n<\/ul>\r\n<p><b>5. J\u016aS\u0172 TEIS\u0116S \/ KONTAKTAI<\/b><\/p>\r\n<p><span style=\"font-weight: 400;\">Pagal galiojan\u010dius teis\u0117s aktus j\u016bs turite teis\u0119 susipa\u017einti su savo asmens duomenimis, juos taisyti, i\u0161trinti ir nesutikti, kad jie b\u016bt\u0173 naudojami. J\u016bs taip pat turite teis\u0119 duoti i\u0161ankstin\u012f sutikim\u0105 d\u0117l rinkodaros ir prie\u0161tarauti jai pagal galiojan\u010dius teis\u0117s aktus. Galite pra\u0161yti, kad jums b\u016bt\u0173 atsi\u0173sti j\u016bs\u0173 asmens duomenys ir j\u016bs turite teis\u0119 duoti nurodymus d\u0117l j\u016bs\u0173 asmens duomen\u0173 naudojimo po j\u016bs\u0173 mirties. Taip pat galite pra\u0161yti apriboti duomenis ir (arba) pateikti pretenzij\u0105 CNIL (Pranc\u016bzijos duomen\u0173 apsaugos agent\u016brai). U\u017eklausai pateikti pra\u0161ome naudoti kontaktin\u0119 form\u0105 (https:\/\/www.litchema.lt\/susisiekite_us_polietilenui_- polipropilenas_polistirenas_pvc_ir_kiti\/) arba atsi\u0173skite j\u0105 nurodytu adresu<\/span><\/p>\r\n<p><span style=\"font-weight: 400;\">UAB &#8222;Litchema&#8221;<\/span><\/p>\r\n<p><span style=\"font-weight: 400;\">Savanoriu pr. 166 LT-44149 Kaunas, Lithuania info@litchema.lt<\/span><\/p>\r\n<p>[\/vc_column_text][\/vc_column][\/vc_row][vc_row][vc_column][vc_empty_space height=&#8221;64px&#8221;][\/vc_column][\/vc_row]<\/p>","protected":false},"excerpt":{"rendered":"<p>[vc_row el_class=&#8221;lineritb&#8221;][vc_column][vc_column_text] Asmens duomen\u0173 apsaugos ir slapuk\u0173 politika Sveiki atvyk\u0119 \u012f svetain\u0119 www.litchema.lt (toliau \u2013 svetain\u0117). Prisijungdami prie svetain\u0117s arba nar\u0161ydami svetain\u0117je sutinkate, kad perskait\u0117te, supratote ir be joki\u0173 apribojim\u0173 ar i\u0161lyg\u0173 sutikote su asmens duomen\u0173 ir slapuk\u0173 valdymo politika (toliau \u2013 politika) ir m\u016bs\u0173&#8230;<\/p>\n","protected":false},"author":1,"featured_media":0,"parent":0,"menu_order":0,"comment_status":"closed","ping_status":"open","template":"","meta":{"footnotes":""},"class_list":["post-4527","page","type-page","status-publish","hentry"],"_links":{"self":[{"href":"https:\/\/www.litchema.lt\/lt\/wp-json\/wp\/v2\/pages\/4527","targetHints":{"allow":["GET"]}}],"collection":[{"href":"https:\/\/www.litchema.lt\/lt\/wp-json\/wp\/v2\/pages"}],"about":[{"href":"https:\/\/www.litchema.lt\/lt\/wp-json\/wp\/v2\/types\/page"}],"author":[{"embeddable":true,"href":"https:\/\/www.litchema.lt\/lt\/wp-json\/wp\/v2\/users\/1"}],"replies":[{"embeddable":true,"href":"https:\/\/www.litchema.lt\/lt\/wp-json\/wp\/v2\/comments?post=4527"}],"version-history":[{"count":3,"href":"https:\/\/www.litchema.lt\/lt\/wp-json\/wp\/v2\/pages\/4527\/revisions"}],"predecessor-version":[{"id":5163,"href":"https:\/\/www.litchema.lt\/lt\/wp-json\/wp\/v2\/pages\/4527\/revisions\/5163"}],"wp:attachment":[{"href":"https:\/\/www.litchema.lt\/lt\/wp-json\/wp\/v2\/media?parent=4527"}],"curies":[{"name":"wp","href":"https:\/\/api.w.org\/{rel}","templated":true}]}}