{"id":4531,"date":"2023-04-05T08:16:27","date_gmt":"2023-04-05T08:16:27","guid":{"rendered":"https:\/\/www.litchema.lt\/produktai\/pe-polyethylene\/"},"modified":"2023-10-19T10:48:31","modified_gmt":"2023-10-19T10:48:31","slug":"pe-polietilenas","status":"publish","type":"page","link":"https:\/\/www.litchema.lt\/lt\/produktai\/pe-polietilenas\/","title":{"rendered":"PE Polietilenas"},"content":{"rendered":"<p>[vc_row content_width=&#8221;grid&#8221; css=&#8221;.vc_custom_1680693486844{padding-top: 0px !important;padding-bottom: 30px !important;}&#8221;][vc_column]<div class=\"mkd-elements-holder mkd-two-columns mkd-responsive-mode-768\" ><div class=\"mkd-elements-holder-item \"  >\n\t<div class=\"mkd-elements-holder-item-inner\">\n\t\t<div class=\"mkd-elements-holder-item-content mkd-elements-holder-custom-917147\" style=\"padding: 0 4% 0 0\">\n\t\t\t\t\t\t[vc_column_text]<\/p>\n<h4>Polietilenas<\/h4>\n<p>[\/vc_column_text]<div class=\"mkd-separator-holder clearfix  mkd-separator-left\">\n\t<div class=\"mkd-separator\" style=\"border-color: #fdc94b;width: 40px;border-bottom-width: 3px;margin-top: 19px;margin-bottom: 10px\"><\/div>\n<\/div>\n[vc_column_text]<\/p>\n<p style=\"text-align: left;\"><span lang=\"EN-US\">Polietilenas LDPE yra polimeras, kurio tankis paprastai b\u016bna diapazone &#8211;\u00a0 0,910 &#8211; 0,940 g\/cm3. \u017demo tankio polietilenas (LDPE, Low density polyethene) sudarytas i\u0161 labai \u0161akot\u0173 makromolekuli\u0173. Polietilenas HDPE yra polimeras, kurio tankis paprastai b\u016bna diapazone 0,941 &#8211; 0,965 g\/cm3. Auk\u0161to tankio polietilenas (HDPE, High density polyethene) sudarytas i\u0161 ilg\u0173 ma\u017eai \u0161akot\u0173 molekuli\u0173, kurios suglunda labai tankiai, tarp j\u0173 susidaro tarpmolekulin\u0117s traukos ry\u0161iai.<br \/>\nPolitilenas pagal paplitim\u0105 buityje ir pramon\u0117je da\u017eniausiai b\u016bna:<br \/>\n&#8211; Polietilenas LDPE ir HDPE ekstr\u016bzinis &#8211; vamzdinis;<br \/>\n&#8211; Polietilenas LDPE ir HDPE p\u016btiminis &#8211; pl\u0117velinis;<br \/>\n&#8211; Polietilenas LDPE ir HDPE p\u016btiminis -buteliuk\u0173 gamybai;<br \/>\n&#8211; Polietilenas LDPE ir HDPE liejiminis.<\/span><\/p>\n<p>[\/vc_column_text]\t\t<\/div>\n\t<\/div>\n<\/div><div class=\"mkd-elements-holder-item \"  style=\"background-image: url(https:\/\/www.litchema.lt\/wp-content\/uploads\/2023\/05\/PE-Pirmas.jpg)\">\n\t<div class=\"mkd-elements-holder-item-inner\">\n\t\t<div class=\"mkd-elements-holder-item-content mkd-elements-holder-custom-495236\" style=\"padding: 25px 0 0 3%\">\n\t\t\t\t\t\t<style type=\"text\/css\" data-type=\"mkd-elements-custom-padding\" scoped>\n                \t\t\t\t\t\t\t\t\t\t\t\t\t\t\t\t@media only screen and (min-width: 600px) and (max-width: 768px) {\n\t\t\t\t\t.mkd-elements-holder-item-content.mkd-elements-holder-custom-495236 {\n\t\t\t\t\t\tpadding: 30% 0 30% 0% !important;\n\t\t\t\t\t}\n\t\t\t\t}\n\t\t\t\t\t\t\t\t\t\t\t\t\t\t\t\t@media only screen and (max-width: 480px) {\n\t\t\t\t\t.mkd-elements-holder-item-content.mkd-elements-holder-custom-495236 {\n\t\t\t\t\t\tpadding: 30% 0 30% 0% !important;\n\t\t\t\t\t}\n\t\t\t\t}\n\t\t\t\t\t\t\t\t<\/style>\n\t\t\t\t\t\t\t\t<\/div>\n\t<\/div>\n<\/div><\/div>[\/vc_column][\/vc_row][vc_row css=&#8221;.vc_custom_1680693583475{padding-top: 50px !important;padding-bottom: 90px !important;}&#8221;][vc_column width=&#8221;1\/4&#8243;][vc_single_image image=&#8221;3647&#8243; img_size=&#8221;large&#8221;][vc_empty_space height=&#8221;15px&#8221;][vc_single_image image=&#8221;3645&#8243; img_size=&#8221;large&#8221;][vc_empty_space height=&#8221;15px&#8221;][vc_single_image image=&#8221;3666&#8243; img_size=&#8221;large&#8221;][\/vc_column][vc_column width=&#8221;3\/4&#8243;][vc_column_text]<\/p>\n<h4>Apie LDPE \u2013 ma\u017eo tankio polietilen\u0105<\/h4>\n<p>Polietilenas LDPE pasi\u017eymi dideliu trump\u0173 ir ilg\u0173 grandini\u0173 i\u0161si\u0161akojimu. Tai vienas papras\u010diausi\u0173 ir labiausiai paplitusi\u0173 polimer\u0173. Tod\u0117l jo tarpmolekulin\u0117s j\u0117gos yra ma\u017eesn\u0117s, nes momentin\u0117 dipolio indukcinio dipolio trauka yra ma\u017eesn\u0117. D\u0117l to suma\u017e\u0117ja tempiamasis stipris ir padid\u0117ja elastingumas. LDPE susidaro laisv\u0173j\u0173 radikal\u0173 polimerizacijos b\u016bdu. Didelis i\u0161si\u0161akojimas ilgomis grandin\u0117mis suteikia i\u0161lydytam LDPE unikalioms ir pageidaujamoms tek\u0117jimo savyb\u0117ms. LDPE naudojamas tiek kietiems konteineriams, tiek plastikinei pl\u0117velei, pavyzd\u017eiui, plastikiniams mai\u0161eliams ir pl\u0117vel\u0117s \u012fvyniojimui.<br \/>\nLDPE polietilenas yra da\u017eniausiai pramoniniu b\u016bdu gaminamas plastikas. \u012evairios polietileno r\u016b\u0161ys \u017eenklinamos pagal j\u0173 tank\u012f. Ma\u017eo tankio polietilenas, t. y. polietilenas, kurio tankis yra nuo 0,91 iki 0,94 g\/cm\u00b3, paprastai vadinamas LDPE. LDPE daugiausia naudojamas gaminiams pakuoti. Pasaulin\u0117s pajamos, gautos naudojant LDPE, 2013 m. siek\u0117 beveik 33 milijardus JAV doleri\u0173, o rinkos tyrimai tikisi, kad pardavimai padid\u0117s 1,5 % per metus. iki 2021 m.<br \/>\nLDPE da\u017eniausiai naudojamas pl\u0117vel\u0117ms gaminti. Apie 63 % visos paklausos susidaro pl\u0117veli\u0173 gamyba, o did\u017eiausi\u0105 rinkos dal\u012f \u0161iame sektoriuje u\u017eima pakavimo pl\u0117vel\u0117s. Antroje ir tre\u010dioje vietoje yra krep\u0161iai ir mai\u0161ai bei kiti filmai. Kitos svarbios taikymo sritys yra stand\u017eios pakuot\u0117s ir statybos produktai. Pasauliniu mastu, nauj\u0173 investicij\u0173 \u012f infrastrukt\u016bros projektus d\u0117ka statybos produkt\u0173 segmentas si\u016blo did\u017eiausi\u0105 artimiausi\u0173 keleri\u0173 met\u0173 augimo potencial\u0105. Kita vertus, Azijoje b\u016btent pl\u0117vel\u0117s, ypa\u010d LDPE pakavimo pl\u0117vel\u0117s, turi did\u017eiausi\u0105 augimo potencial\u0105, nes Azijos \u0161alys vis labiau prisitaiko prie vakarieti\u0161k\u0173 fasuot\u0173 maisto produkt\u0173 standart\u0173.<br \/>\nPasauliniu lygmeniu, pl\u0117vel\u0117s ekstruzija yra labiausiai paplitusi LDPE apdorojimo technologija. Kitos technologijos, b\u016btent ekstruzinis padengimas, liejimas \u012fpur\u0161kimu ir kiti procesai, tokie kaip formavimas p\u016btimu ir rotacinis formavimas, u\u017eima tik 37 % rinkos. \u012evairiuose pasaulio regionuose apdirbimo technologijos skiriasi tik nedideliais skirtumais. Pavyzd\u017eiui, \u0160iaur\u0117s Amerikoje neproporcingai da\u017enai naudojama ekstruzin\u0117 danga, o Ryt\u0173 Europos \u0161alys didelius kiekius LDPE naudoja ne tik pl\u0117veli\u0173 ekstruzijoje, bet ir liejimui.<\/p>\n<p>Plastikas i\u0161populiar\u0117jo Antrojo pasaulinio karo metais, pirmiausia kaip povandeninio kabelio danga, o v\u0117liau kaip svarbi izoliacin\u0117 med\u017eiaga tokioms svarbioms karin\u0117ms reikm\u0117ms kaip radaro kabelis. Tik karo pabaigoje plastikas buvo atimtas ir i\u0161leistas vartotojams. Nuo to laiko jo populiarumas tiek vartotoj\u0173, tiek pramon\u0117s reikm\u0117ms buvo toks \u012fsp\u016bdingas, kad polietilenas tapo pirmuoju plastiku JAV, parduodan\u010diu daugiau nei 1 milijard\u0105 svar\u0173 per metus. \u0160iandien tai vis dar yra did\u017eiausio t\u016brio plastikas pasaulyje. Polietileno panaudojimo galimyb\u0117s yra \u012fvairios, \u012fskaitant: pakavimo pl\u0117veles; \u0161iuk\u0161li\u0173, drabu\u017ei\u0173, bakal\u0117jos ir pirkini\u0173 krep\u0161iai; formuoti nam\u0173 apyvokos reikmenys; \u017eaislai; konteineriai; vamzdis; b\u016bgnai; benzino bakai; dangos ir daugelis kit\u0173. Polietilenas yra termoplastin\u0117s dervos, gaunamos polimerizuojant etileno dujas [C2H4]. Ma\u017eos molekulin\u0117s mas\u0117s etileno polimerai yra skys\u010diai, naudojami kaip tepalai; vidutinio svorio polimerai yra va\u0161kai, mai\u0161omi su parafinu; o didel\u0117s molekulin\u0117s mas\u0117s polimerai (t.y. daugiau nei 6000) yra med\u017eiagos, naudojamos plastiko pramon\u0117je.<\/p>\n<p>Polimerai, kuri\u0173 tankis svyruoja nuo ma\u017edaug 0,910 iki 0,925, vadinami ma\u017eo tankio; tie, kuri\u0173 tankis nuo .926 iki .940, vadinami vidutiniu tankiu; o nuo .941 iki .965 ir daugiau vadinami dideliu tankiu. Ma\u017eo tankio tipai polimerizuojami esant labai auk\u0161tam sl\u0117giui ir temperat\u016brai, o didelio tankio tipai santykinai \u017eemai temperat\u016brai ir sl\u0117giui. Santykinai naujas tipas, vadinamas linijiniu ma\u017eo tankio polietilenu, gaminamas \u012fvairiais procesais: duj\u0173 faz\u0117s, tirpalo, suspensijos arba auk\u0161to sl\u0117gio konversijos b\u016bdu. Didelio efektyvumo katalizatoriaus sistema padeda polimerizuoti etilen\u0105 ir leid\u017eia pasiekti \u017eemesn\u0119 temperat\u016br\u0105 ir sl\u0117g\u012f, nei reikia gaminant \u012fprast\u0105 ma\u017eo tankio polietilen\u0105. Etileno kopolimerai su vinilo acetatu, etilo akrilatu ir akrilo r\u016bg\u0161timi yra komerci\u0161kai svarb\u016bs.[\/vc_column_text][\/vc_column][\/vc_row]<\/p>\n","protected":false},"excerpt":{"rendered":"<p>[vc_row content_width=&#8221;grid&#8221; css=&#8221;.vc_custom_1680693486844{padding-top: 0px !important;padding-bottom: 30px !important;}&#8221;][vc_column][\/vc_column][\/vc_row][vc_row css=&#8221;.vc_custom_1680693583475{padding-top: 50px !important;padding-bottom: 90px !important;}&#8221;][vc_column width=&#8221;1\/4&#8243;][vc_single_image image=&#8221;3647&#8243; img_size=&#8221;large&#8221;][vc_empty_space height=&#8221;15px&#8221;][vc_single_image image=&#8221;3645&#8243; img_size=&#8221;large&#8221;][vc_empty_space height=&#8221;15px&#8221;][vc_single_image image=&#8221;3666&#8243; img_size=&#8221;large&#8221;][\/vc_column][vc_column width=&#8221;3\/4&#8243;][vc_column_text] Apie LDPE \u2013 ma\u017eo tankio polietilen\u0105 Polietilenas LDPE pasi\u017eymi dideliu trump\u0173 ir ilg\u0173 grandini\u0173 i\u0161si\u0161akojimu. Tai vienas papras\u010diausi\u0173 ir labiausiai paplitusi\u0173 polimer\u0173. Tod\u0117l&#8230;<\/p>\n","protected":false},"author":1,"featured_media":0,"parent":4116,"menu_order":0,"comment_status":"closed","ping_status":"closed","template":"","meta":{"footnotes":""},"class_list":["post-4531","page","type-page","status-publish","hentry"],"_links":{"self":[{"href":"https:\/\/www.litchema.lt\/lt\/wp-json\/wp\/v2\/pages\/4531","targetHints":{"allow":["GET"]}}],"collection":[{"href":"https:\/\/www.litchema.lt\/lt\/wp-json\/wp\/v2\/pages"}],"about":[{"href":"https:\/\/www.litchema.lt\/lt\/wp-json\/wp\/v2\/types\/page"}],"author":[{"embeddable":true,"href":"https:\/\/www.litchema.lt\/lt\/wp-json\/wp\/v2\/users\/1"}],"replies":[{"embeddable":true,"href":"https:\/\/www.litchema.lt\/lt\/wp-json\/wp\/v2\/comments?post=4531"}],"version-history":[{"count":6,"href":"https:\/\/www.litchema.lt\/lt\/wp-json\/wp\/v2\/pages\/4531\/revisions"}],"predecessor-version":[{"id":5132,"href":"https:\/\/www.litchema.lt\/lt\/wp-json\/wp\/v2\/pages\/4531\/revisions\/5132"}],"up":[{"embeddable":true,"href":"https:\/\/www.litchema.lt\/lt\/wp-json\/wp\/v2\/pages\/4116"}],"wp:attachment":[{"href":"https:\/\/www.litchema.lt\/lt\/wp-json\/wp\/v2\/media?parent=4531"}],"curies":[{"name":"wp","href":"https:\/\/api.w.org\/{rel}","templated":true}]}}