{"id":4535,"date":"2023-04-05T08:17:42","date_gmt":"2023-04-05T08:17:42","guid":{"rendered":"https:\/\/www.litchema.lt\/produktai\/ps-polystyrene\/"},"modified":"2023-10-19T13:42:31","modified_gmt":"2023-10-19T13:42:31","slug":"ps-polystyrene","status":"publish","type":"page","link":"https:\/\/www.litchema.lt\/lt\/produktai\/ps-polystyrene\/","title":{"rendered":"PS Polistirenas"},"content":{"rendered":"<p>[vc_row content_width=&#8221;grid&#8221; css=&#8221;.vc_custom_1680693486844{padding-top: 0px !important;padding-bottom: 30px !important;}&#8221;][vc_column]<div class=\"mkd-elements-holder mkd-two-columns mkd-responsive-mode-768\" ><div class=\"mkd-elements-holder-item \"  >\n\t<div class=\"mkd-elements-holder-item-inner\">\n\t\t<div class=\"mkd-elements-holder-item-content mkd-elements-holder-custom-550185\" style=\"padding: 0 4% 0 0\">\n\t\t\t\t\t\t[vc_column_text]<\/p>\n<h4>Polistirenas (PS)<\/h4>\n<p>[\/vc_column_text]<div class=\"mkd-separator-holder clearfix  mkd-separator-left\">\n\t<div class=\"mkd-separator\" style=\"border-color: #fdc94b;width: 40px;border-bottom-width: 3px;margin-top: 19px;margin-bottom: 10px\"><\/div>\n<\/div>\n[vc_column_text]<\/p>\n<section class=\"container\">\n<div class=\"row\">\n<div class=\"full-width-text spb_content_element col-sm-12 spb_text_column\">\n<div class=\"spb_wrapper clearfix\">\n<section class=\"container\">\n<div class=\"row\">\n<div class=\"spb_content_element col-sm-12 spb_text_column\">\n<div class=\"spb_wrapper clearfix\">\n<p><strong>Polistirenas<\/strong><\/p>\n<p>Polistirenas (pasen\u0119s terminas polistirolas) \u2013 aromatinis polimeras, sudarytas i\u0161 stireno (stirolo) monomer\u0173. Polietirenas skirstomas \u012f kietuosius (sm\u016bgiams atsparius ir standartinius, kitaip vadinamus skaidrius) ir i\u0161p\u016bstus dujomis.<br \/>\nUAB \u201cLitchema\u201d gali pasiulyti \u0161ias polistireno r\u016b\u0161is<br \/>\n\u2013 Polistirenas sm\u016bgiams atsparus HIPS;<br \/>\n\u2013\u00a0Polistirenas standartinis, skaidrus GPPS;<br \/>\n\u2013 Polistirenas pl\u0117trusis EPS.<\/p>\n<p><strong>UAB \u201dLitchema\u201d si\u016blo \u0161i\u0173 pagrindini\u0173 pasaulini\u0173 gamintoj\u0173 polistiren\u0105:<\/strong><\/p>\n<p>\u2013 TOTAL PETROCHEMICALS;<br \/>\n\u2013 STYROLUTION;<br \/>\n\u2013 SYNTHOS.<\/p>\n<\/div>\n<\/div>\n<\/div>\n<\/section>\n<\/div>\n<\/div>\n<\/div>\n<\/section>\n<p>[\/vc_column_text]\t\t<\/div>\n\t<\/div>\n<\/div><div class=\"mkd-elements-holder-item \"  style=\"background-image: url(https:\/\/www.litchema.lt\/wp-content\/uploads\/2023\/05\/PS-Pirmas.jpg)\">\n\t<div class=\"mkd-elements-holder-item-inner\">\n\t\t<div class=\"mkd-elements-holder-item-content mkd-elements-holder-custom-373769\" style=\"padding: 25px 0 0 3%\">\n\t\t\t\t\t\t<style type=\"text\/css\" data-type=\"mkd-elements-custom-padding\" scoped>\n                \t\t\t\t\t\t\t\t\t\t\t\t\t\t\t\t@media only screen and (min-width: 600px) and (max-width: 768px) {\n\t\t\t\t\t.mkd-elements-holder-item-content.mkd-elements-holder-custom-373769 {\n\t\t\t\t\t\tpadding: 30% 0 30% 0% !important;\n\t\t\t\t\t}\n\t\t\t\t}\n\t\t\t\t\t\t\t\t\t\t\t\t\t\t\t\t@media only screen and (max-width: 480px) {\n\t\t\t\t\t.mkd-elements-holder-item-content.mkd-elements-holder-custom-373769 {\n\t\t\t\t\t\tpadding: 30% 0 30% 0% !important;\n\t\t\t\t\t}\n\t\t\t\t}\n\t\t\t\t\t\t\t\t<\/style>\n\t\t\t\t\t\t\t\t<\/div>\n\t<\/div>\n<\/div><\/div>[\/vc_column][\/vc_row][vc_row css=&#8221;.vc_custom_1680693583475{padding-top: 50px !important;padding-bottom: 90px !important;}&#8221;][vc_column width=&#8221;1\/4&#8243;][vc_single_image image=&#8221;3655&#8243; img_size=&#8221;large&#8221;][vc_empty_space height=&#8221;15px&#8221;][vc_single_image image=&#8221;3654&#8243; img_size=&#8221;large&#8221;][vc_empty_space height=&#8221;15px&#8221;][vc_single_image image=&#8221;3661&#8243; img_size=&#8221;large&#8221;][\/vc_column][vc_column width=&#8221;3\/4&#8243;][vc_column_text]<\/p>\n<h4>Apie Polistiren\u0105 (PS)<\/h4>\n<p>Polistirenas (PS) yra aromatinis polimeras, pagamintas i\u0161 aromatinio monomero stireno, skysto angliavandenilio, kur\u012f komerci\u0161kai chemijos pramon\u0117 gamina i\u0161 naftos. Polistirenas yra viena i\u0161 pla\u010diausiai naudojam\u0173 plastiko r\u016b\u0161i\u0173. Polistirenas yra termoplastin\u0117 med\u017eiaga, kuri kambario temperat\u016broje yra kietos (stiklin\u0117s) b\u016bsenos, ta\u010diau teka, kai kaitinama vir\u0161 stikl\u0117jimo temperat\u016bros, o atv\u0117susi v\u0117l tampa kieta. Grynas kietas polistirenas yra bespalvis kietas plastikas, kurio lankstumas yra ribotas. Jis gali b\u016bti i\u0161lietas \u012f formas su smulkiomis detal\u0117mis. Polistirenas (PS) gali b\u016bti skaidrus arba gali b\u016bti \u012fvairi\u0173 spalv\u0173. Chemin\u0117 polistireno sud\u0117tis yra ilgos grandin\u0117s angliavandeniliai, kuri\u0173 kiekviena kita anglis yra sujungta su fenilo grupe.[\/vc_column_text][\/vc_column][\/vc_row]<\/p>\n","protected":false},"excerpt":{"rendered":"<p>[vc_row content_width=&#8221;grid&#8221; css=&#8221;.vc_custom_1680693486844{padding-top: 0px !important;padding-bottom: 30px !important;}&#8221;][vc_column][\/vc_column][\/vc_row][vc_row css=&#8221;.vc_custom_1680693583475{padding-top: 50px !important;padding-bottom: 90px !important;}&#8221;][vc_column width=&#8221;1\/4&#8243;][vc_single_image image=&#8221;3655&#8243; img_size=&#8221;large&#8221;][vc_empty_space height=&#8221;15px&#8221;][vc_single_image image=&#8221;3654&#8243; img_size=&#8221;large&#8221;][vc_empty_space height=&#8221;15px&#8221;][vc_single_image image=&#8221;3661&#8243; img_size=&#8221;large&#8221;][\/vc_column][vc_column width=&#8221;3\/4&#8243;][vc_column_text] Apie Polistiren\u0105 (PS) Polistirenas (PS) yra aromatinis polimeras, pagamintas i\u0161 aromatinio monomero stireno, skysto angliavandenilio, kur\u012f komerci\u0161kai chemijos pramon\u0117 gamina i\u0161 naftos. Polistirenas&#8230;<\/p>\n","protected":false},"author":1,"featured_media":0,"parent":4116,"menu_order":0,"comment_status":"closed","ping_status":"closed","template":"","meta":{"footnotes":""},"class_list":["post-4535","page","type-page","status-publish","hentry"],"_links":{"self":[{"href":"https:\/\/www.litchema.lt\/lt\/wp-json\/wp\/v2\/pages\/4535","targetHints":{"allow":["GET"]}}],"collection":[{"href":"https:\/\/www.litchema.lt\/lt\/wp-json\/wp\/v2\/pages"}],"about":[{"href":"https:\/\/www.litchema.lt\/lt\/wp-json\/wp\/v2\/types\/page"}],"author":[{"embeddable":true,"href":"https:\/\/www.litchema.lt\/lt\/wp-json\/wp\/v2\/users\/1"}],"replies":[{"embeddable":true,"href":"https:\/\/www.litchema.lt\/lt\/wp-json\/wp\/v2\/comments?post=4535"}],"version-history":[{"count":7,"href":"https:\/\/www.litchema.lt\/lt\/wp-json\/wp\/v2\/pages\/4535\/revisions"}],"predecessor-version":[{"id":5151,"href":"https:\/\/www.litchema.lt\/lt\/wp-json\/wp\/v2\/pages\/4535\/revisions\/5151"}],"up":[{"embeddable":true,"href":"https:\/\/www.litchema.lt\/lt\/wp-json\/wp\/v2\/pages\/4116"}],"wp:attachment":[{"href":"https:\/\/www.litchema.lt\/lt\/wp-json\/wp\/v2\/media?parent=4535"}],"curies":[{"name":"wp","href":"https:\/\/api.w.org\/{rel}","templated":true}]}}