{"id":4537,"date":"2023-04-05T08:16:55","date_gmt":"2023-04-05T08:16:55","guid":{"rendered":"https:\/\/www.litchema.lt\/produktai\/pvc-polyvinyl-chloride\/"},"modified":"2024-05-13T12:02:55","modified_gmt":"2024-05-13T12:02:55","slug":"pvc-polyvinyl-chloride","status":"publish","type":"page","link":"https:\/\/www.litchema.lt\/lt\/produktai\/pvc-polyvinyl-chloride\/","title":{"rendered":"PVC Polivinilchloridas"},"content":{"rendered":"<p>[vc_row content_width=&#8221;grid&#8221; css=&#8221;.vc_custom_1680693486844{padding-top: 0px !important;padding-bottom: 30px !important;}&#8221;][vc_column]<div class=\"mkd-elements-holder mkd-two-columns mkd-responsive-mode-768\" ><div class=\"mkd-elements-holder-item \"  >\n\t<div class=\"mkd-elements-holder-item-inner\">\n\t\t<div class=\"mkd-elements-holder-item-content mkd-elements-holder-custom-382275\" style=\"padding: 0 4% 0 0\">\n\t\t\t\t\t\t[vc_column_text]<\/p>\n<h4>Polivinilchloridas (PVC)<\/h4>\n<p>[\/vc_column_text]<div class=\"mkd-separator-holder clearfix  mkd-separator-left\">\n\t<div class=\"mkd-separator\" style=\"border-color: #fdc94b;width: 40px;border-bottom-width: 3px;margin-top: 19px;margin-bottom: 10px\"><\/div>\n<\/div>\n[vc_column_text]<\/p>\n<section class=\"container\">\n<div class=\"row\">\n<div class=\"full-width-text spb_content_element col-sm-12 spb_text_column\">\n<div class=\"spb_wrapper clearfix\">\n<section class=\"container\">\n<div class=\"row\">\n<div class=\"spb_content_element col-sm-12 spb_text_column\">\n<div class=\"spb_wrapper clearfix\">\n<p>Polivinilchloridas, sutrumpintai PVC \u2013 gana pla\u010diai paplit\u0119s ir populiarus plastikas. I\u0161 jo da\u017enai gamina automobili\u0173, pastat\u0173 vidin\u0117s apdailos detales, vamzd\u017eius, elektros laid\u0173 izoliuojan\u010dias dangas ir kitus produktus. Polivinilchloridas yra gaminamas i\u0161 jo monomero vinilo chlorido. Grynas polivinilchloridas yra kietas plastikas, tod\u0117l da\u017eniausiai mink\u0161tinamas ftalat\u0173, dar kitaip vadinam\u0173 plastifikatoriais, priedais.<br \/>\nPVC med\u017eiaga, polivinilchloridas pagal savo form\u0105 ir panaudojim\u0105 buityje skirstomas:<br \/>\n\u2013 PVC med\u017eiaga suspensin\u0117<br \/>\n\u2013 PVC med\u017eiaga emulsin\u0117<br \/>\n\u2013 PVC\u00a0med\u017eiaga vamzdin\u0117<br \/>\n\u2013 PVC med\u017eiaga pl\u0117velin\u0117<br \/>\n\u2013 PVC\u00a0med\u017eiaga panelin\u0117<\/p>\n<\/div>\n<\/div>\n<\/div>\n<\/section>\n<section class=\"container\">\n<div class=\"row\">\n<div class=\"spb_content_element col-sm-6 spb_text_column\">\n<div class=\"spb_wrapper clearfix\">\n<p><strong>UAB \u201dLitchema\u201d si\u016blo \u0161i\u0173 pagrindini\u0173 pasaulini\u0173 gamintoj\u0173 polistiren\u0105:<\/strong><\/p>\n<p><em>\u2013 INEOS<br \/>\n<\/em><em>\u2013 VINNOLIT<br \/>\n\u2013\u00a0BorsodChem Zrt<\/em><\/p>\n<\/div>\n<\/div>\n<\/div>\n<\/section>\n<\/div>\n<\/div>\n<\/div>\n<\/section>\n<p>[\/vc_column_text]\t\t<\/div>\n\t<\/div>\n<\/div><div class=\"mkd-elements-holder-item \"  style=\"background-image: url(https:\/\/www.litchema.lt\/wp-content\/uploads\/2023\/05\/PVC-pirmas.jpg)\">\n\t<div class=\"mkd-elements-holder-item-inner\">\n\t\t<div class=\"mkd-elements-holder-item-content mkd-elements-holder-custom-235694\" style=\"padding: 25px 0 0 3%\">\n\t\t\t\t\t\t<style type=\"text\/css\" data-type=\"mkd-elements-custom-padding\" scoped>\n                \t\t\t\t\t\t\t\t\t\t\t\t\t\t\t\t@media only screen and (min-width: 600px) and (max-width: 768px) {\n\t\t\t\t\t.mkd-elements-holder-item-content.mkd-elements-holder-custom-235694 {\n\t\t\t\t\t\tpadding: 30% 0 30% 0% !important;\n\t\t\t\t\t}\n\t\t\t\t}\n\t\t\t\t\t\t\t\t\t\t\t\t\t\t\t\t@media only screen and (max-width: 480px) {\n\t\t\t\t\t.mkd-elements-holder-item-content.mkd-elements-holder-custom-235694 {\n\t\t\t\t\t\tpadding: 30% 0 30% 0% !important;\n\t\t\t\t\t}\n\t\t\t\t}\n\t\t\t\t\t\t\t\t<\/style>\n\t\t\t\t\t\t\t\t<\/div>\n\t<\/div>\n<\/div><\/div>[\/vc_column][\/vc_row][vc_row css=&#8221;.vc_custom_1680693583475{padding-top: 50px !important;padding-bottom: 90px !important;}&#8221;][vc_column width=&#8221;1\/4&#8243;][vc_single_image image=&#8221;3659&#8243; img_size=&#8221;large&#8221;][vc_empty_space height=&#8221;15px&#8221;][vc_single_image image=&#8221;3657&#8243; img_size=&#8221;large&#8221;][vc_empty_space height=&#8221;15px&#8221;][vc_single_image image=&#8221;3669&#8243; img_size=&#8221;large&#8221;][\/vc_column][vc_column width=&#8221;3\/4&#8243;][vc_column_text]<strong>Apie Polivinilchlorid\u0105 (PVC)<\/strong><\/p>\n<p>Polivinilchloridas\u00a0(PVC) yra termoplastinis polimeras. Tai vinilo polimeras, sudarytas i\u0161 pasikartojan\u010di\u0173 vinilo grupi\u0173 (etenil\u0173), kuri\u0173 vienas i\u0161 j\u0173 vandenilio yra pakeistas chlorido grupe. Polivinilchloridas (PVC) yra tre\u010dias pla\u010diausiai gaminamas plastikas po polietileno ir polipropileno. PVC pla\u010diai naudojamas statybose, nes yra pigus, patvarus ir lengvai surenkamas. Tikimasi, kad iki 2016 met\u0173 PVC gamyba vir\u0161ys 40 mln.<\/p>\n<p>D\u0117l PVC \u00a0savybi\u0173 jis tinka \u012fvairioms reikm\u0117ms. Jis yra biologi\u0161kai ir chemi\u0161kai atsparus, tod\u0117l yra pasirinktas plastikas daugeliui buitini\u0173 kanalizacijos vamzd\u017ei\u0173 ir kit\u0173 vamzd\u017ei\u0173, kur korozija apribot\u0173 metalo naudojim\u0105. Prid\u0117jus sm\u016bgio modifikatori\u0173 ir stabilizatori\u0173, jis tampa populiari lang\u0173 ir dur\u0173 r\u0117m\u0173 med\u017eiaga. . Prid\u0117jus plastifikatori\u0173, jis gali tapti pakankamai lankstus, kad b\u016bt\u0173 naudojamas kaip laid\u0173 izoliatorius. Jis taip pat naudojamas vinilin\u0117ms plok\u0161tel\u0117ms gaminti.[\/vc_column_text][\/vc_column][\/vc_row]<\/p>\n","protected":false},"excerpt":{"rendered":"<p>[vc_row content_width=&#8221;grid&#8221; css=&#8221;.vc_custom_1680693486844{padding-top: 0px !important;padding-bottom: 30px !important;}&#8221;][vc_column][\/vc_column][\/vc_row][vc_row css=&#8221;.vc_custom_1680693583475{padding-top: 50px !important;padding-bottom: 90px !important;}&#8221;][vc_column width=&#8221;1\/4&#8243;][vc_single_image image=&#8221;3659&#8243; img_size=&#8221;large&#8221;][vc_empty_space height=&#8221;15px&#8221;][vc_single_image image=&#8221;3657&#8243; img_size=&#8221;large&#8221;][vc_empty_space height=&#8221;15px&#8221;][vc_single_image image=&#8221;3669&#8243; img_size=&#8221;large&#8221;][\/vc_column][vc_column width=&#8221;3\/4&#8243;][vc_column_text]Apie Polivinilchlorid\u0105 (PVC) Polivinilchloridas\u00a0(PVC) yra termoplastinis polimeras. Tai vinilo polimeras, sudarytas i\u0161 pasikartojan\u010di\u0173 vinilo grupi\u0173 (etenil\u0173), kuri\u0173 vienas i\u0161 j\u0173 vandenilio yra pakeistas chlorido&#8230;<\/p>\n","protected":false},"author":1,"featured_media":0,"parent":4116,"menu_order":0,"comment_status":"closed","ping_status":"closed","template":"","meta":{"footnotes":""},"class_list":["post-4537","page","type-page","status-publish","hentry"],"_links":{"self":[{"href":"https:\/\/www.litchema.lt\/lt\/wp-json\/wp\/v2\/pages\/4537","targetHints":{"allow":["GET"]}}],"collection":[{"href":"https:\/\/www.litchema.lt\/lt\/wp-json\/wp\/v2\/pages"}],"about":[{"href":"https:\/\/www.litchema.lt\/lt\/wp-json\/wp\/v2\/types\/page"}],"author":[{"embeddable":true,"href":"https:\/\/www.litchema.lt\/lt\/wp-json\/wp\/v2\/users\/1"}],"replies":[{"embeddable":true,"href":"https:\/\/www.litchema.lt\/lt\/wp-json\/wp\/v2\/comments?post=4537"}],"version-history":[{"count":6,"href":"https:\/\/www.litchema.lt\/lt\/wp-json\/wp\/v2\/pages\/4537\/revisions"}],"predecessor-version":[{"id":5155,"href":"https:\/\/www.litchema.lt\/lt\/wp-json\/wp\/v2\/pages\/4537\/revisions\/5155"}],"up":[{"embeddable":true,"href":"https:\/\/www.litchema.lt\/lt\/wp-json\/wp\/v2\/pages\/4116"}],"wp:attachment":[{"href":"https:\/\/www.litchema.lt\/lt\/wp-json\/wp\/v2\/media?parent=4537"}],"curies":[{"name":"wp","href":"https:\/\/api.w.org\/{rel}","templated":true}]}}